{"id":10469,"date":"2020-06-02T12:21:23","date_gmt":"2020-06-02T10:21:23","guid":{"rendered":"http:\/\/klubmamgdynia.pl\/index.php\/produkt\/quercetti-kolki-zielone-mozaika-pixel-art-1705\/"},"modified":"2026-04-24T05:18:20","modified_gmt":"2026-04-24T03:18:20","slug":"quercetti-kolki-zielone-mozaika-pixel-art-1705","status":"publish","type":"product","link":"http:\/\/klubmamgdynia.pl\/index.php\/produkt\/quercetti-kolki-zielone-mozaika-pixel-art-1705\/","title":{"rendered":"Quercetti Ko\u0142ki zielone Mozaika Pixel art (1705)"},"content":{"rendered":"<p>Ko\u0142ki do mozaiki PIXEL ART zielone  s\u0105 to ko\u0142eczki do uzupe\u0142nienia obrazu PHOTO PIXEL ART., w ilo\u015bci 400 sztuk o \u015brednicy -4mm.Produkt zapakowany w foliowy woreczek.Informacje o produkcieNr katalogowy1705Marka (Zabawki) BrakWymagania wiekowe od 5 latRodzaj (kreatywne) Do mozaikP\u0142e\u0107 (zabawki) Dziewczynki i ch\u0142opcyKolor (wyliczeniowy) ZielonyPozosta\u0142e parametryWymiary opakowania: 12 x 9 x 1,5 cm<\/p>\n<h2>Quercetti Ko\u0142ki zielone Mozaika Pixel art (1705) Dante<\/h2>\n<p>dyplomy dla przedszkolak\u00f3w do wydrukowania, podzi\u0119kowania dla nauczyciela cytaty, lol surprise kolorowanka, prezent na roczek nie zabawka, zagadki dla doros\u0142ych, harry potter kolorowanka, atrakcje dla dzieci warszawa i okolice<\/p>\n<p>yyyyy<\/p>\n<p>&nbsp;<\/p>\n","protected":false},"excerpt":{"rendered":"<p>Ko\u0142ki do mozaiki PIXEL ART zielone s\u0105 to ko\u0142eczki do uzupe\u0142nienia obrazu PHOTO PIXEL ART., w ilo\u015bci 400 sztuk o \u015brednicy -4mm.Produkt zapakowany w foliowy woreczek.Informacje o produkcieNr katalogowy1705Marka (Zabawki) BrakWymagania wiekowe od 5 latRodzaj (kreatywne) Do mozaikP\u0142e\u0107 (zabawki) Dziewczynki i ch\u0142opcyKolor (wyliczeniowy) ZielonyPozosta\u0142e parametryWymiary opakowania: 12 x 9 x 1,5 cm Quercetti Ko\u0142ki zielone [&hellip;]<\/p>\n","protected":false},"featured_media":10470,"comment_status":"closed","ping_status":"open","template":"","meta":[],"product_cat":[249,21],"product_tag":[610,778,635],"class_list":["post-10469","product","type-product","status-publish","has-post-thumbnail","hentry","product_cat-dante","product_cat-zabawki-plastyczne","product_tag-co-na-prezent-dla-nastolatkow","product_tag-zabawki-na-roczek-dla-chlopca","product_tag-znaki-drogowe-do-druku"],"_links":{"self":[{"href":"http:\/\/klubmamgdynia.pl\/index.php\/wp-json\/wp\/v2\/product\/10469","targetHints":{"allow":["GET"]}}],"collection":[{"href":"http:\/\/klubmamgdynia.pl\/index.php\/wp-json\/wp\/v2\/product"}],"about":[{"href":"http:\/\/klubmamgdynia.pl\/index.php\/wp-json\/wp\/v2\/types\/product"}],"replies":[{"embeddable":true,"href":"http:\/\/klubmamgdynia.pl\/index.php\/wp-json\/wp\/v2\/comments?post=10469"}],"wp:featuredmedia":[{"embeddable":true,"href":"http:\/\/klubmamgdynia.pl\/index.php\/wp-json\/wp\/v2\/media\/10470"}],"wp:attachment":[{"href":"http:\/\/klubmamgdynia.pl\/index.php\/wp-json\/wp\/v2\/media?parent=10469"}],"wp:term":[{"taxonomy":"product_cat","embeddable":true,"href":"http:\/\/klubmamgdynia.pl\/index.php\/wp-json\/wp\/v2\/product_cat?post=10469"},{"taxonomy":"product_tag","embeddable":true,"href":"http:\/\/klubmamgdynia.pl\/index.php\/wp-json\/wp\/v2\/product_tag?post=10469"}],"curies":[{"name":"wp","href":"https:\/\/api.w.org\/{rel}","templated":true}]}}