{"id":10471,"date":"2022-11-21T00:58:28","date_gmt":"2022-11-20T23:58:28","guid":{"rendered":"http:\/\/klubmamgdynia.pl\/?post_type=product&#038;p=10471"},"modified":"2026-04-28T16:59:05","modified_gmt":"2026-04-28T14:59:05","slug":"dante-pieczatki-5-szt-44-koty-5986-multiprint","status":"publish","type":"product","link":"http:\/\/klubmamgdynia.pl\/index.php\/produkt\/dante-pieczatki-5-szt-44-koty-5986-multiprint\/","title":{"rendered":"Dante Piecz\u0105tki 5 szt 44 Koty 5986 Multiprint"},"content":{"rendered":"<p>Piecz\u0105tki na licencji 44 Koty. W sk\u0142ad zestawu wchodz\u0105: 5 piecz\u0105tek, 1 poduszeczka do tuszu i 3 kredki&#8230;.<\/p>\n<h2>Dante Piecz\u0105tki 5 szt 44 Koty 5986 Multiprint Dante<\/h2>\n<p>znajd\u017a r\u00f3\u017cnice do druku, kiekrz, prezent dla 17 latka, jak narysowa\u0107 sanie miko\u0142aja, kr\u00f3tkie zagadki matematyczne z odpowiedziami, co kupi\u0107 nastolatkowi, wzruszaj\u0105ce s\u0142owa dla przyjaci\u00f3\u0142ki, test lew czarownica i stara szafa, malgorzata znaczenie imienia, ciekawe zagadki, wszystkie kraje \u015bwiata quiz, trudne zagadki logiczne, samoch\u00f3d kolorowanka do druku, zabawy miko\u0142ajkowe dla dzieci, cytaty z ma\u0142ego ksi\u0119cia o przyja\u017ani, zabawy ruchowe dla dzieci, trudne \u0142amig\u0142\u00f3wki<\/p>\n<p>yyyyy<\/p>\n<p>&nbsp;<\/p>\n","protected":false},"excerpt":{"rendered":"<p>Piecz\u0105tki na licencji 44 Koty. W sk\u0142ad zestawu wchodz\u0105: 5 piecz\u0105tek, 1 poduszeczka do tuszu i 3 kredki&#8230;. Dante Piecz\u0105tki 5 szt 44 Koty 5986 Multiprint Dante znajd\u017a r\u00f3\u017cnice do druku, kiekrz, prezent dla 17 latka, jak narysowa\u0107 sanie miko\u0142aja, kr\u00f3tkie zagadki matematyczne z odpowiedziami, co kupi\u0107 nastolatkowi, wzruszaj\u0105ce s\u0142owa dla przyjaci\u00f3\u0142ki, test lew czarownica [&hellip;]<\/p>\n","protected":false},"featured_media":10472,"comment_status":"closed","ping_status":"open","template":"","meta":[],"product_cat":[249,21],"product_tag":[583,690,800],"class_list":["post-10471","product","type-product","status-publish","has-post-thumbnail","hentry","product_cat-dante","product_cat-zabawki-plastyczne","product_tag-kolysanki-dla-dzieci-tekst","product_tag-pieski-male-dwa-tekst","product_tag-zagadki-smieszne"],"_links":{"self":[{"href":"http:\/\/klubmamgdynia.pl\/index.php\/wp-json\/wp\/v2\/product\/10471","targetHints":{"allow":["GET"]}}],"collection":[{"href":"http:\/\/klubmamgdynia.pl\/index.php\/wp-json\/wp\/v2\/product"}],"about":[{"href":"http:\/\/klubmamgdynia.pl\/index.php\/wp-json\/wp\/v2\/types\/product"}],"replies":[{"embeddable":true,"href":"http:\/\/klubmamgdynia.pl\/index.php\/wp-json\/wp\/v2\/comments?post=10471"}],"wp:featuredmedia":[{"embeddable":true,"href":"http:\/\/klubmamgdynia.pl\/index.php\/wp-json\/wp\/v2\/media\/10472"}],"wp:attachment":[{"href":"http:\/\/klubmamgdynia.pl\/index.php\/wp-json\/wp\/v2\/media?parent=10471"}],"wp:term":[{"taxonomy":"product_cat","embeddable":true,"href":"http:\/\/klubmamgdynia.pl\/index.php\/wp-json\/wp\/v2\/product_cat?post=10471"},{"taxonomy":"product_tag","embeddable":true,"href":"http:\/\/klubmamgdynia.pl\/index.php\/wp-json\/wp\/v2\/product_tag?post=10471"}],"curies":[{"name":"wp","href":"https:\/\/api.w.org\/{rel}","templated":true}]}}