{"id":10473,"date":"2021-01-01T08:14:43","date_gmt":"2021-01-01T07:14:43","guid":{"rendered":"http:\/\/klubmamgdynia.pl\/index.php\/produkt\/aladine-kredki-do-rysowania-w-wannie\/"},"modified":"2026-04-30T21:10:43","modified_gmt":"2026-04-30T19:10:43","slug":"aladine-kredki-do-rysowania-w-wannie","status":"publish","type":"product","link":"http:\/\/klubmamgdynia.pl\/index.php\/produkt\/aladine-kredki-do-rysowania-w-wannie\/","title":{"rendered":"Aladine Kredki Do Rysowania W Wannie"},"content":{"rendered":"<p>Zestaw kredek \u0142atwo zmywalnych w 10 kolorach. Kredki s\u0142u\u017c\u0105 do rysowania fantazyjnych obrazk\u00f3w w k\u0105pieli, zmieniaj\u0105c codzienn\u0105 czynno\u015b\u0107 w \u015bwietn\u0105 zabaw\u0119. Ka\u017cda ma plastikow\u0105 os\u0142onk\u0119, mechanizm do jej wysuwania i gumowy uchwyt pozwalaj\u0105cy na wygodne i pewne trzymanie kredki w mokrej d\u0142oni.Kredki zapakowane s\u0105 w plastikowe pude\u0142ko z wygodnym zamkni\u0119ciem, co u\u0142atwia przechowywanie ich w \u0142azience.Wymiary opakowania: 14,7&#215;10,9&#215;2,5 cm.Polecane od trzeciego roku \u017cycia.Made in China.<\/p>\n<h2>Aladine Kredki Do Rysowania W Wannie Aladine<\/h2>\n<p>pomys\u0142 na prezent dla nastolatk\u00f3w, warszawa dla dzieci, test z lektury dynastia mizio\u0142k\u00f3w, quizy geograficzne, maski do druku kolorowe, czapka g\u00f3rnika szablon chomikuj, prezent dla nastoletniego ch\u0142opca, eneduerabe, kolorowanka kotek, zagadki dla dzieci 9-10 lat z odpowiedziami<\/p>\n<p>yyyyy<\/p>\n<p>&nbsp;<\/p>\n","protected":false},"excerpt":{"rendered":"<p>Zestaw kredek \u0142atwo zmywalnych w 10 kolorach. Kredki s\u0142u\u017c\u0105 do rysowania fantazyjnych obrazk\u00f3w w k\u0105pieli, zmieniaj\u0105c codzienn\u0105 czynno\u015b\u0107 w \u015bwietn\u0105 zabaw\u0119. Ka\u017cda ma plastikow\u0105 os\u0142onk\u0119, mechanizm do jej wysuwania i gumowy uchwyt pozwalaj\u0105cy na wygodne i pewne trzymanie kredki w mokrej d\u0142oni.Kredki zapakowane s\u0105 w plastikowe pude\u0142ko z wygodnym zamkni\u0119ciem, co u\u0142atwia przechowywanie ich w [&hellip;]<\/p>\n","protected":false},"featured_media":10474,"comment_status":"closed","ping_status":"open","template":"","meta":[],"product_cat":[1880,21],"product_tag":[765,642],"class_list":["post-10473","product","type-product","status-publish","has-post-thumbnail","hentry","product_cat-aladine","product_cat-zabawki-plastyczne","product_tag-atrakcje-dla-dzieci-warszawa","product_tag-mia-imie"],"_links":{"self":[{"href":"http:\/\/klubmamgdynia.pl\/index.php\/wp-json\/wp\/v2\/product\/10473","targetHints":{"allow":["GET"]}}],"collection":[{"href":"http:\/\/klubmamgdynia.pl\/index.php\/wp-json\/wp\/v2\/product"}],"about":[{"href":"http:\/\/klubmamgdynia.pl\/index.php\/wp-json\/wp\/v2\/types\/product"}],"replies":[{"embeddable":true,"href":"http:\/\/klubmamgdynia.pl\/index.php\/wp-json\/wp\/v2\/comments?post=10473"}],"wp:featuredmedia":[{"embeddable":true,"href":"http:\/\/klubmamgdynia.pl\/index.php\/wp-json\/wp\/v2\/media\/10474"}],"wp:attachment":[{"href":"http:\/\/klubmamgdynia.pl\/index.php\/wp-json\/wp\/v2\/media?parent=10473"}],"wp:term":[{"taxonomy":"product_cat","embeddable":true,"href":"http:\/\/klubmamgdynia.pl\/index.php\/wp-json\/wp\/v2\/product_cat?post=10473"},{"taxonomy":"product_tag","embeddable":true,"href":"http:\/\/klubmamgdynia.pl\/index.php\/wp-json\/wp\/v2\/product_tag?post=10473"}],"curies":[{"name":"wp","href":"https:\/\/api.w.org\/{rel}","templated":true}]}}