{"id":10475,"date":"2015-06-12T15:12:46","date_gmt":"2015-06-12T13:12:46","guid":{"rendered":"http:\/\/klubmamgdynia.pl\/index.php\/produkt\/aladine-kartonowe-zwierzeta-do-zlozenia-sawanna\/"},"modified":"2026-04-20T05:50:22","modified_gmt":"2026-04-20T03:50:22","slug":"aladine-kartonowe-zwierzeta-do-zlozenia-sawanna","status":"publish","type":"product","link":"http:\/\/klubmamgdynia.pl\/index.php\/produkt\/aladine-kartonowe-zwierzeta-do-zlozenia-sawanna\/","title":{"rendered":"Aladine Kartonowe Zwierz\u0119ta Do Z\u0142o\u017cenia Sawanna"},"content":{"rendered":"<p>Zestaw figurek z kartonu do wypchni\u0119cia, z\u0142o\u017cenia i pomalowania.Elementy figurek s\u0105 ponacinane, mo\u017cna wi\u0119c pracowa\u0107 bez no\u017cyczek. Przy sk\u0142adaniu nie ma te\u017c potrzeby u\u017cywania kleju. Po z\u0142o\u017ceniu mo\u017cna prace pomalowa\u0107 farbami akrylowymi, naturalnymi, brokatowymi itp. Farby daj\u0105 najlepsze rezultaty, ale mo\u017cna te\u017c u\u017cy\u0107 marker\u00f3w, kredek itp. Figurki mo\u017cna pomalowa\u0107 naturalnymi barwami, albo ozdobi\u0107 niebieskimi kropkami, tylko od wyobra\u017ani dziecka zale\u017cy jak\u0105 dekoracj\u0119 uzyskamy.Zestaw jest idealny do \u015bwietnej i prostej zabawy w grupie. Ka\u017cdy wybiera farbki i figurk\u0119, a po sko\u0144czonym przyj\u0119ciu zabiera zrobion\u0105 prac\u0119 ze sob\u0105.Szczeg\u00f3\u0142owa instrukcja obrazkowa krok po kroku znajduje si\u0119 z ty\u0142u opakowania.Karton pochodzi w 90% z recyklingu.Nieodpowiednie dla dzieci w wieku poni\u017cej 36 miesi\u0119cy. Polecane od czwartego roku \u017cycia.Wymiary arkusza 37&#215;25,5 cm. W opakowaniu 8 arkuszy z 13 figurkami. Made in France.<\/p>\n<h2>Aladine Kartonowe Zwierz\u0119ta Do Z\u0142o\u017cenia Sawanna Aladine<\/h2>\n<p>choinka z bibu\u0142y, piesek do kolorowania, pierwszy obudzi\u0142 si\u0119 pierwiosnek tekst, imi\u0119 kuba, kolorowanki do druku konie, podchwytliwe zagadki dla doros\u0142ych, opisy do zdj\u0119\u0107 z dzieckiem, gry i zabawy dla dzieci, zagadka logiczna, rodzina sentencja, misie z bajek, ekskluzywny prezent na roczek, pa\u0144stwa europy i ich stolice quiz, kawal na prima aprilis, zagadki i odpowiedzi, wierszyk o wakacjach, krok jak narysowa\u0107 konia, kr\u00f3tkie \u017cyczenia wielkanocne dla dzieci<\/p>\n<p>yyyyy<\/p>\n<p>&nbsp;<\/p>\n","protected":false},"excerpt":{"rendered":"<p>Zestaw figurek z kartonu do wypchni\u0119cia, z\u0142o\u017cenia i pomalowania.Elementy figurek s\u0105 ponacinane, mo\u017cna wi\u0119c pracowa\u0107 bez no\u017cyczek. Przy sk\u0142adaniu nie ma te\u017c potrzeby u\u017cywania kleju. Po z\u0142o\u017ceniu mo\u017cna prace pomalowa\u0107 farbami akrylowymi, naturalnymi, brokatowymi itp. Farby daj\u0105 najlepsze rezultaty, ale mo\u017cna te\u017c u\u017cy\u0107 marker\u00f3w, kredek itp. Figurki mo\u017cna pomalowa\u0107 naturalnymi barwami, albo ozdobi\u0107 niebieskimi kropkami, [&hellip;]<\/p>\n","protected":false},"featured_media":10476,"comment_status":"closed","ping_status":"open","template":"","meta":[],"product_cat":[1880,21],"product_tag":[871,702,648,640],"class_list":["post-10475","product","type-product","status-publish","has-post-thumbnail","hentry","product_cat-aladine","product_cat-zabawki-plastyczne","product_tag-bajka-o-smoku-wawelskim","product_tag-co-kupic-na-roczek-dla-dziewczynki","product_tag-dobrej-nocy-i-sza","product_tag-prezent-dla-rocznej-dziewczynki"],"_links":{"self":[{"href":"http:\/\/klubmamgdynia.pl\/index.php\/wp-json\/wp\/v2\/product\/10475","targetHints":{"allow":["GET"]}}],"collection":[{"href":"http:\/\/klubmamgdynia.pl\/index.php\/wp-json\/wp\/v2\/product"}],"about":[{"href":"http:\/\/klubmamgdynia.pl\/index.php\/wp-json\/wp\/v2\/types\/product"}],"replies":[{"embeddable":true,"href":"http:\/\/klubmamgdynia.pl\/index.php\/wp-json\/wp\/v2\/comments?post=10475"}],"wp:featuredmedia":[{"embeddable":true,"href":"http:\/\/klubmamgdynia.pl\/index.php\/wp-json\/wp\/v2\/media\/10476"}],"wp:attachment":[{"href":"http:\/\/klubmamgdynia.pl\/index.php\/wp-json\/wp\/v2\/media?parent=10475"}],"wp:term":[{"taxonomy":"product_cat","embeddable":true,"href":"http:\/\/klubmamgdynia.pl\/index.php\/wp-json\/wp\/v2\/product_cat?post=10475"},{"taxonomy":"product_tag","embeddable":true,"href":"http:\/\/klubmamgdynia.pl\/index.php\/wp-json\/wp\/v2\/product_tag?post=10475"}],"curies":[{"name":"wp","href":"https:\/\/api.w.org\/{rel}","templated":true}]}}