{"id":1048,"date":"2015-09-12T02:34:28","date_gmt":"2015-09-12T00:34:28","guid":{"rendered":"http:\/\/klubmamgdynia.pl\/index.php\/produkt\/epee-ciastofaza-mega-zestaw-podwodny-swiat-03230\/"},"modified":"2026-04-30T07:59:55","modified_gmt":"2026-04-30T05:59:55","slug":"epee-ciastofaza-mega-zestaw-podwodny-swiat-03230","status":"publish","type":"product","link":"http:\/\/klubmamgdynia.pl\/index.php\/produkt\/epee-ciastofaza-mega-zestaw-podwodny-swiat-03230\/","title":{"rendered":"Epee Ciastofaza Mega Zestaw Podwodny \u015awiat 03230"},"content":{"rendered":"<p>Zobacz jak fantastyczne stworki o\u017cyj\u0105 na Twoich oczach. Ciastofaza to niezwyk\u0142a masa plastyczna, z kt\u00f3rej mo\u017cesz stworzy\u0107 co tylko zapragniesz.Wyczaruj z niej pi\u0119kne zwierz\u0105tka! Nast\u0119pnie po\u0142\u0105cz bateryjki z akcesorium, umie\u015b\u0107 je w masie i zobacz co potrafi Twoje zwierz\u0105tko!Zestaw zawiera trzy bateryjki &#8211; jedna sprawia, \u017ce akcesorium porusza si\u0119, druga, \u017ce akcesorium \u015bwieci si\u0119, a trzecia,sprawia, \u017ce wydawane s\u0105 d\u017awi\u0119ki.Cechy produktu:Odpowiedni wiek: 3+Zasilanie: 3 bateryjki (2 x LR41, 3 x LR41, 3 x LR41 w zestawie)Wymiary opakowania: 28 x 27 x 7,5 cmnr kat. EP-03230-2Informacja od producenta: Nie nadaje si\u0119 dla dzieci w wieku poni\u017cej 36 miesi\u0119cy. Zawiera ma\u0142e cz\u0119\u015bci, kt\u00f3re \u0142atwo po\u0142kn\u0105\u0107 lub kt\u00f3re mog\u0105 si\u0119 dosta\u0107 do dr\u00f3g oddechowych. Niebezpiecze\u0144stwo uduszenia.<\/p>\n<h2>Epee Ciastofaza Mega Zestaw Podwodny \u015awiat 03230 Epee<\/h2>\n<p>quizy za darmo, izabela imie, kwiaty polne nazwy, list do gwiazdora, zabawki na roczek dla dziewczynki, zagadki o wielkanocy, wakacje kolorowanka, malowanki, pokemon do druku, zagadki podchwytliwe z odpowiedziami, pierwsze urodziny prezent na roczek dla ch\u0142opca, spongebob kolorowanka, aniela znaczenie imienia, julian, warszawa z dzieckiem, opisy o dzieciach<\/p>\n<p>yyyyy<\/p>\n<p>&nbsp;<\/p>\n","protected":false},"excerpt":{"rendered":"<p>Zobacz jak fantastyczne stworki o\u017cyj\u0105 na Twoich oczach. Ciastofaza to niezwyk\u0142a masa plastyczna, z kt\u00f3rej mo\u017cesz stworzy\u0107 co tylko zapragniesz.Wyczaruj z niej pi\u0119kne zwierz\u0105tka! Nast\u0119pnie po\u0142\u0105cz bateryjki z akcesorium, umie\u015b\u0107 je w masie i zobacz co potrafi Twoje zwierz\u0105tko!Zestaw zawiera trzy bateryjki &#8211; jedna sprawia, \u017ce akcesorium porusza si\u0119, druga, \u017ce akcesorium \u015bwieci si\u0119, a [&hellip;]<\/p>\n","protected":false},"featured_media":1049,"comment_status":"closed","ping_status":"open","template":"","meta":[],"product_cat":[49,297],"product_tag":[781,830,811,805],"class_list":["post-1048","product","type-product","status-publish","has-post-thumbnail","hentry","product_cat-epee","product_cat-szkolne-artykuly-plastyczne","product_tag-cytaty-o-wychowaniu-dzieci","product_tag-rodzina-cytaty","product_tag-zagadki-logiczne-dla-dzieci","product_tag-znaczenie-imienia-alan"],"_links":{"self":[{"href":"http:\/\/klubmamgdynia.pl\/index.php\/wp-json\/wp\/v2\/product\/1048","targetHints":{"allow":["GET"]}}],"collection":[{"href":"http:\/\/klubmamgdynia.pl\/index.php\/wp-json\/wp\/v2\/product"}],"about":[{"href":"http:\/\/klubmamgdynia.pl\/index.php\/wp-json\/wp\/v2\/types\/product"}],"replies":[{"embeddable":true,"href":"http:\/\/klubmamgdynia.pl\/index.php\/wp-json\/wp\/v2\/comments?post=1048"}],"wp:featuredmedia":[{"embeddable":true,"href":"http:\/\/klubmamgdynia.pl\/index.php\/wp-json\/wp\/v2\/media\/1049"}],"wp:attachment":[{"href":"http:\/\/klubmamgdynia.pl\/index.php\/wp-json\/wp\/v2\/media?parent=1048"}],"wp:term":[{"taxonomy":"product_cat","embeddable":true,"href":"http:\/\/klubmamgdynia.pl\/index.php\/wp-json\/wp\/v2\/product_cat?post=1048"},{"taxonomy":"product_tag","embeddable":true,"href":"http:\/\/klubmamgdynia.pl\/index.php\/wp-json\/wp\/v2\/product_tag?post=1048"}],"curies":[{"name":"wp","href":"https:\/\/api.w.org\/{rel}","templated":true}]}}