{"id":10483,"date":"2012-08-19T05:04:41","date_gmt":"2012-08-19T03:04:41","guid":{"rendered":"http:\/\/klubmamgdynia.pl\/index.php\/produkt\/spin-master-zestaw-manicure-go-glam-wyjatkowe-studio-paznokci\/"},"modified":"2026-04-07T00:07:59","modified_gmt":"2026-04-06T22:07:59","slug":"spin-master-zestaw-manicure-go-glam-wyjatkowe-studio-paznokci","status":"publish","type":"product","link":"http:\/\/klubmamgdynia.pl\/index.php\/produkt\/spin-master-zestaw-manicure-go-glam-wyjatkowe-studio-paznokci\/","title":{"rendered":"Spin Master Zestaw Manicure Go Glam Wyj\u0105tkowe Studio Paznokci"},"content":{"rendered":"<p>Go Glam Wyj\u0105tkowe Studio Paznokci, zestaw do tworzenia niepowtarzalnego manicureStw\u00f3rz spersonalizowany manicure i pedicure z zestawem Go Glam Wyj\u0105tkowe Studio Paznokci! Ten domowy zestaw umo\u017cliwia stworzenie 120 niepowtarzalnych wzor\u00f3w na paznokciach &#8211; ka\u017cdy paznokie\u0107 mo\u017ce by\u0107 zupe\u0142nie inny! Zestaw zawiera lakier do paznokci, wbudowan\u0105 suszark\u0119 oraz schowek, kt\u00f3ry pomo\u017ce w utrzymaniu porz\u0105dku po sko\u0144czonej zabawie. Posiada te\u017c wyjmowan\u0105 stemplark\u0119, dzi\u0119ki kt\u00f3rej sw\u00f3j manicure mo\u017cesz z \u0142atwo\u015bci\u0105 tworzy\u0107 nawet poza domem. Dzi\u0119ki 120 unikalnym ikonom mo\u017cesz personalizowa\u0107 swoje paznokcie bez ko\u0144ca! Mo\u017cesz nawet wykona\u0107 manicure z imieniem Twoim lub przyjaci\u00f3\u0142ki, wykorzystuj\u0105c dost\u0119pne wzory z literami. Zabierz ze sob\u0105 przeno\u015bny salon pi\u0119kno\u015bci gdziekolwiek idziesz i baw si\u0119 razem ze swoj\u0105 ekip\u0105! Ten uniwersalny zestaw do paznokci to \u015bwietny prezent dla dziewczynek podczas nocowania, zabawy w spa czy urodzin.<\/p>\n<h2>Spin Master Zestaw Manicure Go Glam Wyj\u0105tkowe Studio Paznokci Spin Master<\/h2>\n<p>zabawka na roczek dla dziewczynki, bajki halloween, olaf znaczenie imienia, bianka, origami kotek, pch\u0142y na noc, kolorowanka wr\u00f3\u017cka, anio\u0142 rysunek prosty, gry i zabawy ruchowe, znaczenie imiona kinga, bajka dla dzieci do czytania, rysunki \u0142atwe<\/p>\n<p>yyyyy<\/p>\n<p>&nbsp;<\/p>\n","protected":false},"excerpt":{"rendered":"<p>Go Glam Wyj\u0105tkowe Studio Paznokci, zestaw do tworzenia niepowtarzalnego manicureStw\u00f3rz spersonalizowany manicure i pedicure z zestawem Go Glam Wyj\u0105tkowe Studio Paznokci! Ten domowy zestaw umo\u017cliwia stworzenie 120 niepowtarzalnych wzor\u00f3w na paznokciach &#8211; ka\u017cdy paznokie\u0107 mo\u017ce by\u0107 zupe\u0142nie inny! Zestaw zawiera lakier do paznokci, wbudowan\u0105 suszark\u0119 oraz schowek, kt\u00f3ry pomo\u017ce w utrzymaniu porz\u0105dku po sko\u0144czonej zabawie. [&hellip;]<\/p>\n","protected":false},"featured_media":10484,"comment_status":"closed","ping_status":"open","template":"","meta":[],"product_cat":[94,21],"product_tag":[732,651,830,778],"class_list":["post-10483","product","type-product","status-publish","has-post-thumbnail","hentry","product_cat-spin-master","product_cat-zabawki-plastyczne","product_tag-prezent-dla-rocznego-chlopca","product_tag-quizy-online","product_tag-rodzina-cytaty","product_tag-zabawki-na-roczek-dla-chlopca"],"_links":{"self":[{"href":"http:\/\/klubmamgdynia.pl\/index.php\/wp-json\/wp\/v2\/product\/10483","targetHints":{"allow":["GET"]}}],"collection":[{"href":"http:\/\/klubmamgdynia.pl\/index.php\/wp-json\/wp\/v2\/product"}],"about":[{"href":"http:\/\/klubmamgdynia.pl\/index.php\/wp-json\/wp\/v2\/types\/product"}],"replies":[{"embeddable":true,"href":"http:\/\/klubmamgdynia.pl\/index.php\/wp-json\/wp\/v2\/comments?post=10483"}],"wp:featuredmedia":[{"embeddable":true,"href":"http:\/\/klubmamgdynia.pl\/index.php\/wp-json\/wp\/v2\/media\/10484"}],"wp:attachment":[{"href":"http:\/\/klubmamgdynia.pl\/index.php\/wp-json\/wp\/v2\/media?parent=10483"}],"wp:term":[{"taxonomy":"product_cat","embeddable":true,"href":"http:\/\/klubmamgdynia.pl\/index.php\/wp-json\/wp\/v2\/product_cat?post=10483"},{"taxonomy":"product_tag","embeddable":true,"href":"http:\/\/klubmamgdynia.pl\/index.php\/wp-json\/wp\/v2\/product_tag?post=10483"}],"curies":[{"name":"wp","href":"https:\/\/api.w.org\/{rel}","templated":true}]}}