{"id":10485,"date":"2025-02-09T01:09:52","date_gmt":"2025-02-09T00:09:52","guid":{"rendered":"http:\/\/klubmamgdynia.pl\/?post_type=product&#038;p=10485"},"modified":"2026-04-26T15:04:24","modified_gmt":"2026-04-26T13:04:24","slug":"aladine-stempelki-stampo-story-gospodarstwo-zestaw-opowiadanie-85056","status":"publish","type":"product","link":"http:\/\/klubmamgdynia.pl\/index.php\/produkt\/aladine-stempelki-stampo-story-gospodarstwo-zestaw-opowiadanie-85056\/","title":{"rendered":"Aladine Stempelki Stampo Story Gospodarstwo (zestaw opowiadanie) 85056"},"content":{"rendered":"<p>Wyj\u0105tkowy zestaw stempelk\u00f3w rozwijaj\u0105cy wobra\u017ani\u0119 i kreatywno\u015b\u0107 dziecka. zestaw ten pozwala dziecku na stworzenie w\u0142asnej historyjki obrazkowej o \u017cyciu na farmie. W zestawie znajduje si\u0119 15 por\u0119cznych stempelk\u00f3w, 3 kolorowe tusze, 6 kredek i ksi\u0105\u017ceczka z 16 stronami, s\u0142u\u017c\u0105cymi jako t\u0142o oraz\u00a0 kolorow\u0105 ok\u0142adk\u0105, z miejscem na wpisanie imienia ma\u0142ego tw\u00f3rcy.Tusz jest zmywalny, nietoksyczny i bezpieczny dla dziecka.zestaw jest zapakowany w plastikow\u0105 torebk\u0119, dzi\u0119ki czemu idealnie nadaje si\u0119 na prezent.<\/p>\n<h2>Aladine Stempelki Stampo Story Gospodarstwo (zestaw opowiadanie) 85056 Aladine<\/h2>\n<p>film rodzinny o \u015bwi\u0119tach, quiz o \u015bwi\u0119tach bo\u017cego narodzenia, pewna \u017caba by\u0142a s\u0142aba, ma\u0142y ksi\u0105\u017ce cytaty o przyja\u017ani, kontynenty do druku, kolorowanki dla dziewczynek, klockownia wroc\u0142aw, g\u0142upie zagadki, wierszyki na lany poniedzia\u0142ek, prezent dla 13 latki na \u015bwi\u0119ta, jak namalowa\u0107 psa, gabriela imie, tekst kolysanek, julian, kolorowanka dla dzieci, zabawy z pi\u0142k\u0105, ida swieta wielkanocne ida swieta, test z lektury magiczne drzewo czerwone krzes\u0142o<\/p>\n<p>yyyyy<\/p>\n<p>&nbsp;<\/p>\n","protected":false},"excerpt":{"rendered":"<p>Wyj\u0105tkowy zestaw stempelk\u00f3w rozwijaj\u0105cy wobra\u017ani\u0119 i kreatywno\u015b\u0107 dziecka. zestaw ten pozwala dziecku na stworzenie w\u0142asnej historyjki obrazkowej o \u017cyciu na farmie. W zestawie znajduje si\u0119 15 por\u0119cznych stempelk\u00f3w, 3 kolorowe tusze, 6 kredek i ksi\u0105\u017ceczka z 16 stronami, s\u0142u\u017c\u0105cymi jako t\u0142o oraz\u00a0 kolorow\u0105 ok\u0142adk\u0105, z miejscem na wpisanie imienia ma\u0142ego tw\u00f3rcy.Tusz jest zmywalny, nietoksyczny i [&hellip;]<\/p>\n","protected":false},"featured_media":10486,"comment_status":"closed","ping_status":"open","template":"","meta":[],"product_cat":[1880,21],"product_tag":[666,719,750,775,770],"class_list":["post-10485","product","type-product","status-publish","has-post-thumbnail","hentry","product_cat-aladine","product_cat-zabawki-plastyczne","product_tag-afrykanskie-imiona","product_tag-dziecko-cytaty-zlote-mysli","product_tag-imie-kostek","product_tag-kolorowanki-do-druku-pokemon","product_tag-samolot-z-papieru"],"_links":{"self":[{"href":"http:\/\/klubmamgdynia.pl\/index.php\/wp-json\/wp\/v2\/product\/10485","targetHints":{"allow":["GET"]}}],"collection":[{"href":"http:\/\/klubmamgdynia.pl\/index.php\/wp-json\/wp\/v2\/product"}],"about":[{"href":"http:\/\/klubmamgdynia.pl\/index.php\/wp-json\/wp\/v2\/types\/product"}],"replies":[{"embeddable":true,"href":"http:\/\/klubmamgdynia.pl\/index.php\/wp-json\/wp\/v2\/comments?post=10485"}],"wp:featuredmedia":[{"embeddable":true,"href":"http:\/\/klubmamgdynia.pl\/index.php\/wp-json\/wp\/v2\/media\/10486"}],"wp:attachment":[{"href":"http:\/\/klubmamgdynia.pl\/index.php\/wp-json\/wp\/v2\/media?parent=10485"}],"wp:term":[{"taxonomy":"product_cat","embeddable":true,"href":"http:\/\/klubmamgdynia.pl\/index.php\/wp-json\/wp\/v2\/product_cat?post=10485"},{"taxonomy":"product_tag","embeddable":true,"href":"http:\/\/klubmamgdynia.pl\/index.php\/wp-json\/wp\/v2\/product_tag?post=10485"}],"curies":[{"name":"wp","href":"https:\/\/api.w.org\/{rel}","templated":true}]}}