{"id":10487,"date":"2024-02-16T16:20:08","date_gmt":"2024-02-16T15:20:08","guid":{"rendered":"http:\/\/klubmamgdynia.pl\/?post_type=product&#038;p=10487"},"modified":"2026-05-17T22:11:30","modified_gmt":"2026-05-17T20:11:30","slug":"zestaw-z-cekinami-diamond-picture-miss-melody-11658a","status":"publish","type":"product","link":"http:\/\/klubmamgdynia.pl\/index.php\/produkt\/zestaw-z-cekinami-diamond-picture-miss-melody-11658a\/","title":{"rendered":"Zestaw Z Cekinami Diamond Picture Miss Melody 11658A"},"content":{"rendered":"<p>Fantastycznie l\u015bni\u0105ca pi\u0119kno\u015b\u0107: Dzi\u0119ki \u201eCreate your Diamond\u201d od Miss Melody mo\u017cesz \u0142atwo stworzy\u0107 niesamowity obraz. Z 6 r\u00f3\u017cnymi cekinami, kt\u00f3re s\u0105 dostarczane za pomoc\u0105 do\u0142\u0105czonego &#8222;kija&#8221; na szablonie obrazu. Plus: ma\u0142a miseczka do sortowania cekin\u00f3w.Rozmiar zdj\u0119cia konia: 19 x 26,5 cm.wiek: +6<\/p>\n<h2>Zestaw Z Cekinami Diamond Picture Miss Melody 11658A Depesche<\/h2>\n<p>gry planszowe dla m\u0142odzie\u017cy, trudne zagadki i odpowiedzi, \u017carty na prima aprilis dla rodzic\u00f3w, jednoro\u017cec kolorowanka do druku, jak narysowa\u0107 kr\u00f3lika, zagadki zimowe dla dzieci, jak zrobi\u0107 samolot z papieru, co na roczek, atrakcje dla dzieci warszawa 2021<\/p>\n<p>yyyyy<\/p>\n<p>&nbsp;<\/p>\n","protected":false},"excerpt":{"rendered":"<p>Fantastycznie l\u015bni\u0105ca pi\u0119kno\u015b\u0107: Dzi\u0119ki \u201eCreate your Diamond\u201d od Miss Melody mo\u017cesz \u0142atwo stworzy\u0107 niesamowity obraz. Z 6 r\u00f3\u017cnymi cekinami, kt\u00f3re s\u0105 dostarczane za pomoc\u0105 do\u0142\u0105czonego &#8222;kija&#8221; na szablonie obrazu. Plus: ma\u0142a miseczka do sortowania cekin\u00f3w.Rozmiar zdj\u0119cia konia: 19 x 26,5 cm.wiek: +6 Zestaw Z Cekinami Diamond Picture Miss Melody 11658A Depesche gry planszowe dla m\u0142odzie\u017cy, [&hellip;]<\/p>\n","protected":false},"featured_media":10488,"comment_status":"closed","ping_status":"open","template":"","meta":[],"product_cat":[1826,325],"product_tag":[696,861,640,718,841,726],"class_list":["post-10487","product","type-product","status-publish","has-post-thumbnail","hentry","product_cat-depesche","product_cat-szkolne-artykuly-papiernicze","product_tag-film-rodzinny-o-swietach","product_tag-jak-narysowac-psa","product_tag-prezent-dla-rocznej-dziewczynki","product_tag-prezent-na-roczek-dla-chrzesniaka","product_tag-quiz-o-flagach","product_tag-quiz-zemsta"],"_links":{"self":[{"href":"http:\/\/klubmamgdynia.pl\/index.php\/wp-json\/wp\/v2\/product\/10487","targetHints":{"allow":["GET"]}}],"collection":[{"href":"http:\/\/klubmamgdynia.pl\/index.php\/wp-json\/wp\/v2\/product"}],"about":[{"href":"http:\/\/klubmamgdynia.pl\/index.php\/wp-json\/wp\/v2\/types\/product"}],"replies":[{"embeddable":true,"href":"http:\/\/klubmamgdynia.pl\/index.php\/wp-json\/wp\/v2\/comments?post=10487"}],"wp:featuredmedia":[{"embeddable":true,"href":"http:\/\/klubmamgdynia.pl\/index.php\/wp-json\/wp\/v2\/media\/10488"}],"wp:attachment":[{"href":"http:\/\/klubmamgdynia.pl\/index.php\/wp-json\/wp\/v2\/media?parent=10487"}],"wp:term":[{"taxonomy":"product_cat","embeddable":true,"href":"http:\/\/klubmamgdynia.pl\/index.php\/wp-json\/wp\/v2\/product_cat?post=10487"},{"taxonomy":"product_tag","embeddable":true,"href":"http:\/\/klubmamgdynia.pl\/index.php\/wp-json\/wp\/v2\/product_tag?post=10487"}],"curies":[{"name":"wp","href":"https:\/\/api.w.org\/{rel}","templated":true}]}}