{"id":10489,"date":"2021-06-24T00:41:01","date_gmt":"2021-06-23T22:41:01","guid":{"rendered":"http:\/\/klubmamgdynia.pl\/index.php\/produkt\/aladine-koraliki-aqua-pearl-300szt-zielone\/"},"modified":"2026-04-30T02:11:08","modified_gmt":"2026-04-30T00:11:08","slug":"aladine-koraliki-aqua-pearl-300szt-zielone","status":"publish","type":"product","link":"http:\/\/klubmamgdynia.pl\/index.php\/produkt\/aladine-koraliki-aqua-pearl-300szt-zielone\/","title":{"rendered":"Aladine Koraliki Aqua Pearl 300Szt Zielone"},"content":{"rendered":"<p>Aqua pearl to koraliki \u0142\u0105cz\u0105ce si\u0119 ze sob\u0105 tylko przy u\u017cyciu wody, co pozwala dziecku na samodzieln\u0105 zabaw\u0119. Torebka zawiera oko\u0142o 300 sztuk w jednym kolorze. Koraliki s\u0105 w kszta\u0142cie walca o d\u0142ugo\u015bci 6 mm i \u015brednicy 5 mm (otw\u00f3r 3 mm).Polecane od sz\u00f3stego roku \u017cycia.<\/p>\n<h2>Aladine Koraliki Aqua Pearl 300Szt Zielone Aladine<\/h2>\n<p>kiedy dzieci zbieraja cukierki na halloween, kolorowanka myszka minnie, bajka dla niemowlaka, \u015bmieszne zagadki dla dzieci 10 lat, maski karnawa\u0142owe do druku<\/p>\n<p>yyyyy<\/p>\n<p>&nbsp;<\/p>\n","protected":false},"excerpt":{"rendered":"<p>Aqua pearl to koraliki \u0142\u0105cz\u0105ce si\u0119 ze sob\u0105 tylko przy u\u017cyciu wody, co pozwala dziecku na samodzieln\u0105 zabaw\u0119. Torebka zawiera oko\u0142o 300 sztuk w jednym kolorze. Koraliki s\u0105 w kszta\u0142cie walca o d\u0142ugo\u015bci 6 mm i \u015brednicy 5 mm (otw\u00f3r 3 mm).Polecane od sz\u00f3stego roku \u017cycia. Aladine Koraliki Aqua Pearl 300Szt Zielone Aladine kiedy dzieci [&hellip;]<\/p>\n","protected":false},"featured_media":10490,"comment_status":"closed","ping_status":"open","template":"","meta":[],"product_cat":[1880,21],"product_tag":[863,663,813,771,679],"class_list":["post-10489","product","type-product","status-publish","has-post-thumbnail","hentry","product_cat-aladine","product_cat-zabawki-plastyczne","product_tag-bajki-dla-dziewczynek","product_tag-kolorowanki-dla-dzieci-do-druku","product_tag-krotkie-zagadki-matematyczne-z-odpowiedziami","product_tag-stolice-europy-quiz","product_tag-zabawki-na-roczek-dla-dziewczynki"],"_links":{"self":[{"href":"http:\/\/klubmamgdynia.pl\/index.php\/wp-json\/wp\/v2\/product\/10489","targetHints":{"allow":["GET"]}}],"collection":[{"href":"http:\/\/klubmamgdynia.pl\/index.php\/wp-json\/wp\/v2\/product"}],"about":[{"href":"http:\/\/klubmamgdynia.pl\/index.php\/wp-json\/wp\/v2\/types\/product"}],"replies":[{"embeddable":true,"href":"http:\/\/klubmamgdynia.pl\/index.php\/wp-json\/wp\/v2\/comments?post=10489"}],"wp:featuredmedia":[{"embeddable":true,"href":"http:\/\/klubmamgdynia.pl\/index.php\/wp-json\/wp\/v2\/media\/10490"}],"wp:attachment":[{"href":"http:\/\/klubmamgdynia.pl\/index.php\/wp-json\/wp\/v2\/media?parent=10489"}],"wp:term":[{"taxonomy":"product_cat","embeddable":true,"href":"http:\/\/klubmamgdynia.pl\/index.php\/wp-json\/wp\/v2\/product_cat?post=10489"},{"taxonomy":"product_tag","embeddable":true,"href":"http:\/\/klubmamgdynia.pl\/index.php\/wp-json\/wp\/v2\/product_tag?post=10489"}],"curies":[{"name":"wp","href":"https:\/\/api.w.org\/{rel}","templated":true}]}}