{"id":10491,"date":"2019-05-13T20:02:48","date_gmt":"2019-05-13T18:02:48","guid":{"rendered":"http:\/\/klubmamgdynia.pl\/index.php\/produkt\/vidaxl-biurko-do-nauki-dla-dzieci-ze-sztaluga-regulowane\/"},"modified":"2026-04-22T11:02:32","modified_gmt":"2026-04-22T09:02:32","slug":"vidaxl-biurko-do-nauki-dla-dzieci-ze-sztaluga-regulowane","status":"publish","type":"product","link":"http:\/\/klubmamgdynia.pl\/index.php\/produkt\/vidaxl-biurko-do-nauki-dla-dzieci-ze-sztaluga-regulowane\/","title":{"rendered":"Vidaxl Biurko Do Nauki Dla Dzieci Ze Sztalug\u0105 Regulowane"},"content":{"rendered":"<p>Wielofunkcyjne biurko i sztaluga dla dzieci sprawiaj\u0105, \u017ce nauka jest dla nich zabaw\u0105. Zestaw do nauki dla dzieci daje najm\u0142odszym swobod\u0119 rysowania tak, jak zapragnie ich serce. Sto\u0142ek uzupe\u0142nia ten zachwycaj\u0105cy zestaw, a tak\u017ce pomaga dzieciom czu\u0107 si\u0119 komfortowo podczas rysowania swoich arcydzie\u0142. Dodatkowo schowek pod biurkiem zapewnia du\u017co miejsca na kredki, farby, papier i nie tylko. Biurko jest sk\u0142adane, co u\u0142atwia przechowywanie i transport.<\/p>\n<h2>Vidaxl Biurko Do Nauki Dla Dzieci Ze Sztalug\u0105 Regulowane VidaXL<\/h2>\n<p>sentencje na dzie\u0144 nauczyciela, planety uk\u0142ad s\u0142oneczny dla dzieci do druku, piosenka na dzie\u0144 nauczyciela przedszkole, kwiatek kwiaty do druku szablony, 1 listopada dzie\u0144 wszystkich \u015bwi\u0119tych kolorowanki, dobre \u017carty na prima aprilis, prezent dla 15 latka, kolorowanka konie, ja\u015bmina imi\u0119, dzie\u0144 \u015bw patryka symbole do druku, natan imi\u0119, lilianna, lol surprise kolorowanki, kolorowanki do wydruku postacie z bajek, kolorowanka \u015bwi\u0105teczna do wydruku, kolorowanki do druku dla dziewczyn, bajki dla dzieci do czytania na dobranoc, magiczne drzewo czerwone krzes\u0142o test, kwiecie\u0144 plecie\u0144 wiersz, cytaty o dzieci\u0144stwie<\/p>\n<p>yyyyy<\/p>\n<p>&nbsp;<\/p>\n","protected":false},"excerpt":{"rendered":"<p>Wielofunkcyjne biurko i sztaluga dla dzieci sprawiaj\u0105, \u017ce nauka jest dla nich zabaw\u0105. Zestaw do nauki dla dzieci daje najm\u0142odszym swobod\u0119 rysowania tak, jak zapragnie ich serce. Sto\u0142ek uzupe\u0142nia ten zachwycaj\u0105cy zestaw, a tak\u017ce pomaga dzieciom czu\u0107 si\u0119 komfortowo podczas rysowania swoich arcydzie\u0142. Dodatkowo schowek pod biurkiem zapewnia du\u017co miejsca na kredki, farby, papier i [&hellip;]<\/p>\n","protected":false},"featured_media":10492,"comment_status":"closed","ping_status":"open","template":"","meta":[],"product_cat":[23,21],"product_tag":[611,689,718,678,798,773],"class_list":["post-10491","product","type-product","status-publish","has-post-thumbnail","hentry","product_cat-vidaxl","product_cat-zabawki-plastyczne","product_tag-bajki-do-czytania-psi-patrol","product_tag-linda","product_tag-prezent-na-roczek-dla-chrzesniaka","product_tag-prezent-na-roczek-dla-dziewczynki","product_tag-prezenty-dla-nastolatki","product_tag-test-z-lektury-opowiesci-z-narnii-lew-czarownica-i-stara-szafa"],"_links":{"self":[{"href":"http:\/\/klubmamgdynia.pl\/index.php\/wp-json\/wp\/v2\/product\/10491","targetHints":{"allow":["GET"]}}],"collection":[{"href":"http:\/\/klubmamgdynia.pl\/index.php\/wp-json\/wp\/v2\/product"}],"about":[{"href":"http:\/\/klubmamgdynia.pl\/index.php\/wp-json\/wp\/v2\/types\/product"}],"replies":[{"embeddable":true,"href":"http:\/\/klubmamgdynia.pl\/index.php\/wp-json\/wp\/v2\/comments?post=10491"}],"wp:featuredmedia":[{"embeddable":true,"href":"http:\/\/klubmamgdynia.pl\/index.php\/wp-json\/wp\/v2\/media\/10492"}],"wp:attachment":[{"href":"http:\/\/klubmamgdynia.pl\/index.php\/wp-json\/wp\/v2\/media?parent=10491"}],"wp:term":[{"taxonomy":"product_cat","embeddable":true,"href":"http:\/\/klubmamgdynia.pl\/index.php\/wp-json\/wp\/v2\/product_cat?post=10491"},{"taxonomy":"product_tag","embeddable":true,"href":"http:\/\/klubmamgdynia.pl\/index.php\/wp-json\/wp\/v2\/product_tag?post=10491"}],"curies":[{"name":"wp","href":"https:\/\/api.w.org\/{rel}","templated":true}]}}