{"id":10493,"date":"2015-03-28T15:31:22","date_gmt":"2015-03-28T14:31:22","guid":{"rendered":"http:\/\/klubmamgdynia.pl\/index.php\/produkt\/hasbro-play-doh-wiadro-ze-zwierzatkami-zoo-e2388\/"},"modified":"2026-04-06T02:37:55","modified_gmt":"2026-04-06T00:37:55","slug":"hasbro-play-doh-wiadro-ze-zwierzatkami-zoo-e2388","status":"publish","type":"product","link":"http:\/\/klubmamgdynia.pl\/index.php\/produkt\/hasbro-play-doh-wiadro-ze-zwierzatkami-zoo-e2388\/","title":{"rendered":"Hasbro Play-Doh Wiadro Ze Zwierz\u0105tkami Zoo E2388"},"content":{"rendered":"<p>Hasbro Play-Doh Wiadro Ze Zwierz\u0105tkami Zoo E2388Ciastolina Play-Doh to mi\u0119kka masa plastyczna, dzi\u0119ki kt\u00f3rej wszystkie dzieci mog\u0105 wyczarowa\u0107 to co tylko sobie wymarz\u0105. Ciastolinowa zabawa pobudza wyobra\u017ani\u0119, rozwija sprawno\u015b\u0107 manualn\u0105, pomaga w nauce rozr\u00f3\u017cniania kolor\u00f3w. Rozwija kreatywno\u015b\u0107 i wyobra\u017ani\u0119. Nie brudzi pod\u0142\u00f3g, ubra\u0144 a okruszki \u0142atwo mo\u017cna usun\u0105\u0107.<br \/>\n\u00a0Stw\u00f3rz w\u0142asne wspania\u0142e ZOO! Zestaw zawiera a\u017c 10 tubek kolorowej ciastoliny o \u0142\u0105cznej pojemno\u015bci 560g, foremki zwierz\u0105t, stempelki, wyciskark\u0119, no\u017cyk, wa\u0142ek, no\u017cyczki oraz 4 podk\u0142adki z t\u0142em.<br \/>\n\u00a0Zabawa ciastolin\u0105 rozbudza dzieci\u0119c\u0105 wyobra\u017ani\u0119 i pobudza kreatywno\u015b\u0107, daj\u0105c nieograniczone mo\u017cliwo\u015bci tworzenia.                            <\/p>\n<p>Zawarto\u015b\u0107 zestawu:<br \/>\nwyciskarka,no\u017cyczki,<br \/>\nno\u017cyk,<br \/>\nwa\u0142ek,<br \/>\n22 foremki zwierz\u0105t,<br \/>\n5 stempelk\u00f3w,<br \/>\n4 podk\u0142adki z t\u0142em,10 tub (\u0142\u0105cznie 560 g.)Wiek: 3+<\/p>\n<h2>Hasbro Play-Doh Wiadro Ze Zwierz\u0105tkami Zoo E2388 Hasbro<\/h2>\n<p>kanapki dla dzieci, misie z bajek, Keyword, konie quiz, gry i zabawy dla dzieci, prezent dla pi\u0119tnastolatka, kr\u00f3tkie \u017cyczenia wielkanocne dla dzieci, zagadki zimowe, dziewczynka z parku pytania i odpowiedzi, zagadki dla dzieci z odpowiedziami, kolorowanki wed\u0142ug kodu do druku, malowanki \u015bwi\u0105teczne, karty pracy dla dzieci z ukrainy pdf, psi patrol zadania do druku, kolorowanki do druku zwierz\u0119ta, atrakcje dla nastolatk\u00f3w, nietypowe imiona \u017ce\u0144skie, quiz flagi, ma\u0142o nas do pieczenia chleba, quiz opowie\u015bci z narnii lew czarownica i stara szafa<\/p>\n<p>yyyyy<\/p>\n<p>&nbsp;<\/p>\n","protected":false},"excerpt":{"rendered":"<p>Hasbro Play-Doh Wiadro Ze Zwierz\u0105tkami Zoo E2388Ciastolina Play-Doh to mi\u0119kka masa plastyczna, dzi\u0119ki kt\u00f3rej wszystkie dzieci mog\u0105 wyczarowa\u0107 to co tylko sobie wymarz\u0105. Ciastolinowa zabawa pobudza wyobra\u017ani\u0119, rozwija sprawno\u015b\u0107 manualn\u0105, pomaga w nauce rozr\u00f3\u017cniania kolor\u00f3w. Rozwija kreatywno\u015b\u0107 i wyobra\u017ani\u0119. Nie brudzi pod\u0142\u00f3g, ubra\u0144 a okruszki \u0142atwo mo\u017cna usun\u0105\u0107. \u00a0Stw\u00f3rz w\u0142asne wspania\u0142e ZOO! Zestaw zawiera a\u017c [&hellip;]<\/p>\n","protected":false},"featured_media":10494,"comment_status":"closed","ping_status":"open","template":"","meta":[],"product_cat":[129,21],"product_tag":[696,855,856,659],"class_list":["post-10493","product","type-product","status-publish","has-post-thumbnail","hentry","product_cat-hasbro","product_cat-zabawki-plastyczne","product_tag-film-rodzinny-o-swietach","product_tag-nietypowe-imiona-zenskie","product_tag-prezent-dla-16-latki","product_tag-tupu-tup-po-sniegu-tekst"],"_links":{"self":[{"href":"http:\/\/klubmamgdynia.pl\/index.php\/wp-json\/wp\/v2\/product\/10493","targetHints":{"allow":["GET"]}}],"collection":[{"href":"http:\/\/klubmamgdynia.pl\/index.php\/wp-json\/wp\/v2\/product"}],"about":[{"href":"http:\/\/klubmamgdynia.pl\/index.php\/wp-json\/wp\/v2\/types\/product"}],"replies":[{"embeddable":true,"href":"http:\/\/klubmamgdynia.pl\/index.php\/wp-json\/wp\/v2\/comments?post=10493"}],"wp:featuredmedia":[{"embeddable":true,"href":"http:\/\/klubmamgdynia.pl\/index.php\/wp-json\/wp\/v2\/media\/10494"}],"wp:attachment":[{"href":"http:\/\/klubmamgdynia.pl\/index.php\/wp-json\/wp\/v2\/media?parent=10493"}],"wp:term":[{"taxonomy":"product_cat","embeddable":true,"href":"http:\/\/klubmamgdynia.pl\/index.php\/wp-json\/wp\/v2\/product_cat?post=10493"},{"taxonomy":"product_tag","embeddable":true,"href":"http:\/\/klubmamgdynia.pl\/index.php\/wp-json\/wp\/v2\/product_tag?post=10493"}],"curies":[{"name":"wp","href":"https:\/\/api.w.org\/{rel}","templated":true}]}}