{"id":10495,"date":"2014-07-13T14:24:11","date_gmt":"2014-07-13T12:24:11","guid":{"rendered":"http:\/\/klubmamgdynia.pl\/index.php\/produkt\/djeco-zestaw-artystyczny-masa-kukurydziana\/"},"modified":"2026-04-06T08:25:51","modified_gmt":"2026-04-06T06:25:51","slug":"djeco-zestaw-artystyczny-masa-kukurydziana","status":"publish","type":"product","link":"http:\/\/klubmamgdynia.pl\/index.php\/produkt\/djeco-zestaw-artystyczny-masa-kukurydziana\/","title":{"rendered":"DJECO Zestaw artystyczny masa kukurydziana"},"content":{"rendered":"<p>\u015aWIETNY PREZENT DLA PRZEDSZKOLAKA!Wielogodzinna, kreatywna zabawa gwarantowana.Masa jest mi\u0119kka, elastyczna, nie kruszy si\u0119, zamkni\u0119ta w opakowaniu nie wysycha.Dodatkow\u0105 atrakcj\u0119 stanowi\u0105 foremki &#8211; dzi\u0119ki nim mo\u017cna uzyska\u0107 odbicia zwierz\u0105tek.ZESTAW ZAWIERA:- wa\u0142eczek, 2 szablony, obcinark\u0119, 8 foremek z motywem zwierz\u0105tek,- 8 mini stempelk\u00f3w do odciskania wzor\u00f3w, 4 masy plastyczne w kolorach:zielonym, \u017c\u00f3\u0142tym, czerwonym i niebieskim,- przyrz\u0105d do wyciskania wzork\u00f3w z masy plastycznej.ZAWARTO\u015a\u0106 KUBECZKA Z MAS\u0104: 140 gWYMIARY OPAKOWANIA: 27,5 x 20,5 x 7 cmWIEK: od 2 latZabawka jest nowa, zapakowana w kolorowy kartonik.<\/p>\n<h2>DJECO Zestaw artystyczny masa kukurydziana Djeco<\/h2>\n<p>glupie zagadki, nauczyciel cytaty, zagadki na inteligencj\u0119, dziecko cytaty, jak narysowa\u0107 psa krok po kroku, m.i.a.<\/p>\n<p>yyyyy<\/p>\n<p>&nbsp;<\/p>\n","protected":false},"excerpt":{"rendered":"<p>\u015aWIETNY PREZENT DLA PRZEDSZKOLAKA!Wielogodzinna, kreatywna zabawa gwarantowana.Masa jest mi\u0119kka, elastyczna, nie kruszy si\u0119, zamkni\u0119ta w opakowaniu nie wysycha.Dodatkow\u0105 atrakcj\u0119 stanowi\u0105 foremki &#8211; dzi\u0119ki nim mo\u017cna uzyska\u0107 odbicia zwierz\u0105tek.ZESTAW ZAWIERA:- wa\u0142eczek, 2 szablony, obcinark\u0119, 8 foremek z motywem zwierz\u0105tek,- 8 mini stempelk\u00f3w do odciskania wzor\u00f3w, 4 masy plastyczne w kolorach:zielonym, \u017c\u00f3\u0142tym, czerwonym i niebieskim,- przyrz\u0105d do [&hellip;]<\/p>\n","protected":false},"featured_media":10496,"comment_status":"closed","ping_status":"open","template":"","meta":[],"product_cat":[434,21],"product_tag":[750,689,657,795,812,725],"class_list":["post-10495","product","type-product","status-publish","has-post-thumbnail","hentry","product_cat-djeco","product_cat-zabawki-plastyczne","product_tag-imie-kostek","product_tag-linda","product_tag-lol-kolorowanka","product_tag-mini-zoo-warszawa","product_tag-zagadki-logiczne-na-inteligencje","product_tag-zgadywanki"],"_links":{"self":[{"href":"http:\/\/klubmamgdynia.pl\/index.php\/wp-json\/wp\/v2\/product\/10495","targetHints":{"allow":["GET"]}}],"collection":[{"href":"http:\/\/klubmamgdynia.pl\/index.php\/wp-json\/wp\/v2\/product"}],"about":[{"href":"http:\/\/klubmamgdynia.pl\/index.php\/wp-json\/wp\/v2\/types\/product"}],"replies":[{"embeddable":true,"href":"http:\/\/klubmamgdynia.pl\/index.php\/wp-json\/wp\/v2\/comments?post=10495"}],"wp:featuredmedia":[{"embeddable":true,"href":"http:\/\/klubmamgdynia.pl\/index.php\/wp-json\/wp\/v2\/media\/10496"}],"wp:attachment":[{"href":"http:\/\/klubmamgdynia.pl\/index.php\/wp-json\/wp\/v2\/media?parent=10495"}],"wp:term":[{"taxonomy":"product_cat","embeddable":true,"href":"http:\/\/klubmamgdynia.pl\/index.php\/wp-json\/wp\/v2\/product_cat?post=10495"},{"taxonomy":"product_tag","embeddable":true,"href":"http:\/\/klubmamgdynia.pl\/index.php\/wp-json\/wp\/v2\/product_tag?post=10495"}],"curies":[{"name":"wp","href":"https:\/\/api.w.org\/{rel}","templated":true}]}}