{"id":10497,"date":"2016-05-03T08:33:44","date_gmt":"2016-05-03T06:33:44","guid":{"rendered":"http:\/\/klubmamgdynia.pl\/index.php\/produkt\/trefl-puzzle-1000el-mapa-fizyczna-swiata-10463\/"},"modified":"2026-05-17T22:24:05","modified_gmt":"2026-05-17T20:24:05","slug":"trefl-puzzle-1000el-mapa-fizyczna-swiata-10463","status":"publish","type":"product","link":"http:\/\/klubmamgdynia.pl\/index.php\/produkt\/trefl-puzzle-1000el-mapa-fizyczna-swiata-10463\/","title":{"rendered":"Trefl Puzzle 1000el. Mapa Fizyczna \u015awiata 10463"},"content":{"rendered":"<p>Trefl Puzzle 1000el. Mapa Fizyczna \u015awiata 10463Puzzle 1000 element\u00f3w z fizyczn\u0105 map\u0105 \u015bwiata. Puzzle spe\u0142niaj\u0105 dwie funkcje &#8211; rozrywkow\u0105 oraz edukacyjn\u0105. U\u0142o\u017cony obrazek mo\u017ce by\u0107 \u015bwietn\u0105 pomoc\u0105 naukow\u0105, a dodatkowo dobrze sprawdzi si\u0119 jako ozdoba \u015bciany w pokoju dziecka. Po u\u0142o\u017ceniu powstanie obrazek o wymiarach 68&#215;48 cm. Wysok\u0105 jako\u015b\u0107, nasycenie kolor\u00f3w i bezpiecze\u0144stwo uk\u0142adania zapewnia kalandrowany papier odbijaj\u0105cy \u015bwiat\u0142o, pokryty ekologicznymi farbami spo\u017cywczymi.                            <\/p>\n<p>                    Sprawd\u017a inne puzzle z krajobrazami:<\/p>\n<p>            Trefl Puzzle 1000el. Wiktoria\u0144ski Dom 10355<\/p>\n<p>                        od<br \/>\n                            18,44<br \/>\n                            z\u0142<\/p>\n<p>                    Zobacz<\/p>\n<p>            Trefl Puzzle 1000el. Uroczy Zak\u0105tek 10297<\/p>\n<p>                        od<br \/>\n                            19,06<br \/>\n                            z\u0142<\/p>\n<p>                    Zobacz<\/p>\n<p>            Trefl Puzzle 2000el. Wakacyjna przysta\u0144 27124<\/p>\n<p>                        od<br \/>\n                            25,65<br \/>\n                            z\u0142<\/p>\n<p>                    Zobacz<\/p>\n<p>            Trefl Puzzle 1000el. Bajkowa Kraina 10496<\/p>\n<p>                        od<br \/>\n                            18,57<br \/>\n                            z\u0142<\/p>\n<p>                    Zobacz<\/p>\n<p>            Trefl Puzzle 2000el. Alpy Latem 27089<\/p>\n<p>                        od<br \/>\n                            25,64<br \/>\n                            z\u0142<\/p>\n<p>                    Zobacz<\/p>\n<p>            Trefl Puzzle Unlimited Fit Technology 1000el. Pa\u0142ac Most Rialto Wenecja W\u0142ochy 10692<\/p>\n<p>                        od<br \/>\n                            35,99<br \/>\n                            z\u0142<\/p>\n<p>                    Zobacz<\/p>\n<p>            Trefl Puzzle Drewniane 1000el. Kolorowe balony 20143<\/p>\n<p>                        od<br \/>\n                            96,20<br \/>\n                            z\u0142<\/p>\n<p>                    Zobacz<\/p>\n<p>            Trefl Puzzle 2000el. Wyspa Murano Wenecja 27110<\/p>\n<p>                        od<br \/>\n                            23,85<br \/>\n                            z\u0142<\/p>\n<p>                    Zobacz<\/p>\n<p>            Trefl Puzzle 4000el. Popo\u0142udniowa Sielanka 45005<\/p>\n<p>                        od<br \/>\n                            48,10<br \/>\n                            z\u0142<\/p>\n<p>                    Zobacz<\/p>\n<p>            Trefl Puzzle 3000el. Starole\u015bnia\u0144ski Staw Tatry S\u0142owacja 33031<\/p>\n<p>                        od<br \/>\n                            44,18<br \/>\n                            z\u0142<\/p>\n<p>                    Zobacz<\/p>\n<p>            Trefl Puzzle Spiralne 1040el. Magiczna Zatoka 40016<\/p>\n<p>                        od<br \/>\n                            18,52<br \/>\n                            z\u0142<\/p>\n<p>                    Zobacz<\/p>\n<p>            Trefl Puzzle Spiralne 1040el. Uk\u0142ad s\u0142oneczny 40013<\/p>\n<p>                        od<br \/>\n                            18,59<br \/>\n                            z\u0142<\/p>\n<p>                    Zobacz<\/p>\n<p>            Trefl Puzzle 3000el. Balony Nad Kapadocj\u0105 33059<\/p>\n<p>                        od<br \/>\n                            43,51<br \/>\n                            z\u0142<\/p>\n<p>                    Zobacz<\/p>\n<p>            Trefl Puzzle 1000el. Bia\u0142e \u015awi\u0119ta 10602<\/p>\n<p>                        od<br \/>\n                            18,60<br \/>\n                            z\u0142<\/p>\n<p>                    Zobacz<\/p>\n<p>            Trefl Puzzle 3000el. Dachy Jerozolimy 33032<\/p>\n<p>                        od<br \/>\n                            44,89<br \/>\n                            z\u0142<\/p>\n<p>                    Zobacz<\/p>\n<p>            Trefl Puzzle 3000el. Lauterbrunnen Szwajcaria 33076<\/p>\n<p>                        od<br \/>\n                            42,83<br \/>\n                            z\u0142<\/p>\n<p>                    Zobacz<\/p>\n<p>            Trefl Puzzle 1500el. Park Guel Barcelona 26147<\/p>\n<p>                        od<br \/>\n                            21,13<br \/>\n                            z\u0142<\/p>\n<p>                    Zobacz<\/p>\n<p>            Trefl Puzzle 1500el. Chatka Nad Jeziorem 26136<\/p>\n<p>                        od<br \/>\n                            20,54<br \/>\n                            z\u0142<\/p>\n<p>                    Zobacz<\/p>\n<p>            Trefl Puzzle 1000el. Zimowy Krajobraz 10439<\/p>\n<p>                        od<br \/>\n                            21,90<br \/>\n                            z\u0142<\/p>\n<p>                    Zobacz<\/p>\n<p>            Trefl Puzzle 1500el. Jezioro Morskie Oko Tatry 26167<\/p>\n<p>                        od<br \/>\n                            21,05<br \/>\n                            z\u0142<\/p>\n<p>                    Zobacz<\/p>\n<p>            Trefl Puzzle 1000el. W\u0142oskie Wakacje 10585<\/p>\n<p>                        od<br \/>\n                            15,00<br \/>\n                            z\u0142<\/p>\n<p>                    Zobacz<\/p>\n<p>            Trefl Puzzle 2000el. Tygrysie Gniazdo Bhutan 27092<\/p>\n<p>                        od<br \/>\n                            27,39<br \/>\n                            z\u0142<\/p>\n<p>                    Zobacz<\/p>\n<p>            Trefl Puzzle 2000el. Wodospad Haifoss Islandia 27091<\/p>\n<p>                        od<br \/>\n                            25,64<br \/>\n                            z\u0142<\/p>\n<p>                    Zobacz<\/p>\n<p>            Trefl Puzzle 3000el. Zimowy Zamek Neuschwanstein 33025<\/p>\n<p>                        od<br \/>\n                            44,90<br \/>\n                            z\u0142<\/p>\n<p>                    Zobacz<\/p>\n<p>            Trefl Puzzle 1000el. Miami O Zmroku 29027<\/p>\n<p>                        od<br \/>\n                            17,88<br \/>\n                            z\u0142<\/p>\n<p>                    Zobacz<\/p>\n<p>            Trefl Puzzle 1500el. Alpy Bawarskie 26133<\/p>\n<p>                        od<br \/>\n                            21,12<br \/>\n                            z\u0142<\/p>\n<p>                    Zobacz<\/p>\n<p>            Trefl Puzzle 3000el. Chatka W Lesie 33074<\/p>\n<p>                        od<br \/>\n                            42,74<br \/>\n                            z\u0142<\/p>\n<p>                    Zobacz<\/p>\n<p>            Trefl Puzzle 1000el. Spokojna Przysta\u0144 10582<\/p>\n<p>                        od<br \/>\n                            13,11<br \/>\n                            z\u0142<\/p>\n<p>                    Zobacz<\/p>\n<p>            Trefl Puzzle 2000el. Sielskie \u017bycie 27106<\/p>\n<p>                        od<br \/>\n                            25,64<br \/>\n                            z\u0142<\/p>\n<p>                    Zobacz<\/p>\n<p>            Trefl Puzzle 6000el. \u0141api\u0105c Sny 65005<\/p>\n<p>                        od<br \/>\n                            56,71<br \/>\n                            z\u0142<\/p>\n<p>                    Zobacz<\/p>\n<h2>Trefl Puzzle 1000el. Mapa Fizyczna \u015awiata 10463 Trefl<\/h2>\n<p>quiz o usa, oryginalny prezent dla nastolatk\u00f3w, bajka terapeutyczna o emocjach, opowiadanie o jesieni dla dzieci, prezent dla m\u0142odzie\u017cy, kolorowanki wed\u0142ug kodu do druku, prezent dla dziecka na roczek, lew czarownica i stara szafa test, prezent dla 14 letniej dziewczyny, bajki terapeutyczne o emocjach pdf, zabawy na bal karnawa\u0142owy w przedszkolu, quiz o bo\u017cym narodzeniu, cytat z ma\u0142ego ksi\u0119cia o przyja\u017ani, \u0142amig\u0142\u00f3wki logiczne dla dzieci, zagadki zagadki, znaczenie imienia alan, zemsta quizy<\/p>\n<p>yyyyy<\/p>\n<p>&nbsp;<\/p>\n","protected":false},"excerpt":{"rendered":"<p>Trefl Puzzle 1000el. Mapa Fizyczna \u015awiata 10463Puzzle 1000 element\u00f3w z fizyczn\u0105 map\u0105 \u015bwiata. Puzzle spe\u0142niaj\u0105 dwie funkcje &#8211; rozrywkow\u0105 oraz edukacyjn\u0105. U\u0142o\u017cony obrazek mo\u017ce by\u0107 \u015bwietn\u0105 pomoc\u0105 naukow\u0105, a dodatkowo dobrze sprawdzi si\u0119 jako ozdoba \u015bciany w pokoju dziecka. Po u\u0142o\u017ceniu powstanie obrazek o wymiarach 68&#215;48 cm. Wysok\u0105 jako\u015b\u0107, nasycenie kolor\u00f3w i bezpiecze\u0144stwo uk\u0142adania zapewnia [&hellip;]<\/p>\n","protected":false},"featured_media":10498,"comment_status":"closed","ping_status":"open","template":"","meta":[],"product_cat":[90,104],"product_tag":[583,647,709,733],"class_list":["post-10497","product","type-product","status-publish","has-post-thumbnail","hentry","product_cat-puzzle","product_cat-trefl","product_tag-kolysanki-dla-dzieci-tekst","product_tag-warszawa-z-dzieckiem","product_tag-zagadki-dla-dzieci-6-7-lat","product_tag-zarty-na-prima-aprilis"],"_links":{"self":[{"href":"http:\/\/klubmamgdynia.pl\/index.php\/wp-json\/wp\/v2\/product\/10497","targetHints":{"allow":["GET"]}}],"collection":[{"href":"http:\/\/klubmamgdynia.pl\/index.php\/wp-json\/wp\/v2\/product"}],"about":[{"href":"http:\/\/klubmamgdynia.pl\/index.php\/wp-json\/wp\/v2\/types\/product"}],"replies":[{"embeddable":true,"href":"http:\/\/klubmamgdynia.pl\/index.php\/wp-json\/wp\/v2\/comments?post=10497"}],"wp:featuredmedia":[{"embeddable":true,"href":"http:\/\/klubmamgdynia.pl\/index.php\/wp-json\/wp\/v2\/media\/10498"}],"wp:attachment":[{"href":"http:\/\/klubmamgdynia.pl\/index.php\/wp-json\/wp\/v2\/media?parent=10497"}],"wp:term":[{"taxonomy":"product_cat","embeddable":true,"href":"http:\/\/klubmamgdynia.pl\/index.php\/wp-json\/wp\/v2\/product_cat?post=10497"},{"taxonomy":"product_tag","embeddable":true,"href":"http:\/\/klubmamgdynia.pl\/index.php\/wp-json\/wp\/v2\/product_tag?post=10497"}],"curies":[{"name":"wp","href":"https:\/\/api.w.org\/{rel}","templated":true}]}}