{"id":10499,"date":"2015-01-13T08:15:53","date_gmt":"2015-01-13T07:15:53","guid":{"rendered":"http:\/\/klubmamgdynia.pl\/index.php\/produkt\/tablet-do-rysowania-a-kidea-czarny\/"},"modified":"2026-04-04T02:57:43","modified_gmt":"2026-04-04T00:57:43","slug":"tablet-do-rysowania-a-kidea-czarny","status":"publish","type":"product","link":"http:\/\/klubmamgdynia.pl\/index.php\/produkt\/tablet-do-rysowania-a-kidea-czarny\/","title":{"rendered":"Tablet Do Rysowania A Kidea Czarny"},"content":{"rendered":"<p>Lekki i wytrzyma\u0142y tablet LCD\/znikopis s\u0142u\u017c\u0105cy do rysowania lub nauki pisania. Mo\u017cna go u\u017cywa\u0107 zar\u00f3wno w domu jak i w podr\u00f3\u017cy, tworzy\u0107, pisa\u0107 i rysowa\u0107 a nast\u0119pnie jednym przyciskiem usun\u0105\u0107 zapis i rozpocz\u0105\u0107 zabaw\u0119 od nowa. Bardzo czu\u0142a matryca umo\u017cliwia dziecku pisanie do\u0142\u0105czonym do zestawu rysikiem dok\u0142adnie tak, jak o\u0142\u00f3wkiem. Grubo\u015b\u0107 linii mo\u017ce by\u0107 dostosowana w zale\u017cno\u015bci od si\u0142y nacisku.Tablet posiada blokad\u0119 zabezpieczaj\u0105c\u0105 przed przypadkowym usuni\u0119ciem rysunku. Znikopis do z\u0142udzenia przypomina tablet, dzi\u0119ki czemu mo\u017ce by\u0107 pomocny przy pr\u00f3bie odzwyczajenia najm\u0142odszych u\u017cytkownik\u00f3w od urz\u0105dze\u0144 elektronicznych. NAZWA TABLET DO RYSOWANIA A CZARNY DERFORM PRODUCENT DERFORM WIEK 3+ WYMIARY 2150 X 1350 X 100 MM EAN 5901130078950 Znajd\u017a podobne wed\u0142ug klucza: DERFORM (384415)<\/p>\n<h2>Tablet Do Rysowania A Kidea Czarny Derform<\/h2>\n<p>mitologia test, mandale do druku, bo\u017ce narodzenie (film), lol kolorowanka, testy katarynka, planety uk\u0142ad s\u0142oneczny dla dzieci do druku, kira imi\u0119, prima aprilis w szkole, cytaty o wychowaniu i nauczaniu, bezpieczne kosmetyki do makija\u017cu dla dzieci, quiz o akademii pana kleksa, quiz bo\u017ce narodzenie, zabawka na roczek dla dziewczynki, opisy do zdj\u0119\u0107 dziecka, krok jak narysowa\u0107 konia, ju\u017c blisko kol\u0119da tekst<\/p>\n<p>yyyyy<\/p>\n<p>&nbsp;<\/p>\n","protected":false},"excerpt":{"rendered":"<p>Lekki i wytrzyma\u0142y tablet LCD\/znikopis s\u0142u\u017c\u0105cy do rysowania lub nauki pisania. Mo\u017cna go u\u017cywa\u0107 zar\u00f3wno w domu jak i w podr\u00f3\u017cy, tworzy\u0107, pisa\u0107 i rysowa\u0107 a nast\u0119pnie jednym przyciskiem usun\u0105\u0107 zapis i rozpocz\u0105\u0107 zabaw\u0119 od nowa. Bardzo czu\u0142a matryca umo\u017cliwia dziecku pisanie do\u0142\u0105czonym do zestawu rysikiem dok\u0142adnie tak, jak o\u0142\u00f3wkiem. Grubo\u015b\u0107 linii mo\u017ce by\u0107 dostosowana [&hellip;]<\/p>\n","protected":false},"featured_media":10500,"comment_status":"closed","ping_status":"open","template":"","meta":[],"product_cat":[1021,21],"product_tag":[723,798,620,760,597,694],"class_list":["post-10499","product","type-product","status-publish","has-post-thumbnail","hentry","product_cat-derform","product_cat-zabawki-plastyczne","product_tag-krotkie-bajki-do-czytania-na-dobranoc","product_tag-prezenty-dla-nastolatki","product_tag-quiz-opowiesci-z-narnii","product_tag-zagadka-matematyczna","product_tag-zagadki-o-zimie","product_tag-zagadki-swiateczne-dla-dzieci"],"_links":{"self":[{"href":"http:\/\/klubmamgdynia.pl\/index.php\/wp-json\/wp\/v2\/product\/10499","targetHints":{"allow":["GET"]}}],"collection":[{"href":"http:\/\/klubmamgdynia.pl\/index.php\/wp-json\/wp\/v2\/product"}],"about":[{"href":"http:\/\/klubmamgdynia.pl\/index.php\/wp-json\/wp\/v2\/types\/product"}],"replies":[{"embeddable":true,"href":"http:\/\/klubmamgdynia.pl\/index.php\/wp-json\/wp\/v2\/comments?post=10499"}],"wp:featuredmedia":[{"embeddable":true,"href":"http:\/\/klubmamgdynia.pl\/index.php\/wp-json\/wp\/v2\/media\/10500"}],"wp:attachment":[{"href":"http:\/\/klubmamgdynia.pl\/index.php\/wp-json\/wp\/v2\/media?parent=10499"}],"wp:term":[{"taxonomy":"product_cat","embeddable":true,"href":"http:\/\/klubmamgdynia.pl\/index.php\/wp-json\/wp\/v2\/product_cat?post=10499"},{"taxonomy":"product_tag","embeddable":true,"href":"http:\/\/klubmamgdynia.pl\/index.php\/wp-json\/wp\/v2\/product_tag?post=10499"}],"curies":[{"name":"wp","href":"https:\/\/api.w.org\/{rel}","templated":true}]}}