{"id":1050,"date":"2013-03-15T03:46:41","date_gmt":"2013-03-15T02:46:41","guid":{"rendered":"http:\/\/klubmamgdynia.pl\/index.php\/produkt\/eurobaby-zab-puzzle-30x22-ulica\/"},"modified":"2026-04-27T07:43:17","modified_gmt":"2026-04-27T05:43:17","slug":"eurobaby-zab-puzzle-30x22-ulica","status":"publish","type":"product","link":"http:\/\/klubmamgdynia.pl\/index.php\/produkt\/eurobaby-zab-puzzle-30x22-ulica\/","title":{"rendered":"Eurobaby Zab Puzzle 30X22 Ulica"},"content":{"rendered":"<p>EBZ WTS26114Drewniane puzzle to super zabawka dla dziecka. Dzi\u0119ki niej tw\u00f3j maluszek nauczy si\u0119 dopasowywa\u0107 oraz nazywa\u0107 kszta\u0142ty i kolory. Zabawka rozwija koordynacj\u0119 wzrokowo ruchow\u0105 \u0107wicz\u0105c precyzj\u0119 ruchu.Wymiary:30&#215;30 cmIlo\u015b\u0107 element\u00f3w:8Wiek:18m+<\/p>\n<h2>Eurobaby Zab Puzzle 30X22 Ulica Eurobaby<\/h2>\n<p>co kupi\u0107 na roczek dla dziewczynki, zadania logiczne dla dzieci, izabella imi\u0119, zagadki wielkanocne przedszkole, ozdoby choinkowe dla dzieci, flagi europy quiz, trudne zagadki dla dzieci, klockownia wroc\u0142aw, dyplomy do druku, tekst o rodzinie, plac zabaw pozna\u0144, bajki do czytania na dobranoc, imie gaja, lato lato lato czeka tekst, czapka g\u00f3rnika kolorowanka, bursztynek bursztynek, dzieci.pl, lucjan, kolorowanki do druku lol<\/p>\n<p>yyyyy<\/p>\n<p>&nbsp;<\/p>\n","protected":false},"excerpt":{"rendered":"<p>EBZ WTS26114Drewniane puzzle to super zabawka dla dziecka. Dzi\u0119ki niej tw\u00f3j maluszek nauczy si\u0119 dopasowywa\u0107 oraz nazywa\u0107 kszta\u0142ty i kolory. Zabawka rozwija koordynacj\u0119 wzrokowo ruchow\u0105 \u0107wicz\u0105c precyzj\u0119 ruchu.Wymiary:30&#215;30 cmIlo\u015b\u0107 element\u00f3w:8Wiek:18m+ Eurobaby Zab Puzzle 30X22 Ulica Eurobaby co kupi\u0107 na roczek dla dziewczynki, zadania logiczne dla dzieci, izabella imi\u0119, zagadki wielkanocne przedszkole, ozdoby choinkowe dla dzieci, [&hellip;]<\/p>\n","protected":false},"featured_media":1051,"comment_status":"closed","ping_status":"open","template":"","meta":[],"product_cat":[128,99],"product_tag":[618,806,586,625,659,600],"class_list":["post-1050","product","type-product","status-publish","has-post-thumbnail","hentry","product_cat-eurobaby","product_cat-zabawki-ekologiczne","product_tag-lato-lato-lato-czeka-tekst","product_tag-prezent-dla-dziecka-na-roczek","product_tag-smieszne-zagadki","product_tag-trojmiasto-atrakcje-dla-dzieci","product_tag-tupu-tup-po-sniegu-tekst","product_tag-zaproszenia-na-urodziny-do-druku"],"_links":{"self":[{"href":"http:\/\/klubmamgdynia.pl\/index.php\/wp-json\/wp\/v2\/product\/1050","targetHints":{"allow":["GET"]}}],"collection":[{"href":"http:\/\/klubmamgdynia.pl\/index.php\/wp-json\/wp\/v2\/product"}],"about":[{"href":"http:\/\/klubmamgdynia.pl\/index.php\/wp-json\/wp\/v2\/types\/product"}],"replies":[{"embeddable":true,"href":"http:\/\/klubmamgdynia.pl\/index.php\/wp-json\/wp\/v2\/comments?post=1050"}],"wp:featuredmedia":[{"embeddable":true,"href":"http:\/\/klubmamgdynia.pl\/index.php\/wp-json\/wp\/v2\/media\/1051"}],"wp:attachment":[{"href":"http:\/\/klubmamgdynia.pl\/index.php\/wp-json\/wp\/v2\/media?parent=1050"}],"wp:term":[{"taxonomy":"product_cat","embeddable":true,"href":"http:\/\/klubmamgdynia.pl\/index.php\/wp-json\/wp\/v2\/product_cat?post=1050"},{"taxonomy":"product_tag","embeddable":true,"href":"http:\/\/klubmamgdynia.pl\/index.php\/wp-json\/wp\/v2\/product_tag?post=1050"}],"curies":[{"name":"wp","href":"https:\/\/api.w.org\/{rel}","templated":true}]}}