{"id":10503,"date":"2024-08-14T22:36:40","date_gmt":"2024-08-14T20:36:40","guid":{"rendered":"http:\/\/klubmamgdynia.pl\/?post_type=product&#038;p=10503"},"modified":"2026-05-17T22:32:17","modified_gmt":"2026-05-17T20:32:17","slug":"metro-redux-bundle-digital","status":"publish","type":"product","link":"http:\/\/klubmamgdynia.pl\/index.php\/produkt\/metro-redux-bundle-digital\/","title":{"rendered":"Metro Redux Bundle (Digital)"},"content":{"rendered":"<p>Metro: Redux Bundle to po\u0142\u0105czenie dw\u00f3ch tytu\u0142\u00f3w, kt\u00f3rych pocz\u0105tki si\u0119gaj\u0105 2010 roku. Stworzone przez studio deweloperskie 4A Games, oparte bezpo\u015brednio na cyklu ksi\u0105\u017cek Dimitrija G\u0142uchowskiego wprowadza gracza do postapokaliptycznego, zwa\u015bnionego \u015bwiata.Ods\u0142ona Redux to ulepszona wersja dw\u00f3ch tytu\u0142\u00f3w. Tw\u00f3rcy od\u015bwie\u017cyli ca\u0142\u0105 seri\u0119 znacznie usprawniaj\u0105c opraw\u0119 graficzn\u0105 oraz zaimplementowali seri\u0119 nowych rozwi\u0105za\u0144 usprawniaj\u0105cych rozgrywk\u0119.Akcja Metro 2033 odbywa si\u0119 g\u0142\u00f3wnie w tunelach moskiewskiego metra. Gracz przejmuje kontrol\u0119 nad Artemem, kt\u00f3rego g\u0142\u00f3wnym zadaniem jest zorganizowanie pomocy przeciwko potworom n\u0119kaj\u0105cym ludno\u015b\u0107 schron\u00f3w. Metro: Last Light kontynuuje najwa\u017cniejsze w\u0105tki, kt\u00f3re pojawi\u0142y si\u0119 w cz\u0119\u015bci pierwszej. Zn\u00f3w przemierza\u0107 b\u0119dziemy zatem klaustrofobiczne korytarze, mroczne krypty oraz zamieszka\u0142e przez wrog\u00f3w osady.W grze zaimplementowano natomiast wi\u0119cej lokacji daj\u0105cych nam pozorny wyb\u00f3r sposobu dzia\u0142ania. Tw\u00f3rcy mocny nacisk k\u0142ad\u0105 na elementy sk\u0142adankowe. W zwi\u0105zku z tym w znaczny spos\u00f3b podrasowano sztuczn\u0105 inteligencj\u0119 przeciwnik\u00f3w, aby poszczeg\u00f3lne etapy wymaga\u0142y od gracza jeszcze wi\u0119kszego skupienia.<\/p>\n<h2>Metro Redux Bundle (Digital) Lisciani Giochi<\/h2>\n<p>wierszyki na dobranoc dla dzieci, jazda konna dla dzieci, quiz stolice europy, podchwytliwe zagadki, bajki dla niemowl\u0105t do czytania, minionki kolorowanka, znaczenie imienia paula, prezent dla 7 latka ch\u0142opca, halloween dla dzieci 2021, sentencje o przyja\u017ani, bajki o ksi\u0119\u017cniczkach do czytania, gad\u017cety dla m\u0142odzie\u017cy 2020, cytaty korczak, zabawy dla 7 latka, a \u015bpij kochanie, kotki do druku, zaproszenie na urodziny do druku, m\u0105dre cytaty dla dzieci<\/p>\n<p>yyyyy<\/p>\n<p>&nbsp;<\/p>\n","protected":false},"excerpt":{"rendered":"<p>Metro: Redux Bundle to po\u0142\u0105czenie dw\u00f3ch tytu\u0142\u00f3w, kt\u00f3rych pocz\u0105tki si\u0119gaj\u0105 2010 roku. Stworzone przez studio deweloperskie 4A Games, oparte bezpo\u015brednio na cyklu ksi\u0105\u017cek Dimitrija G\u0142uchowskiego wprowadza gracza do postapokaliptycznego, zwa\u015bnionego \u015bwiata.Ods\u0142ona Redux to ulepszona wersja dw\u00f3ch tytu\u0142\u00f3w. Tw\u00f3rcy od\u015bwie\u017cyli ca\u0142\u0105 seri\u0119 znacznie usprawniaj\u0105c opraw\u0119 graficzn\u0105 oraz zaimplementowali seri\u0119 nowych rozwi\u0105za\u0144 usprawniaj\u0105cych rozgrywk\u0119.Akcja Metro 2033 odbywa [&hellip;]<\/p>\n","protected":false},"featured_media":10504,"comment_status":"closed","ping_status":"open","template":"","meta":[],"product_cat":[352,553],"product_tag":[681,670,730],"class_list":["post-10503","product","type-product","status-publish","has-post-thumbnail","hentry","product_cat-gry-do-pobrania-na-pc","product_cat-lisciani-giochi","product_tag-flagi-europy-quiz","product_tag-irma","product_tag-karyna"],"_links":{"self":[{"href":"http:\/\/klubmamgdynia.pl\/index.php\/wp-json\/wp\/v2\/product\/10503","targetHints":{"allow":["GET"]}}],"collection":[{"href":"http:\/\/klubmamgdynia.pl\/index.php\/wp-json\/wp\/v2\/product"}],"about":[{"href":"http:\/\/klubmamgdynia.pl\/index.php\/wp-json\/wp\/v2\/types\/product"}],"replies":[{"embeddable":true,"href":"http:\/\/klubmamgdynia.pl\/index.php\/wp-json\/wp\/v2\/comments?post=10503"}],"wp:featuredmedia":[{"embeddable":true,"href":"http:\/\/klubmamgdynia.pl\/index.php\/wp-json\/wp\/v2\/media\/10504"}],"wp:attachment":[{"href":"http:\/\/klubmamgdynia.pl\/index.php\/wp-json\/wp\/v2\/media?parent=10503"}],"wp:term":[{"taxonomy":"product_cat","embeddable":true,"href":"http:\/\/klubmamgdynia.pl\/index.php\/wp-json\/wp\/v2\/product_cat?post=10503"},{"taxonomy":"product_tag","embeddable":true,"href":"http:\/\/klubmamgdynia.pl\/index.php\/wp-json\/wp\/v2\/product_tag?post=10503"}],"curies":[{"name":"wp","href":"https:\/\/api.w.org\/{rel}","templated":true}]}}