{"id":10505,"date":"2013-07-15T05:02:09","date_gmt":"2013-07-15T03:02:09","guid":{"rendered":"http:\/\/klubmamgdynia.pl\/index.php\/produkt\/goliath-piasek-kinetyczny-super-sand-castle\/"},"modified":"2026-04-03T17:05:42","modified_gmt":"2026-04-03T15:05:42","slug":"goliath-piasek-kinetyczny-super-sand-castle","status":"publish","type":"product","link":"http:\/\/klubmamgdynia.pl\/index.php\/produkt\/goliath-piasek-kinetyczny-super-sand-castle\/","title":{"rendered":"Goliath Piasek Kinetyczny Super Sand Castle"},"content":{"rendered":"<p>Piasek Super Sand CastleOdkryj przyjemno\u015b\u0107 tworzenia pe\u0142nych detali zamk\u00f3w z piasku. Korzystaj z za\u0142\u0105czonych foremek i pozw\u00f3l by wyobra\u017ania Ci\u0119 ponios\u0142a! Specjalne foremki nadadz\u0105 tematyczne wzory np. cegie\u0142 i schod\u00f3w Twoim budowlom!Zamki na piasku Lato s\u0142o\u0144ce i pla\u017ca.Super Sand przenosi lato i zabaw\u0119 piaskiem do domu. Super aksamitne w dotyku, suche a jednocze\u015bnie antybakteryjne i 100% naturalne, takie jest tworzywo Super Sand. Piasek, kt\u00f3ry mo\u017cna u\u017cywa\u0107 jeszcze raz i jeszcze raz i jeszcze Zr\u00f3b babk\u0119 z piasku albo zamek z fos\u0105. Do\u0142\u0105czone narz\u0119dzia i pi\u0119kne foremki pomog\u0105 stworzy\u0107 czego dusza zapragnie. Masa Super Sand sk\u0142ada si\u0119 z naturalnych sk\u0142adnik\u00f3w mineralnych. Je\u017celi co\u015b si\u0119 rozsypie poza piaskownice, nie ma problemu poniewa\u017c masa ma specjaln\u0105 struktur\u0119 pomagaj\u0105c\u0105 w utrzymaniu czysto\u015bci. Super Sand stymuluje kreatywno\u015b\u0107 dzieci. Daj si\u0119 ponie\u015b\u0107 swojej wyobra\u017ani i ciesz si\u0119 swoimi kreacjami z Super Sand!Dotknij aby poczu\u0107 r\u00f3\u017cnice.Informacje o produkcieNr katalogowy83330Marka (Zabawki) BrakObszar (nauka i rozw\u00f3j) PlastyczneRodzaj (nauka i rozw\u00f3j) Piasek kinetycznyWymagania wiekowe od 4 latP\u0142e\u0107 (zabawki) Dziewczynki i ch\u0142opcyProdukt na baterie NieBaterie w zestawie NieZasilanie Nie dotyczyAkcesoria w zestawie 800 g super piaskuPojemnik do zabawy4 du\u017ce foremki w tematyce zamk\u00f3w4 mniejsze foremki w tematyce zamk\u00f3w1 rolka w tematyce zamk\u00f3w wraz z r\u0105czk\u01051 paca z kszta\u0142tem cegie\u0142 (w tematyce zamk\u00f3w)<\/p>\n<h2>Goliath Piasek Kinetyczny Super Sand Castle Goliath<\/h2>\n<p>wpad\u0142a bomba do piwnicy, zagadki o owocach, \u015bwi\u0119ty przemys\u0142aw, gry i zabawy ruchowe, cytaty o macierzy\u0144stwie, quizy miko\u0142ajek, babcia z dziadkiem to jest to tekst, m\u0105dre \u017cyczenia \u015bwi\u0105teczne, zagadki matematyczne na logik\u0119, kolorowanka konie, narysowa\u0107 rysunki \u0142atwe, laurka na urodziny do druku, stare piosenki dla dzieci teksty, lukrecja imi\u0119, jak narysowa\u0107 oko, prezent dla 15 latka, el\u017cbieta imi\u0119, quiz minecraft, filmy disneya, lucjan imi\u0119<\/p>\n<p>yyyyy<\/p>\n<p>&nbsp;<\/p>\n","protected":false},"excerpt":{"rendered":"<p>Piasek Super Sand CastleOdkryj przyjemno\u015b\u0107 tworzenia pe\u0142nych detali zamk\u00f3w z piasku. Korzystaj z za\u0142\u0105czonych foremek i pozw\u00f3l by wyobra\u017ania Ci\u0119 ponios\u0142a! Specjalne foremki nadadz\u0105 tematyczne wzory np. cegie\u0142 i schod\u00f3w Twoim budowlom!Zamki na piasku Lato s\u0142o\u0144ce i pla\u017ca.Super Sand przenosi lato i zabaw\u0119 piaskiem do domu. Super aksamitne w dotyku, suche a jednocze\u015bnie antybakteryjne i [&hellip;]<\/p>\n","protected":false},"featured_media":10506,"comment_status":"closed","ping_status":"open","template":"","meta":[],"product_cat":[1173,21],"product_tag":[776,723,651,835,636,653],"class_list":["post-10505","product","type-product","status-publish","has-post-thumbnail","hentry","product_cat-goliath","product_cat-zabawki-plastyczne","product_tag-dobrej-nocy","product_tag-krotkie-bajki-do-czytania-na-dobranoc","product_tag-quizy-online","product_tag-radosc-dziecka-cytaty","product_tag-teksty-kolysanek","product_tag-warszawa-dla-dzieci"],"_links":{"self":[{"href":"http:\/\/klubmamgdynia.pl\/index.php\/wp-json\/wp\/v2\/product\/10505","targetHints":{"allow":["GET"]}}],"collection":[{"href":"http:\/\/klubmamgdynia.pl\/index.php\/wp-json\/wp\/v2\/product"}],"about":[{"href":"http:\/\/klubmamgdynia.pl\/index.php\/wp-json\/wp\/v2\/types\/product"}],"replies":[{"embeddable":true,"href":"http:\/\/klubmamgdynia.pl\/index.php\/wp-json\/wp\/v2\/comments?post=10505"}],"wp:featuredmedia":[{"embeddable":true,"href":"http:\/\/klubmamgdynia.pl\/index.php\/wp-json\/wp\/v2\/media\/10506"}],"wp:attachment":[{"href":"http:\/\/klubmamgdynia.pl\/index.php\/wp-json\/wp\/v2\/media?parent=10505"}],"wp:term":[{"taxonomy":"product_cat","embeddable":true,"href":"http:\/\/klubmamgdynia.pl\/index.php\/wp-json\/wp\/v2\/product_cat?post=10505"},{"taxonomy":"product_tag","embeddable":true,"href":"http:\/\/klubmamgdynia.pl\/index.php\/wp-json\/wp\/v2\/product_tag?post=10505"}],"curies":[{"name":"wp","href":"https:\/\/api.w.org\/{rel}","templated":true}]}}