{"id":10507,"date":"2017-01-02T05:47:15","date_gmt":"2017-01-02T04:47:15","guid":{"rendered":"http:\/\/klubmamgdynia.pl\/index.php\/produkt\/lisciani-giochi-disney-kraina-lodu-dwustronne-maxi-35el-30446867\/"},"modified":"2026-04-14T12:44:22","modified_gmt":"2026-04-14T10:44:22","slug":"lisciani-giochi-disney-kraina-lodu-dwustronne-maxi-35el-30446867","status":"publish","type":"product","link":"http:\/\/klubmamgdynia.pl\/index.php\/produkt\/lisciani-giochi-disney-kraina-lodu-dwustronne-maxi-35el-30446867\/","title":{"rendered":"Lisciani Giochi Disney Kraina Lodu Dwustronne Maxi 35el. 30446867"},"content":{"rendered":"<p>8008324046867<\/p>\n<h2>Lisciani Giochi Disney Kraina Lodu Dwustronne Maxi 35el. 30446867 Lisciani Giochi<\/h2>\n<p>jeremi imi\u0119, opowie\u015bci z narni test, szablony papierowe lalki do ubierania do wydruku, kolorowanki lego friends, wakacyjne kolorowanki, prezent dla dziewczynki 7 lat, koty kolorowanki do druku, pewna \u017caba by\u0142a s\u0142aba, dyplom dla przedszkolaka do wydruku, gabriela imie, mitologia grecka quiz, jeremi, quiz o polsce dla dzieci, opisy do zdj\u0119\u0107 dziecka, \u017carty na prima aprilis w domu, wroclaw atrakcje dla dzieci, zagadki zimowe dla dzieci, zabawy dla 10 latk\u00f3w<\/p>\n<p>yyyyy<\/p>\n<p>&nbsp;<\/p>\n","protected":false},"excerpt":{"rendered":"<p>8008324046867 Lisciani Giochi Disney Kraina Lodu Dwustronne Maxi 35el. 30446867 Lisciani Giochi jeremi imi\u0119, opowie\u015bci z narni test, szablony papierowe lalki do ubierania do wydruku, kolorowanki lego friends, wakacyjne kolorowanki, prezent dla dziewczynki 7 lat, koty kolorowanki do druku, pewna \u017caba by\u0142a s\u0142aba, dyplom dla przedszkolaka do wydruku, gabriela imie, mitologia grecka quiz, jeremi, quiz [&hellip;]<\/p>\n","protected":false},"featured_media":10508,"comment_status":"closed","ping_status":"open","template":"","meta":[],"product_cat":[553,90],"product_tag":[613,866,651,872],"class_list":["post-10507","product","type-product","status-publish","has-post-thumbnail","hentry","product_cat-lisciani-giochi","product_cat-puzzle","product_tag-na-wyspach-bergamutach","product_tag-opis-do-zdjecia-dziecka-na-fb","product_tag-quizy-online","product_tag-zagadki-dla-dzieci-6-lat"],"_links":{"self":[{"href":"http:\/\/klubmamgdynia.pl\/index.php\/wp-json\/wp\/v2\/product\/10507","targetHints":{"allow":["GET"]}}],"collection":[{"href":"http:\/\/klubmamgdynia.pl\/index.php\/wp-json\/wp\/v2\/product"}],"about":[{"href":"http:\/\/klubmamgdynia.pl\/index.php\/wp-json\/wp\/v2\/types\/product"}],"replies":[{"embeddable":true,"href":"http:\/\/klubmamgdynia.pl\/index.php\/wp-json\/wp\/v2\/comments?post=10507"}],"wp:featuredmedia":[{"embeddable":true,"href":"http:\/\/klubmamgdynia.pl\/index.php\/wp-json\/wp\/v2\/media\/10508"}],"wp:attachment":[{"href":"http:\/\/klubmamgdynia.pl\/index.php\/wp-json\/wp\/v2\/media?parent=10507"}],"wp:term":[{"taxonomy":"product_cat","embeddable":true,"href":"http:\/\/klubmamgdynia.pl\/index.php\/wp-json\/wp\/v2\/product_cat?post=10507"},{"taxonomy":"product_tag","embeddable":true,"href":"http:\/\/klubmamgdynia.pl\/index.php\/wp-json\/wp\/v2\/product_tag?post=10507"}],"curies":[{"name":"wp","href":"https:\/\/api.w.org\/{rel}","templated":true}]}}