{"id":10509,"date":"2012-03-01T13:10:58","date_gmt":"2012-03-01T12:10:58","guid":{"rendered":"http:\/\/klubmamgdynia.pl\/index.php\/produkt\/crayola-washimals-morskie-zwierzeta\/"},"modified":"2026-05-17T22:42:19","modified_gmt":"2026-05-17T20:42:19","slug":"crayola-washimals-morskie-zwierzeta","status":"publish","type":"product","link":"http:\/\/klubmamgdynia.pl\/index.php\/produkt\/crayola-washimals-morskie-zwierzeta\/","title":{"rendered":"Crayola Washimals Morskie Zwierz\u0119ta"},"content":{"rendered":"<p>Washimals Morskie zwierz\u0119ta CRAYOLA.U\u017cywaj\u0105c zmywalnych marker\u00f3w kt\u00f3re znajdziesz w zestawie, mo\u017cesz uwolni\u0107 swoj\u0105 kreatywno\u015b\u0107. Masz mo\u017cliwo\u015b\u0107 tworzy\u0107 wiele nowych styl\u00f3w i przekszta\u0142ca\u0107 je w to, co chcesz.EAN: 0071662074548<\/p>\n<h2>Crayola Washimals Morskie Zwierz\u0119ta Crayola<\/h2>\n<p>kr\u00f3tkie bajki do czytania, prezent na roczek, atrakcje dla dzieci warszawa, zosia samosia, laurka na urodziny do druku, peppa kolorowanka, dzie\u0144 pluszowego misia 2021, kawal na prima aprilis, dinozaur bajka, prima aprilis zarty, kolorowe kanapki kanapki dla dzieci, mia imie<\/p>\n<p>yyyyy<\/p>\n<p>&nbsp;<\/p>\n","protected":false},"excerpt":{"rendered":"<p>Washimals Morskie zwierz\u0119ta CRAYOLA.U\u017cywaj\u0105c zmywalnych marker\u00f3w kt\u00f3re znajdziesz w zestawie, mo\u017cesz uwolni\u0107 swoj\u0105 kreatywno\u015b\u0107. Masz mo\u017cliwo\u015b\u0107 tworzy\u0107 wiele nowych styl\u00f3w i przekszta\u0142ca\u0107 je w to, co chcesz.EAN: 0071662074548 Crayola Washimals Morskie Zwierz\u0119ta Crayola kr\u00f3tkie bajki do czytania, prezent na roczek, atrakcje dla dzieci warszawa, zosia samosia, laurka na urodziny do druku, peppa kolorowanka, dzie\u0144 pluszowego [&hellip;]<\/p>\n","protected":false},"featured_media":10510,"comment_status":"closed","ping_status":"open","template":"","meta":[],"product_cat":[1913,21],"product_tag":[865,645,703,764],"class_list":["post-10509","product","type-product","status-publish","has-post-thumbnail","hentry","product_cat-crayola","product_cat-zabawki-plastyczne","product_tag-cytaty-o-dzieciach","product_tag-latwe-zagadki","product_tag-prezent-dla-nastolatki","product_tag-prezenty-na-roczek-dla-dziewczynki"],"_links":{"self":[{"href":"http:\/\/klubmamgdynia.pl\/index.php\/wp-json\/wp\/v2\/product\/10509","targetHints":{"allow":["GET"]}}],"collection":[{"href":"http:\/\/klubmamgdynia.pl\/index.php\/wp-json\/wp\/v2\/product"}],"about":[{"href":"http:\/\/klubmamgdynia.pl\/index.php\/wp-json\/wp\/v2\/types\/product"}],"replies":[{"embeddable":true,"href":"http:\/\/klubmamgdynia.pl\/index.php\/wp-json\/wp\/v2\/comments?post=10509"}],"wp:featuredmedia":[{"embeddable":true,"href":"http:\/\/klubmamgdynia.pl\/index.php\/wp-json\/wp\/v2\/media\/10510"}],"wp:attachment":[{"href":"http:\/\/klubmamgdynia.pl\/index.php\/wp-json\/wp\/v2\/media?parent=10509"}],"wp:term":[{"taxonomy":"product_cat","embeddable":true,"href":"http:\/\/klubmamgdynia.pl\/index.php\/wp-json\/wp\/v2\/product_cat?post=10509"},{"taxonomy":"product_tag","embeddable":true,"href":"http:\/\/klubmamgdynia.pl\/index.php\/wp-json\/wp\/v2\/product_tag?post=10509"}],"curies":[{"name":"wp","href":"https:\/\/api.w.org\/{rel}","templated":true}]}}