{"id":10515,"date":"2024-04-14T01:33:10","date_gmt":"2024-04-13T23:33:10","guid":{"rendered":"http:\/\/klubmamgdynia.pl\/?post_type=product&#038;p=10515"},"modified":"2026-04-17T02:57:05","modified_gmt":"2026-04-17T00:57:05","slug":"import-leantoys-tablica-dwustronna-magnetyczna-kredowa-niebiesko-czerwona-szablony","status":"publish","type":"product","link":"http:\/\/klubmamgdynia.pl\/index.php\/produkt\/import-leantoys-tablica-dwustronna-magnetyczna-kredowa-niebiesko-czerwona-szablony\/","title":{"rendered":"Import Leantoys Tablica Dwustronna Magnetyczna Kredowa Niebiesko Czerwona Szablony"},"content":{"rendered":"<p>Tablica Dwustronna Magnetyczna Kredowa Niebiesko Czerwona Szablony Wielofunkcyjna tablica sprawi rado\u015b\u0107 nie jednemu arty\u015bcie, ale r\u00f3wnie\u017c mo\u017ce stanowi\u0107 pomoc naukow\u0105. Rysowanie kred\u0105 i pisakami to co\u015b dla dziecka, kt\u00f3re uwielbia rysowa\u0107. Niebiesko- czerwona tablica pasuje do ka\u017cdego pokoju dzieci\u0119cego. Rysowanie na tablicy rozwinie u dziecka zdolno\u015bci plastyczne, wyobra\u017ani\u0119 i dok\u0142adno\u015b\u0107, funkcje r\u0119ki oraz koordynacj\u0119 oko-r\u0119ka.Du\u017co zalet, a jeden produkt. Tablica posiada dwie powierzchnie do rysowania &#8211; bia\u0142\u0105, przeznaczon\u0105 do u\u017cywania zmazywalnych pisak\u00f3w oraz czarn\u0105, po kt\u00f3rej mo\u017cna rysowa\u0107 za pomoc\u0105 kredy. Do zestawu do\u0142\u0105czone jest 12 sztuk mazak\u00f3w kolorowych, a tak\u017ce zestaw 12 kawa\u0142k\u00f3w kredy. W dolnej cz\u0119\u015bci tablicy znajduje si\u0119 ma\u0142e szufladki na wszystkie akcesoria, podczas gdy z nich nie korzystamy lub nie s\u0105 nam w tym momencie potrzebne. Dodatkowo na g\u00f3rze tablicy zamontowany jest haczyk umiejscowiony nad tablic\u0105, pozwala r\u00f3wnie\u017c zaczepienie kartki papieru. Dodatkowe szablony z figurami geometrycznymi i literami umo\u017cliwiaj\u0105 poznanie zagadnie\u0144 matematycznych i nauk\u0119 nowych kszta\u0142t\u00f3w przez malucha. Elementy zestawu:- tablica &#8211; 12 kolorowych pisak\u00f3w,- 12 kolorowych kred &#8211; szablon z figurami geometrycznymi &#8211; szablon z literami- pisak, kt\u00f3ry po pod\u015bwietleniu poka\u017ce co narysowa\u0142e\u015b Wymiary tablicy: 64 cm x 44 cm x 30 cm Wymiary powierzchni do pisania: 33 cm x 26 cm Wysoko\u015b\u0107 od pod\u0142o\u017ca do tablicy: 30 cm Wymiary opakowania: 63 cm x 43 cm x 8,5 cm Przeznaczona dla dzieci powy\u017cej 3 roku \u017cycia. Zgodna z norm\u0105 EN71 i certyfikatem CE&#8230;.<\/p>\n<h2>Import Leantoys Tablica Dwustronna Magnetyczna Kredowa Niebiesko Czerwona Szablony Lean<\/h2>\n<p>dzieci z bullerbyn quiz, zagadki logiczne z odpowiedziami, filmy animowane \u015bwi\u0105teczne, prezent dla 14 latki, kr\u00f3tkie zagadki dla doros\u0142ych, trudne zagadki dla dzieci, trudne zagadki na inteligencje, nela imi\u0119<\/p>\n<p>yyyyy<\/p>\n<p>&nbsp;<\/p>\n","protected":false},"excerpt":{"rendered":"<p>Tablica Dwustronna Magnetyczna Kredowa Niebiesko Czerwona Szablony Wielofunkcyjna tablica sprawi rado\u015b\u0107 nie jednemu arty\u015bcie, ale r\u00f3wnie\u017c mo\u017ce stanowi\u0107 pomoc naukow\u0105. Rysowanie kred\u0105 i pisakami to co\u015b dla dziecka, kt\u00f3re uwielbia rysowa\u0107. Niebiesko- czerwona tablica pasuje do ka\u017cdego pokoju dzieci\u0119cego. Rysowanie na tablicy rozwinie u dziecka zdolno\u015bci plastyczne, wyobra\u017ani\u0119 i dok\u0142adno\u015b\u0107, funkcje r\u0119ki oraz koordynacj\u0119 oko-r\u0119ka.Du\u017co [&hellip;]<\/p>\n","protected":false},"featured_media":10516,"comment_status":"closed","ping_status":"open","template":"","meta":[],"product_cat":[1067,21],"product_tag":[619,652,774,625],"class_list":["post-10515","product","type-product","status-publish","has-post-thumbnail","hentry","product_cat-lean","product_cat-zabawki-plastyczne","product_tag-iwo-imie","product_tag-otto","product_tag-prezent-na-roczek-nie-zabawka","product_tag-trojmiasto-atrakcje-dla-dzieci"],"_links":{"self":[{"href":"http:\/\/klubmamgdynia.pl\/index.php\/wp-json\/wp\/v2\/product\/10515","targetHints":{"allow":["GET"]}}],"collection":[{"href":"http:\/\/klubmamgdynia.pl\/index.php\/wp-json\/wp\/v2\/product"}],"about":[{"href":"http:\/\/klubmamgdynia.pl\/index.php\/wp-json\/wp\/v2\/types\/product"}],"replies":[{"embeddable":true,"href":"http:\/\/klubmamgdynia.pl\/index.php\/wp-json\/wp\/v2\/comments?post=10515"}],"wp:featuredmedia":[{"embeddable":true,"href":"http:\/\/klubmamgdynia.pl\/index.php\/wp-json\/wp\/v2\/media\/10516"}],"wp:attachment":[{"href":"http:\/\/klubmamgdynia.pl\/index.php\/wp-json\/wp\/v2\/media?parent=10515"}],"wp:term":[{"taxonomy":"product_cat","embeddable":true,"href":"http:\/\/klubmamgdynia.pl\/index.php\/wp-json\/wp\/v2\/product_cat?post=10515"},{"taxonomy":"product_tag","embeddable":true,"href":"http:\/\/klubmamgdynia.pl\/index.php\/wp-json\/wp\/v2\/product_tag?post=10515"}],"curies":[{"name":"wp","href":"https:\/\/api.w.org\/{rel}","templated":true}]}}