{"id":10523,"date":"2011-03-06T06:48:10","date_gmt":"2011-03-06T05:48:10","guid":{"rendered":"http:\/\/klubmamgdynia.pl\/index.php\/produkt\/meri-meri-naszyjnik-flaming-pompon-19459\/"},"modified":"2026-04-04T05:35:51","modified_gmt":"2026-04-04T03:35:51","slug":"meri-meri-naszyjnik-flaming-pompon-19459","status":"publish","type":"product","link":"http:\/\/klubmamgdynia.pl\/index.php\/produkt\/meri-meri-naszyjnik-flaming-pompon-19459\/","title":{"rendered":"Meri Meri Naszyjnik Flaming Pompon 19459"},"content":{"rendered":"<p>Prze\u015bliczny naszyjnik Flamingo Pompom z wytwornym flamingiem. S\u0142odka ozdoba spodoba si\u0119 damom w ka\u017cdym wieku.Brytyjska marka Meri Meri od 35 lat zachwyca pi\u0119knymi, dopracowanymi do najdrobniejszego detalu produktami. 100% magii dzieci\u0144stwa!Wiek: 8+Materia\u0142: metalowy \u0142a\u0144cuszek, pompon z w\u0142\u00f3czki, brokatowa g\u0142owa flaminga, szurkowe nogiD\u0142ugo\u015b\u0107 naszyjnika: ok. 66 cm.Wymiary opakowania: 8,6 cm x 14,7 cm x 1,2 cm<\/p>\n<h2>Meri Meri Naszyjnik Flaming Pompon 19459 Meri Meri<\/h2>\n<p>oliwier, my little pony kolorowanki, lego ninjago kolorowanki, na wyspach bergamutach, test wiedzy z lektury przygody tomka sawyera z odpowiedziami, zagadki matematyczne dla dzieci, \u017cyczenia wielkanocne dla dzieci kr\u00f3tkie, zagadki liczbowe, maski do druku kolorowe, zagadki matematyczne dla dzieci 7 lat, ferie warszawa 2022, cytaty o dziecku i mamie, maska kota, bajki dla dzieci online, mia imi\u0119, imi\u0119 kostek, park ujazdowski, myszka minnie kolorowanka, list do gwiazdora, wierszyki na lany poniedzia\u0142ek, kolorowanki psi patrol<\/p>\n<p>yyyyy<\/p>\n<p>&nbsp;<\/p>\n","protected":false},"excerpt":{"rendered":"<p>Prze\u015bliczny naszyjnik Flamingo Pompom z wytwornym flamingiem. S\u0142odka ozdoba spodoba si\u0119 damom w ka\u017cdym wieku.Brytyjska marka Meri Meri od 35 lat zachwyca pi\u0119knymi, dopracowanymi do najdrobniejszego detalu produktami. 100% magii dzieci\u0144stwa!Wiek: 8+Materia\u0142: metalowy \u0142a\u0144cuszek, pompon z w\u0142\u00f3czki, brokatowa g\u0142owa flaminga, szurkowe nogiD\u0142ugo\u015b\u0107 naszyjnika: ok. 66 cm.Wymiary opakowania: 8,6 cm x 14,7 cm x 1,2 cm [&hellip;]<\/p>\n","protected":false},"featured_media":10524,"comment_status":"closed","ping_status":"open","template":"","meta":[],"product_cat":[1902,1903],"product_tag":[831,589,830,721],"class_list":["post-10523","product","type-product","status-publish","has-post-thumbnail","hentry","product_cat-meri-meri","product_cat-naszyjniki","product_tag-bruno","product_tag-prezent-dla-rocznego-dziecka","product_tag-rodzina-cytaty","product_tag-zagadki-matematyczne"],"_links":{"self":[{"href":"http:\/\/klubmamgdynia.pl\/index.php\/wp-json\/wp\/v2\/product\/10523","targetHints":{"allow":["GET"]}}],"collection":[{"href":"http:\/\/klubmamgdynia.pl\/index.php\/wp-json\/wp\/v2\/product"}],"about":[{"href":"http:\/\/klubmamgdynia.pl\/index.php\/wp-json\/wp\/v2\/types\/product"}],"replies":[{"embeddable":true,"href":"http:\/\/klubmamgdynia.pl\/index.php\/wp-json\/wp\/v2\/comments?post=10523"}],"wp:featuredmedia":[{"embeddable":true,"href":"http:\/\/klubmamgdynia.pl\/index.php\/wp-json\/wp\/v2\/media\/10524"}],"wp:attachment":[{"href":"http:\/\/klubmamgdynia.pl\/index.php\/wp-json\/wp\/v2\/media?parent=10523"}],"wp:term":[{"taxonomy":"product_cat","embeddable":true,"href":"http:\/\/klubmamgdynia.pl\/index.php\/wp-json\/wp\/v2\/product_cat?post=10523"},{"taxonomy":"product_tag","embeddable":true,"href":"http:\/\/klubmamgdynia.pl\/index.php\/wp-json\/wp\/v2\/product_tag?post=10523"}],"curies":[{"name":"wp","href":"https:\/\/api.w.org\/{rel}","templated":true}]}}