{"id":10525,"date":"2019-09-16T07:32:36","date_gmt":"2019-09-16T05:32:36","guid":{"rendered":"http:\/\/klubmamgdynia.pl\/index.php\/produkt\/woopie-tablet-graficzny-10-5-los-dla-dzieci-do-rysowania-znikopis-rysik-31378\/"},"modified":"2026-04-06T16:07:29","modified_gmt":"2026-04-06T14:07:29","slug":"woopie-tablet-graficzny-10-5-los-dla-dzieci-do-rysowania-znikopis-rysik-31378","status":"publish","type":"product","link":"http:\/\/klubmamgdynia.pl\/index.php\/produkt\/woopie-tablet-graficzny-10-5-los-dla-dzieci-do-rysowania-znikopis-rysik-31378\/","title":{"rendered":"Woopie Tablet Graficzny 10.5&#8243; \u0141o\u015b Dla Dzieci Do Rysowania Znikopis + Rysik (31378)"},"content":{"rendered":"<p>Lekki i wytrzyma\u0142y tablet 10.5&#8243; LCD\/znikopis marki WOOPIE s\u0142u\u017c\u0105cy do rysowania lub nauki pisania. Mo\u017cna go u\u017cywa\u0107 zar\u00f3wno w domu jak i w podr\u00f3\u017cy,tworzy\u0107, pisa\u0107, rysowa\u0107 i liczy\u0107 a nast\u0119pnie jednym przyciskiem usun\u0105\u0107 zapis i rozpocz\u0105\u0107 zabaw\u0119 od nowa. Bardzo czu\u0142a matryca umo\u017cliwia dziecku pisanie do\u0142\u0105czonym do zestawu rysikiem dok\u0142adnie tak, jak o\u0142\u00f3wkiem. Grubo\u015b\u0107 linii mo\u017ce by\u0107 dostosowana w zale\u017cno\u015bci od si\u0142y nacisku. Tablet posiada blokad\u0119 zabezpieczaj\u0105c\u0105 przed przypadkowym usuni\u0119ciem rysunku.Charakterystyka:- s\u0142u\u017c\u0105cy do rysowania, nauki pisania b\u0105d\u017a liczenia,- w zestawie por\u0119cznyrysik wbudowany w tablet,- czu\u0142e na si\u0142\u0119 nacisku rysika pod\u0142o\u017ce pozwala rysowa\u0107 linie o r\u00f3\u017cnej grubo\u015bci,- por\u0119czny przycisk przeznaczony do b\u0142yskawicznego kasowania za pomoc\u0105 jednego wci\u015bni\u0119cia,- posiada przycisk do blokowania,- przeno\u015bny i \u0142atwy w u\u017cyciu &#8211; niewielka waga sprawia, \u017ce tablet mo\u017cna zabra\u0107 zawsze ze sob\u0105,- przeznaczony dla dzieci od 18 miesi\u0105ca \u017cycia,- wielko\u015b\u0107 wy\u015bwietlacza LCD 10.5 cala.Zabawki marki Woopie maj\u0105 jeden cel &#8211; wzbudza\u0107 rado\u015b\u0107 dzieci! Po\u015br\u00f3d bogatego asortymentu, Woopie posiada mi\u0119dzy innymi stroje karnawa\u0142owe i przebrania dla dzieci, ale tak\u017ce hu\u015btawki zawieszane, zabawki piankowe, r\u00f3\u017cnego rodzaju zabawki ogrodowe, oraz du\u017co wi\u0119cej! Daj si\u0119 ponie\u015b\u0107 zabawie &#8211; daj si\u0119 ponie\u015b\u0107 Woopie!<\/p>\n<h2>Woopie Tablet Graficzny 10.5&#8243; \u0141o\u015b Dla Dzieci Do Rysowania Znikopis + Rysik (31378) Woopie<\/h2>\n<p>atrakcje dla nastolatk\u00f3w warszawa, u\u015bmiech dziecka wiersz, gdzie strumyk p\u0142ynie z wolna tekst, filmy familijne walta disneya, dzie\u0144 nauczyciela teksty, trudne zagadki dla dzieci, zaproszenia na urodziny do wydruku, alan imie, wydarzenia dla dzieci warszawa, wzory dyplom\u00f3w dyplomy do druku, cytat o rodzinie, dobrej nocy, testy z lektury zemsta<\/p>\n<p>yyyyy<\/p>\n<p>&nbsp;<\/p>\n","protected":false},"excerpt":{"rendered":"<p>Lekki i wytrzyma\u0142y tablet 10.5&#8243; LCD\/znikopis marki WOOPIE s\u0142u\u017c\u0105cy do rysowania lub nauki pisania. Mo\u017cna go u\u017cywa\u0107 zar\u00f3wno w domu jak i w podr\u00f3\u017cy,tworzy\u0107, pisa\u0107, rysowa\u0107 i liczy\u0107 a nast\u0119pnie jednym przyciskiem usun\u0105\u0107 zapis i rozpocz\u0105\u0107 zabaw\u0119 od nowa. Bardzo czu\u0142a matryca umo\u017cliwia dziecku pisanie do\u0142\u0105czonym do zestawu rysikiem dok\u0142adnie tak, jak o\u0142\u00f3wkiem. Grubo\u015b\u0107 linii [&hellip;]<\/p>\n","protected":false},"featured_media":10526,"comment_status":"closed","ping_status":"open","template":"","meta":[],"product_cat":[177,21],"product_tag":[650,859,622,716,727,735],"class_list":["post-10525","product","type-product","status-publish","has-post-thumbnail","hentry","product_cat-woopie","product_cat-zabawki-plastyczne","product_tag-choinka-z-bibuly","product_tag-dobranoc-pchly-na-noc","product_tag-fajne-zagadki","product_tag-filmy-animowane-o-swietach","product_tag-godlo-polski-do-druku","product_tag-prezent-na-roczek-dziewczynka"],"_links":{"self":[{"href":"http:\/\/klubmamgdynia.pl\/index.php\/wp-json\/wp\/v2\/product\/10525","targetHints":{"allow":["GET"]}}],"collection":[{"href":"http:\/\/klubmamgdynia.pl\/index.php\/wp-json\/wp\/v2\/product"}],"about":[{"href":"http:\/\/klubmamgdynia.pl\/index.php\/wp-json\/wp\/v2\/types\/product"}],"replies":[{"embeddable":true,"href":"http:\/\/klubmamgdynia.pl\/index.php\/wp-json\/wp\/v2\/comments?post=10525"}],"wp:featuredmedia":[{"embeddable":true,"href":"http:\/\/klubmamgdynia.pl\/index.php\/wp-json\/wp\/v2\/media\/10526"}],"wp:attachment":[{"href":"http:\/\/klubmamgdynia.pl\/index.php\/wp-json\/wp\/v2\/media?parent=10525"}],"wp:term":[{"taxonomy":"product_cat","embeddable":true,"href":"http:\/\/klubmamgdynia.pl\/index.php\/wp-json\/wp\/v2\/product_cat?post=10525"},{"taxonomy":"product_tag","embeddable":true,"href":"http:\/\/klubmamgdynia.pl\/index.php\/wp-json\/wp\/v2\/product_tag?post=10525"}],"curies":[{"name":"wp","href":"https:\/\/api.w.org\/{rel}","templated":true}]}}