{"id":10527,"date":"2021-02-11T03:08:39","date_gmt":"2021-02-11T02:08:39","guid":{"rendered":"http:\/\/klubmamgdynia.pl\/index.php\/produkt\/quercetti-georello-jungle-zestaw-konstrukcyjny-50-el\/"},"modified":"2026-05-17T22:49:47","modified_gmt":"2026-05-17T20:49:47","slug":"quercetti-georello-jungle-zestaw-konstrukcyjny-50-el","status":"publish","type":"product","link":"http:\/\/klubmamgdynia.pl\/index.php\/produkt\/quercetti-georello-jungle-zestaw-konstrukcyjny-50-el\/","title":{"rendered":"Quercetti Georello Jungle Zestaw Konstrukcyjny 50 El."},"content":{"rendered":"<p>Podstawowe zasady mechaniki zawarte w kolorowej, zwariowanej zabawce konstrukcyjnej. Najpierw nale\u017cy zbudowa\u0107 podstaw\u0119 \u0142\u0105cz\u0105c ze sob\u0105 p\u0142yty, a nast\u0119pnie do\u0142\u0105czy\u0107 ko\u0142a z\u0119bate i stworzy\u0107 reakcj\u0119 \u0142a\u0144cuchow\u0105! Z zestawami Georello mo\u017cna \u015bwietnie si\u0119 bawi\u0107, buduj\u0105c obrotowe plansze oraz dowolnie komponuj\u0105c zwierz\u0119ta i drzewa.Wiek: 4+Zawarto\u015b\u0107: 50 element\u00f3wWymiary pude\u0142ka: 29 cm x 29 cm x 7 cmMade in ItalyInteligentne zabawki edukacyjne znanej w\u0142oskiej marki Quercetti rozwijaj\u0105 wyobra\u017ani\u0119 przestrzenn\u0105, ucz\u0105 my\u015blenia przyczynowo skutkowego i pozwalaj\u0105 na intuicyjne poznawanie zasad fizyki i mechaniki.<\/p>\n<h2>Quercetti Georello Jungle Zestaw Konstrukcyjny 50 El. Quercetti<\/h2>\n<p>zagadki \u0142amig\u0142\u00f3wki, alan imie, co mo\u017cna zrobi\u0107 na prima aprilis, test detektyw pozytywka, pisanie po \u015bladzie do druku pdf, maska do druku, wzruszajace cytaty o rodzinie, nadia, ziemia wyspa zielona tekst, estera, pia, quizy dla dzieci o zwierz\u0119tach, \u017carty na prima aprilis dla dzieci, bajka o dinozaurach do czytania, laurka na urodziny do druku<\/p>\n<p>yyyyy<\/p>\n<p>&nbsp;<\/p>\n","protected":false},"excerpt":{"rendered":"<p>Podstawowe zasady mechaniki zawarte w kolorowej, zwariowanej zabawce konstrukcyjnej. Najpierw nale\u017cy zbudowa\u0107 podstaw\u0119 \u0142\u0105cz\u0105c ze sob\u0105 p\u0142yty, a nast\u0119pnie do\u0142\u0105czy\u0107 ko\u0142a z\u0119bate i stworzy\u0107 reakcj\u0119 \u0142a\u0144cuchow\u0105! Z zestawami Georello mo\u017cna \u015bwietnie si\u0119 bawi\u0107, buduj\u0105c obrotowe plansze oraz dowolnie komponuj\u0105c zwierz\u0119ta i drzewa.Wiek: 4+Zawarto\u015b\u0107: 50 element\u00f3wWymiary pude\u0142ka: 29 cm x 29 cm x 7 cmMade in [&hellip;]<\/p>\n","protected":false},"featured_media":10528,"comment_status":"closed","ping_status":"open","template":"","meta":[],"product_cat":[113,1155],"product_tag":[719,670,659,788,600],"class_list":["post-10527","product","type-product","status-publish","has-post-thumbnail","hentry","product_cat-klocki","product_cat-quercetti","product_tag-dziecko-cytaty-zlote-mysli","product_tag-irma","product_tag-tupu-tup-po-sniegu-tekst","product_tag-zagadki-krotkie","product_tag-zaproszenia-na-urodziny-do-druku"],"_links":{"self":[{"href":"http:\/\/klubmamgdynia.pl\/index.php\/wp-json\/wp\/v2\/product\/10527","targetHints":{"allow":["GET"]}}],"collection":[{"href":"http:\/\/klubmamgdynia.pl\/index.php\/wp-json\/wp\/v2\/product"}],"about":[{"href":"http:\/\/klubmamgdynia.pl\/index.php\/wp-json\/wp\/v2\/types\/product"}],"replies":[{"embeddable":true,"href":"http:\/\/klubmamgdynia.pl\/index.php\/wp-json\/wp\/v2\/comments?post=10527"}],"wp:featuredmedia":[{"embeddable":true,"href":"http:\/\/klubmamgdynia.pl\/index.php\/wp-json\/wp\/v2\/media\/10528"}],"wp:attachment":[{"href":"http:\/\/klubmamgdynia.pl\/index.php\/wp-json\/wp\/v2\/media?parent=10527"}],"wp:term":[{"taxonomy":"product_cat","embeddable":true,"href":"http:\/\/klubmamgdynia.pl\/index.php\/wp-json\/wp\/v2\/product_cat?post=10527"},{"taxonomy":"product_tag","embeddable":true,"href":"http:\/\/klubmamgdynia.pl\/index.php\/wp-json\/wp\/v2\/product_tag?post=10527"}],"curies":[{"name":"wp","href":"https:\/\/api.w.org\/{rel}","templated":true}]}}