{"id":10529,"date":"2019-09-05T23:14:55","date_gmt":"2019-09-05T21:14:55","guid":{"rendered":"http:\/\/klubmamgdynia.pl\/index.php\/produkt\/luxma-projektor-do-rysowania-rzutnik-korona-muzyka-6776\/"},"modified":"2026-04-22T21:37:40","modified_gmt":"2026-04-22T19:37:40","slug":"luxma-projektor-do-rysowania-rzutnik-korona-muzyka-6776","status":"publish","type":"product","link":"http:\/\/klubmamgdynia.pl\/index.php\/produkt\/luxma-projektor-do-rysowania-rzutnik-korona-muzyka-6776\/","title":{"rendered":"Luxma PROJEKTOR DO RYSOWANIA RZUTNIK KORONA MUZYKA 6776"},"content":{"rendered":"<p>Projektor do rysowania na n\u00f3\u017ckach rzutnik do nauki rysowania rzutnik do wy\u015bwietlania obrazk\u00f3w korona r\u00f3\u017cowa dla dzieci YM6776\u015aliczny projektor do rysowania z koron\u0105 to idealna zabawka dla Twojego Ma\u0142ego Artysty.Rozwijaj wyobra\u017ani\u0119, zdolno\u015bci manualne i artystyczne Twojego dziecka od najm\u0142odszych lat.Nauka poprzez zabaw\u0119 to najlepsza metoda.Wymiary projektora: 35 cm (wys.) x 26 cm (szer.) x 21 cm (g\u0142.)Wiek: 3+Zabawka posiada certyfikat CE, EN71.Funkcje:G\u0142owa z koron\u0105 posiada w\u0142\u0105cznik on\/off oraz w\u0142\u0105cznik melodyjek. Po przesuni\u0119ciu w\u0142\u0105cznika raz o\u015bwieca si\u0119 \u015bwiat\u0142o, a po przesuni\u0119ciu drugi raz uruchamiaj\u0105 si\u0119 melodyjki. Dzi\u0119ki temu mo\u017cna malowa\u0107 z muzyk\u0105, albo bez. Projektor gra 12 r\u00f3\u017cnych melodyjek. G\u0142\u00f3wka jest ruchoma (g\u00f3ra-d\u00f3\u0142), natomiast ca\u0142e ramie mo\u017cna przesuwa\u0107 w lewo i prawo.Pod spodem g\u0142\u00f3wki znajduje si\u0119 regulacja ostro\u015bci obrazu.Do korony wk\u0142adamy kr\u0105\u017cki ze slajdami.Po w\u0142\u0105czeniu projektora za\u015bwieca si\u0119 \u015bwiate\u0142ko, po w\u0142o\u017ceniu kr\u0105\u017cka wy\u015bwietlaj\u0105 si\u0119 slajdy. Slajdy mo\u017cna wy\u015bwietla\u0107 na podstawie projektora i odrysowywa\u0107 w notesiku albo bezpo\u015brednio na podstawie.Na podstawie mo\u017cna bezpo\u015brednio malowa\u0107 mazakami, rysunki zmazujemy namoczon\u0105 g\u0105beczk\u0105, kt\u00f3ra r\u00f3wnie\u017c jest w zestawie,Mo\u017cna r\u00f3wnie\u017c skierowa\u0107 projektor na \u015bcian\u0119 i wy\u015bwietla\u0107 na \u015bcianie slajdy.Projektor mo\u017ce r\u00f3wnie\u017c pe\u0142ni\u0107 funkcj\u0119 lampki.W sk\u0142ad zestawu wchodzi:Projektor z koron\u0105  z podstaw\u0105 do rysowania i 4 n\u00f3\u017ckami3 kr\u0105\u017cki ze slajdami. Ka\u017cdy kr\u0105\u017cek posiada 8 obrazk\u00f3w, razem daje to a\u017c 24 r\u00f3\u017cne wzory!12 kolorowych mazak\u00f3wBlok do rysowaniaG\u0105bk\u0119 do zmywania obrazk\u00f3w z tablicyObrazki na slajdach:Owoce i warzywa: jab\u0142ko, ananas, pomidorki, pomara\u0144cze, winogrona, wi\u015bnie, gruszka, arbuzZwierz\u0119ta: lew, kozio\u0142ek, konik, tygrysek, ma\u0142pka, s\u0142onik, \u017cyrafa, bizonPojazdy: karetka, autobus, poci\u0105g, koparka, \u0142\u00f3d\u017a podwodna, balon, samolot, statek kosmicznyWymiary powierzchni do malowania: 20 cm x 15 cmWysoko\u015b\u0107 do powierzchni do malowania: 13 cmWymiary bloku: 15 cm x 13 cm\u015arednica kr\u0105\u017ck\u00f3w: 6 cmD\u0142ugo\u015b\u0107 mazak\u00f3w: 14 cm arbuz,Baterie: 3 x AA (brak w zestawie)Zabawka zapakowana w \u0142adne kolorowe pude\u0142ko z r\u0105czk\u0105, idealnie nadaje si\u0119 na prezent.<\/p>\n<h2>Luxma PROJEKTOR DO RYSOWANIA RZUTNIK KORONA MUZYKA 6776 Luxma<\/h2>\n<p>prezenty dla nastolatk\u00f3w na dzie\u0144 dziecka, mia i ja kolorowanka, kolorowanki lego friends, jak narysowa\u0107 \u017cab\u0119, molo w brze\u017anie, kr\u00f3tkie cytaty o mamie, everest psi patrol, cytaty rodzina, pytania zagadki, dobranoc zimowo, znaczenie imienia alan, niespotykane imiona \u017ce\u0144skie, jak namalowa\u0107 kota, zadania dla 7 latka do druku, test z lektury ten obcy, atrakcje dla dzieci tr\u00f3jmiasto, test z tajemniczego ogrodu, kawa\u0142y na prima aprilis dla rodzic\u00f3w, \u017cyczenia wielkanocne dla dzieci kr\u00f3tkie, opis do zdj\u0119cia dziecka<\/p>\n<p>yyyyy<\/p>\n<p>&nbsp;<\/p>\n","protected":false},"excerpt":{"rendered":"<p>Projektor do rysowania na n\u00f3\u017ckach rzutnik do nauki rysowania rzutnik do wy\u015bwietlania obrazk\u00f3w korona r\u00f3\u017cowa dla dzieci YM6776\u015aliczny projektor do rysowania z koron\u0105 to idealna zabawka dla Twojego Ma\u0142ego Artysty.Rozwijaj wyobra\u017ani\u0119, zdolno\u015bci manualne i artystyczne Twojego dziecka od najm\u0142odszych lat.Nauka poprzez zabaw\u0119 to najlepsza metoda.Wymiary projektora: 35 cm (wys.) x 26 cm (szer.) x 21 [&hellip;]<\/p>\n","protected":false},"featured_media":10530,"comment_status":"closed","ping_status":"open","template":"","meta":[],"product_cat":[327,21],"product_tag":[685,652,823],"class_list":["post-10529","product","type-product","status-publish","has-post-thumbnail","hentry","product_cat-luxma","product_cat-zabawki-plastyczne","product_tag-cytaty-o-rodzinie","product_tag-otto","product_tag-zagadki-dla-dzieci-7-lat"],"_links":{"self":[{"href":"http:\/\/klubmamgdynia.pl\/index.php\/wp-json\/wp\/v2\/product\/10529","targetHints":{"allow":["GET"]}}],"collection":[{"href":"http:\/\/klubmamgdynia.pl\/index.php\/wp-json\/wp\/v2\/product"}],"about":[{"href":"http:\/\/klubmamgdynia.pl\/index.php\/wp-json\/wp\/v2\/types\/product"}],"replies":[{"embeddable":true,"href":"http:\/\/klubmamgdynia.pl\/index.php\/wp-json\/wp\/v2\/comments?post=10529"}],"wp:featuredmedia":[{"embeddable":true,"href":"http:\/\/klubmamgdynia.pl\/index.php\/wp-json\/wp\/v2\/media\/10530"}],"wp:attachment":[{"href":"http:\/\/klubmamgdynia.pl\/index.php\/wp-json\/wp\/v2\/media?parent=10529"}],"wp:term":[{"taxonomy":"product_cat","embeddable":true,"href":"http:\/\/klubmamgdynia.pl\/index.php\/wp-json\/wp\/v2\/product_cat?post=10529"},{"taxonomy":"product_tag","embeddable":true,"href":"http:\/\/klubmamgdynia.pl\/index.php\/wp-json\/wp\/v2\/product_tag?post=10529"}],"curies":[{"name":"wp","href":"https:\/\/api.w.org\/{rel}","templated":true}]}}