{"id":10531,"date":"2019-04-13T21:39:55","date_gmt":"2019-04-13T19:39:55","guid":{"rendered":"http:\/\/klubmamgdynia.pl\/index.php\/produkt\/meri-meri-maskotka-narwal-duzy\/"},"modified":"2026-04-05T20:01:25","modified_gmt":"2026-04-05T18:01:25","slug":"meri-meri-maskotka-narwal-duzy","status":"publish","type":"product","link":"http:\/\/klubmamgdynia.pl\/index.php\/produkt\/meri-meri-maskotka-narwal-duzy\/","title":{"rendered":"Meri Meri Maskotka Narwal Du\u017cy"},"content":{"rendered":"<p>Bawe\u0142niana przytulanka. Wymiary: 75 x 30 x 19 cm.<\/p>\n<h2>Meri Meri Maskotka Narwal Du\u017cy Meri Meri<\/h2>\n<p>kondrad imie, przeczytaj mi wiersz, peppa do czytania, cytat o przyja\u017ani, julian, prezent dla 15 latka, na wyspach bergamutach, rymowane zagadki, kolorowanki konie z je\u017ad\u017acem, lokomotywa kolorowanka, test z lektury kajko i kokosz szko\u0142a latania, co kupi\u0107 na roczek dla dziewczynki, dzie\u0144 mamy sentencje, tr\u00f3jmiasto atrakcje dla dzieci, sentencje o rodzinie<\/p>\n<p>yyyyy<\/p>\n<p>&nbsp;<\/p>\n","protected":false},"excerpt":{"rendered":"<p>Bawe\u0142niana przytulanka. Wymiary: 75 x 30 x 19 cm. Meri Meri Maskotka Narwal Du\u017cy Meri Meri kondrad imie, przeczytaj mi wiersz, peppa do czytania, cytat o przyja\u017ani, julian, prezent dla 15 latka, na wyspach bergamutach, rymowane zagadki, kolorowanki konie z je\u017ad\u017acem, lokomotywa kolorowanka, test z lektury kajko i kokosz szko\u0142a latania, co kupi\u0107 na roczek [&hellip;]<\/p>\n","protected":false},"featured_media":10532,"comment_status":"closed","ping_status":"open","template":"","meta":[],"product_cat":[42,1902],"product_tag":[831,685,645,855,869,600],"class_list":["post-10531","product","type-product","status-publish","has-post-thumbnail","hentry","product_cat-maskotki","product_cat-meri-meri","product_tag-bruno","product_tag-cytaty-o-rodzinie","product_tag-latwe-zagadki","product_tag-nietypowe-imiona-zenskie","product_tag-zagadki-na-logike","product_tag-zaproszenia-na-urodziny-do-druku"],"_links":{"self":[{"href":"http:\/\/klubmamgdynia.pl\/index.php\/wp-json\/wp\/v2\/product\/10531","targetHints":{"allow":["GET"]}}],"collection":[{"href":"http:\/\/klubmamgdynia.pl\/index.php\/wp-json\/wp\/v2\/product"}],"about":[{"href":"http:\/\/klubmamgdynia.pl\/index.php\/wp-json\/wp\/v2\/types\/product"}],"replies":[{"embeddable":true,"href":"http:\/\/klubmamgdynia.pl\/index.php\/wp-json\/wp\/v2\/comments?post=10531"}],"wp:featuredmedia":[{"embeddable":true,"href":"http:\/\/klubmamgdynia.pl\/index.php\/wp-json\/wp\/v2\/media\/10532"}],"wp:attachment":[{"href":"http:\/\/klubmamgdynia.pl\/index.php\/wp-json\/wp\/v2\/media?parent=10531"}],"wp:term":[{"taxonomy":"product_cat","embeddable":true,"href":"http:\/\/klubmamgdynia.pl\/index.php\/wp-json\/wp\/v2\/product_cat?post=10531"},{"taxonomy":"product_tag","embeddable":true,"href":"http:\/\/klubmamgdynia.pl\/index.php\/wp-json\/wp\/v2\/product_tag?post=10531"}],"curies":[{"name":"wp","href":"https:\/\/api.w.org\/{rel}","templated":true}]}}