{"id":10533,"date":"2017-12-19T15:28:30","date_gmt":"2017-12-19T14:28:30","guid":{"rendered":"http:\/\/klubmamgdynia.pl\/index.php\/produkt\/mozaika-dla-malucha-ukladanka-trening-raczki-1260\/"},"modified":"2026-04-06T08:19:19","modified_gmt":"2026-04-06T06:19:19","slug":"mozaika-dla-malucha-ukladanka-trening-raczki-1260","status":"publish","type":"product","link":"http:\/\/klubmamgdynia.pl\/index.php\/produkt\/mozaika-dla-malucha-ukladanka-trening-raczki-1260\/","title":{"rendered":"Mozaika dla malucha uk\u0142adanka trening r\u0105czki 1260"},"content":{"rendered":"<p>Mozaika dla malucha zr\u0119czno\u015bciowa uk\u0142adanka trening r\u0105czki, puzzle guziki, wymienne planszeNauka poprzez zabaw\u0119 to najlepszy spos\u00f3b na rozw\u00f3j. Zr\u0119czno\u015bciowa uk\u0142adanka mozaika dla maluch\u00f3w to \u015bwietny spos\u00f3b na rozw\u00f3j motoryki ma\u0142ej oraz zmys\u0142\u00f3w.Wymiary podstawy: 26 x 26 x 4 cmWymiary plansz: 24 x 24 cm\u015arednica guziczk\u00f3w: 3,5 cmWiek: +3Zabawka posiada certyfikat CE, EN71.W sk\u0142ad zestawu wchodzi:otwierana podstawa10 wymiennych plansz z obrazkami: biedronka, \u017caba, dinozaur, drzewko, ci\u0119\u017car\u00f3wka, rybka, domek, ptaszek, parasol oraz \u0142\u00f3dka46 r\u00f3\u017cnokolorowych puzzli guziczk\u00f3wkolorowe opakowanie z okienkiemPo\u0142\u00f3\u017c na plastikowej podstawie wybran\u0105 plansz\u0119 z obrazkiem i zacznij dopasowywa\u0107 okr\u0105g\u0142e elementy do otwor\u00f3w. Okr\u0105g\u0142y element kolorem musi odpowiada\u0107 kolorowi z obrazka.Zabawka zapewnia d\u0142ug\u0105 zabaw\u0119 ze wzgl\u0119du na bardzo du\u017c\u0105 ilo\u015b\u0107 element\u00f3w oraz wzor\u00f3w. Obrazki i guziczki s\u0105 wielokolorowe i przyci\u0105gaj\u0105 uwag\u0119 malucha.Poprzez zabaw\u0119 sorterem dziecko rozwija :motoryk\u0119logiczne my\u015blenierozr\u00f3\u017cnianie kolor\u00f3wwyobra\u017ani\u0119cierpliwo\u015b\u0107pami\u0119\u0107zmys\u0142 koncentracjikreatywno\u015b\u0107Wymiary opakowania: 30 x 30 x 5 cmWiek: +3Zabawka posiada certyfikat CE, EN71.Zabawka zapakowana w \u0142adne, kolorowe pude\u0142ko z okienkiem. Idealnie nadaje si\u0119 na prezent&#8230;.<\/p>\n<h2>Mozaika dla malucha uk\u0142adanka trening r\u0105czki 1260 Luxma<\/h2>\n<p>prezent dla m\u0142odzie\u017cy, nauka literek do druku, quizy flagi, test magiczne drzewo czerwone krzes\u0142o, basen \u015bl\u0105sk, zemsta quizy, cytat o dzieciach, mia i ja kolorowanka<\/p>\n<p>yyyyy<\/p>\n<p>&nbsp;<\/p>\n","protected":false},"excerpt":{"rendered":"<p>Mozaika dla malucha zr\u0119czno\u015bciowa uk\u0142adanka trening r\u0105czki, puzzle guziki, wymienne planszeNauka poprzez zabaw\u0119 to najlepszy spos\u00f3b na rozw\u00f3j. Zr\u0119czno\u015bciowa uk\u0142adanka mozaika dla maluch\u00f3w to \u015bwietny spos\u00f3b na rozw\u00f3j motoryki ma\u0142ej oraz zmys\u0142\u00f3w.Wymiary podstawy: 26 x 26 x 4 cmWymiary plansz: 24 x 24 cm\u015arednica guziczk\u00f3w: 3,5 cmWiek: +3Zabawka posiada certyfikat CE, EN71.W sk\u0142ad zestawu wchodzi:otwierana [&hellip;]<\/p>\n","protected":false},"featured_media":10534,"comment_status":"closed","ping_status":"open","template":"","meta":[],"product_cat":[327,21],"product_tag":[729,639,718,751,595,607],"class_list":["post-10533","product","type-product","status-publish","has-post-thumbnail","hentry","product_cat-luxma","product_cat-zabawki-plastyczne","product_tag-madre-bajki-dla-dzieci-do-czytania","product_tag-nela-imie","product_tag-prezent-na-roczek-dla-chrzesniaka","product_tag-psi-patrol-kolorowanka","product_tag-zagadki-dla-6-latka","product_tag-zarty-na-prima-aprilis-dla-rodzicow"],"_links":{"self":[{"href":"http:\/\/klubmamgdynia.pl\/index.php\/wp-json\/wp\/v2\/product\/10533","targetHints":{"allow":["GET"]}}],"collection":[{"href":"http:\/\/klubmamgdynia.pl\/index.php\/wp-json\/wp\/v2\/product"}],"about":[{"href":"http:\/\/klubmamgdynia.pl\/index.php\/wp-json\/wp\/v2\/types\/product"}],"replies":[{"embeddable":true,"href":"http:\/\/klubmamgdynia.pl\/index.php\/wp-json\/wp\/v2\/comments?post=10533"}],"wp:featuredmedia":[{"embeddable":true,"href":"http:\/\/klubmamgdynia.pl\/index.php\/wp-json\/wp\/v2\/media\/10534"}],"wp:attachment":[{"href":"http:\/\/klubmamgdynia.pl\/index.php\/wp-json\/wp\/v2\/media?parent=10533"}],"wp:term":[{"taxonomy":"product_cat","embeddable":true,"href":"http:\/\/klubmamgdynia.pl\/index.php\/wp-json\/wp\/v2\/product_cat?post=10533"},{"taxonomy":"product_tag","embeddable":true,"href":"http:\/\/klubmamgdynia.pl\/index.php\/wp-json\/wp\/v2\/product_tag?post=10533"}],"curies":[{"name":"wp","href":"https:\/\/api.w.org\/{rel}","templated":true}]}}