{"id":10535,"date":"2020-12-09T02:14:13","date_gmt":"2020-12-09T01:14:13","guid":{"rendered":"http:\/\/klubmamgdynia.pl\/index.php\/produkt\/ses-creative-mozaika-dla-malucha-14814-ses-piesek-konik-morski\/"},"modified":"2026-05-17T22:16:50","modified_gmt":"2026-05-17T20:16:50","slug":"ses-creative-mozaika-dla-malucha-14814-ses-piesek-konik-morski","status":"publish","type":"product","link":"http:\/\/klubmamgdynia.pl\/index.php\/produkt\/ses-creative-mozaika-dla-malucha-14814-ses-piesek-konik-morski\/","title":{"rendered":"Ses Creative Mozaika Dla Malucha 14814 Ses Piesek Konik Morski"},"content":{"rendered":"<p>SES Mozaiki do wyklejania PIES i KONIK MORSKISES CreativeZestaw do tworzenia kolorowych mozaik dla najm\u0142odszych dzieci SES.Wiek: 3+SES Mozaiki do wyklejania PIES i KONIK MORSKIZestaw do tworzenia kolorowych mozaik dla najm\u0142odszych dzieci w sk\u0142ad, kt\u00f3rego wchodz\u0105 dwa kolorowe obrazki (o wymiarach 18,5&#215;23 cm) i 1050 samoprzylepnych element\u00f3w mozaiki. Naklejki maj\u0105 r\u00f3\u017cne kszta\u0142ty i kolory. Zabawa w wyklejanie mozaik pozwala dzieciom rozwija\u0107 zdolno\u015bci manualne, poprawia koordynacj\u0119 r\u0119ka &#8211; oko, \u0107wiczy koncentracj\u0119 i cierpliwo\u015b\u0107.Zabawka odpowiednia dla dzieci od 3 roku \u017cycia.Wyprodukowano w Holandii.<\/p>\n<h2>Ses Creative Mozaika Dla Malucha 14814 Ses Piesek Konik Morski Ses<\/h2>\n<p>anastazja imi\u0119, janusz korczak cytaty, kolorowanka wakacje, zabawki na roczek dla dziewczynki, wierszyk o choince, flagi europy quiz, lody kolorowanka, warszawa z dzieckiem, kuba imie<\/p>\n<p>yyyyy<\/p>\n<p>&nbsp;<\/p>\n","protected":false},"excerpt":{"rendered":"<p>SES Mozaiki do wyklejania PIES i KONIK MORSKISES CreativeZestaw do tworzenia kolorowych mozaik dla najm\u0142odszych dzieci SES.Wiek: 3+SES Mozaiki do wyklejania PIES i KONIK MORSKIZestaw do tworzenia kolorowych mozaik dla najm\u0142odszych dzieci w sk\u0142ad, kt\u00f3rego wchodz\u0105 dwa kolorowe obrazki (o wymiarach 18,5&#215;23 cm) i 1050 samoprzylepnych element\u00f3w mozaiki. Naklejki maj\u0105 r\u00f3\u017cne kszta\u0142ty i kolory. Zabawa [&hellip;]<\/p>\n","protected":false},"featured_media":10536,"comment_status":"closed","ping_status":"open","template":"","meta":[],"product_cat":[537,357],"product_tag":[691,853,742,596,597],"class_list":["post-10535","product","type-product","status-publish","has-post-thumbnail","hentry","product_cat-pozostale-zabawki-edukacyjne","product_cat-ses","product_tag-gabriel","product_tag-kolorowanki-do-druku-dla-doroslych","product_tag-piosenki-dla-dzieci-tekst","product_tag-pomysly-na-prima-aprilis","product_tag-zagadki-o-zimie"],"_links":{"self":[{"href":"http:\/\/klubmamgdynia.pl\/index.php\/wp-json\/wp\/v2\/product\/10535","targetHints":{"allow":["GET"]}}],"collection":[{"href":"http:\/\/klubmamgdynia.pl\/index.php\/wp-json\/wp\/v2\/product"}],"about":[{"href":"http:\/\/klubmamgdynia.pl\/index.php\/wp-json\/wp\/v2\/types\/product"}],"replies":[{"embeddable":true,"href":"http:\/\/klubmamgdynia.pl\/index.php\/wp-json\/wp\/v2\/comments?post=10535"}],"wp:featuredmedia":[{"embeddable":true,"href":"http:\/\/klubmamgdynia.pl\/index.php\/wp-json\/wp\/v2\/media\/10536"}],"wp:attachment":[{"href":"http:\/\/klubmamgdynia.pl\/index.php\/wp-json\/wp\/v2\/media?parent=10535"}],"wp:term":[{"taxonomy":"product_cat","embeddable":true,"href":"http:\/\/klubmamgdynia.pl\/index.php\/wp-json\/wp\/v2\/product_cat?post=10535"},{"taxonomy":"product_tag","embeddable":true,"href":"http:\/\/klubmamgdynia.pl\/index.php\/wp-json\/wp\/v2\/product_tag?post=10535"}],"curies":[{"name":"wp","href":"https:\/\/api.w.org\/{rel}","templated":true}]}}