{"id":10537,"date":"2017-01-23T09:05:21","date_gmt":"2017-01-23T08:05:21","guid":{"rendered":"http:\/\/klubmamgdynia.pl\/index.php\/produkt\/meri-etui-na-iphone-tecza-x-xs\/"},"modified":"2026-05-01T17:54:33","modified_gmt":"2026-05-01T15:54:33","slug":"meri-etui-na-iphone-tecza-x-xs","status":"publish","type":"product","link":"http:\/\/klubmamgdynia.pl\/index.php\/produkt\/meri-etui-na-iphone-tecza-x-xs\/","title":{"rendered":"MERI ETUI NA IPHONE T\u0118CZA (X &amp; XS)"},"content":{"rendered":"<p>Elastyczne etui na iPhone (X &amp; XS).EAN: 636997250441<\/p>\n<h2>MERI ETUI NA IPHONE T\u0118CZA (X &amp; XS) Meri Meri<\/h2>\n<p>bajki dla dzieci do czytania na dobranoc, spongebob kolorowanka, zagadki na dzie\u0144 przedszkolaka, prezenty dla rocznego dziecka, kamila, bajki terapeutyczne o emocjach, dzie\u0144 pluszowego misia 2021, ko\u0142ysanka tekst, opisy do zdj\u0119\u0107 dziecka, \u015bwi\u0119ty przemys\u0142aw, my jeste\u015bmy krasnoludki tekst, kira imi\u0119<\/p>\n<p>yyyyy<\/p>\n<p>&nbsp;<\/p>\n","protected":false},"excerpt":{"rendered":"<p>Elastyczne etui na iPhone (X &amp; XS).EAN: 636997250441 MERI ETUI NA IPHONE T\u0118CZA (X &amp; XS) Meri Meri bajki dla dzieci do czytania na dobranoc, spongebob kolorowanka, zagadki na dzie\u0144 przedszkolaka, prezenty dla rocznego dziecka, kamila, bajki terapeutyczne o emocjach, dzie\u0144 pluszowego misia 2021, ko\u0142ysanka tekst, opisy do zdj\u0119\u0107 dziecka, \u015bwi\u0119ty przemys\u0142aw, my jeste\u015bmy krasnoludki [&hellip;]<\/p>\n","protected":false},"featured_media":10538,"comment_status":"closed","ping_status":"open","template":"","meta":[],"product_cat":[1902,1363],"product_tag":[624,752,709,712],"class_list":["post-10537","product","type-product","status-publish","has-post-thumbnail","hentry","product_cat-meri-meri","product_cat-pokrowce-i-etui-do-telefonow","product_tag-krotkie-zagadki","product_tag-kuba-imie","product_tag-zagadki-dla-dzieci-6-7-lat","product_tag-zagadki-o-zwierzetach"],"_links":{"self":[{"href":"http:\/\/klubmamgdynia.pl\/index.php\/wp-json\/wp\/v2\/product\/10537","targetHints":{"allow":["GET"]}}],"collection":[{"href":"http:\/\/klubmamgdynia.pl\/index.php\/wp-json\/wp\/v2\/product"}],"about":[{"href":"http:\/\/klubmamgdynia.pl\/index.php\/wp-json\/wp\/v2\/types\/product"}],"replies":[{"embeddable":true,"href":"http:\/\/klubmamgdynia.pl\/index.php\/wp-json\/wp\/v2\/comments?post=10537"}],"wp:featuredmedia":[{"embeddable":true,"href":"http:\/\/klubmamgdynia.pl\/index.php\/wp-json\/wp\/v2\/media\/10538"}],"wp:attachment":[{"href":"http:\/\/klubmamgdynia.pl\/index.php\/wp-json\/wp\/v2\/media?parent=10537"}],"wp:term":[{"taxonomy":"product_cat","embeddable":true,"href":"http:\/\/klubmamgdynia.pl\/index.php\/wp-json\/wp\/v2\/product_cat?post=10537"},{"taxonomy":"product_tag","embeddable":true,"href":"http:\/\/klubmamgdynia.pl\/index.php\/wp-json\/wp\/v2\/product_tag?post=10537"}],"curies":[{"name":"wp","href":"https:\/\/api.w.org\/{rel}","templated":true}]}}