{"id":10539,"date":"2015-06-16T06:29:16","date_gmt":"2015-06-16T04:29:16","guid":{"rendered":"http:\/\/klubmamgdynia.pl\/index.php\/produkt\/lisciani-zabawa-i-edukacja-puzzle-dzieciece-i-flashcards-farma-72699\/"},"modified":"2026-04-05T21:36:10","modified_gmt":"2026-04-05T19:36:10","slug":"lisciani-zabawa-i-edukacja-puzzle-dzieciece-i-flashcards-farma-72699","status":"publish","type":"product","link":"http:\/\/klubmamgdynia.pl\/index.php\/produkt\/lisciani-zabawa-i-edukacja-puzzle-dzieciece-i-flashcards-farma-72699\/","title":{"rendered":"Lisciani Zabawa I Edukacja Puzzle Dzieci\u0119ce I Flashcards Farma 72699"},"content":{"rendered":"<p>Puzzle dzieci\u0119ce i karty fiszki Farma.Zestaw edukacyjny zawieraj\u0105cy puzzle i karty edukacyjne. Dzi\u0119ki puzzlom dziecko uk\u0142ada zwierz\u0105tko, a doros\u0142y u\u017cywaj\u0105c karty z podpowiedziami, zadaje dziecku pytania. Zabawa i edukacja to nowa seria edukacyjna, kt\u00f3ra pozwala dzieciom na poznawanie okre\u015blonych obszar\u00f3w i zdobywanie istotnych kompetencji, kt\u00f3re s\u0105 istotne w p\u00f3\u017aniejszych etapach \u017cycia. \u015awiatowa Organizacja Zdrowia wyodr\u0119bni\u0142a 10 umiej\u0119tno\u015bci \u017cyciowych, kt\u00f3re s\u0105 potrzebne by wyrosn\u0105\u0107 na lepsz\u0105 i szcz\u0119\u015bliwsz\u0105 osob\u0119, kt\u00f3ra jest w stanie prowadzi\u0107 godne \u017cycie. I to w\u0142a\u015bnie te umiej\u0119tno\u015bci s\u0105 rozwijane w grach z tej serii, kt\u00f3re s\u0105 r\u00f3wnie\u017c dla dziecka \u015bwietn\u0105 zabaw\u0105.Informacje o produkcieNr katalogowy304-PL72699Marka BrakP\u0142e\u0107 DziewczynkiRodzaj Dla dzieciWymagania wiekowe od 2 latAkcesoria w zestawie 6 uk\u0142adanek6 kart z zadaniamiPozosta\u0142e parametryWymiary opakowania: 19.5 x 28.5 x 6.7 cm<\/p>\n<h2>Lisciani Zabawa I Edukacja Puzzle Dzieci\u0119ce I Flashcards Farma 72699 Lisciani<\/h2>\n<p>quiz online, zagadki logiczne i odpowiedzi, kolorowanka dla dzieci, wpad\u0142a bomba do piwnicy, lato lato lato czeka tekst, zagadki s\u0142owne, \u015bw przemys\u0142aw, znaczenie imiona kinga, renata to nie imi\u0119, sta\u0142a pod \u015bniegiem, pawe\u0142, prezent dla 7 latki, atrakcje dla dzieci warszawa 2021, znaczenia imienia alicja, prezent dla pi\u0119tnastolatka, zabawy z 7 latkiem<\/p>\n<p>yyyyy<\/p>\n<p>&nbsp;<\/p>\n","protected":false},"excerpt":{"rendered":"<p>Puzzle dzieci\u0119ce i karty fiszki Farma.Zestaw edukacyjny zawieraj\u0105cy puzzle i karty edukacyjne. Dzi\u0119ki puzzlom dziecko uk\u0142ada zwierz\u0105tko, a doros\u0142y u\u017cywaj\u0105c karty z podpowiedziami, zadaje dziecku pytania. Zabawa i edukacja to nowa seria edukacyjna, kt\u00f3ra pozwala dzieciom na poznawanie okre\u015blonych obszar\u00f3w i zdobywanie istotnych kompetencji, kt\u00f3re s\u0105 istotne w p\u00f3\u017aniejszych etapach \u017cycia. \u015awiatowa Organizacja Zdrowia wyodr\u0119bni\u0142a [&hellip;]<\/p>\n","protected":false},"featured_media":10540,"comment_status":"closed","ping_status":"open","template":"","meta":[],"product_cat":[362,537],"product_tag":[670,606,778,724],"class_list":["post-10539","product","type-product","status-publish","has-post-thumbnail","hentry","product_cat-lisciani","product_cat-pozostale-zabawki-edukacyjne","product_tag-irma","product_tag-stala-pod-sniegiem","product_tag-zabawki-na-roczek-dla-chlopca","product_tag-zagadki-podchwytliwe"],"_links":{"self":[{"href":"http:\/\/klubmamgdynia.pl\/index.php\/wp-json\/wp\/v2\/product\/10539","targetHints":{"allow":["GET"]}}],"collection":[{"href":"http:\/\/klubmamgdynia.pl\/index.php\/wp-json\/wp\/v2\/product"}],"about":[{"href":"http:\/\/klubmamgdynia.pl\/index.php\/wp-json\/wp\/v2\/types\/product"}],"replies":[{"embeddable":true,"href":"http:\/\/klubmamgdynia.pl\/index.php\/wp-json\/wp\/v2\/comments?post=10539"}],"wp:featuredmedia":[{"embeddable":true,"href":"http:\/\/klubmamgdynia.pl\/index.php\/wp-json\/wp\/v2\/media\/10540"}],"wp:attachment":[{"href":"http:\/\/klubmamgdynia.pl\/index.php\/wp-json\/wp\/v2\/media?parent=10539"}],"wp:term":[{"taxonomy":"product_cat","embeddable":true,"href":"http:\/\/klubmamgdynia.pl\/index.php\/wp-json\/wp\/v2\/product_cat?post=10539"},{"taxonomy":"product_tag","embeddable":true,"href":"http:\/\/klubmamgdynia.pl\/index.php\/wp-json\/wp\/v2\/product_tag?post=10539"}],"curies":[{"name":"wp","href":"https:\/\/api.w.org\/{rel}","templated":true}]}}