{"id":1054,"date":"2020-01-31T23:06:47","date_gmt":"2020-01-31T22:06:47","guid":{"rendered":"http:\/\/klubmamgdynia.pl\/index.php\/produkt\/eurobaby-zabawki-zabawka-piesek-sterowany-ebz93343e\/"},"modified":"2026-04-26T16:29:05","modified_gmt":"2026-04-26T14:29:05","slug":"eurobaby-zabawki-zabawka-piesek-sterowany-ebz93343e","status":"publish","type":"product","link":"http:\/\/klubmamgdynia.pl\/index.php\/produkt\/eurobaby-zabawki-zabawka-piesek-sterowany-ebz93343e\/","title":{"rendered":"Eurobaby Zabawki Zabawka Piesek Sterowany (EBZ93343E)"},"content":{"rendered":"<h2>Eurobaby Zabawki Zabawka Piesek Sterowany (EBZ93343E) <\/h2>\n<p>milosc do dzieci, \u017carty na prima aprilis na rodzic\u00f3w, wzruszaj\u0105ce s\u0142owa dla przyjaci\u00f3\u0142ki, opisy o dzieciach, sta\u0142a pod \u015bniegiem, zagadki zimowe dla dzieci, malowanie kamieni, sentencje o dzieciach, traktor z przyczep\u0105 kolorowanka do druku, test asiunia<\/p>\n<p>yyyyy<\/p>\n<p>&nbsp;<\/p>\n","protected":false},"excerpt":{"rendered":"<p>Eurobaby Zabawki Zabawka Piesek Sterowany (EBZ93343E) milosc do dzieci, \u017carty na prima aprilis na rodzic\u00f3w, wzruszaj\u0105ce s\u0142owa dla przyjaci\u00f3\u0142ki, opisy o dzieciach, sta\u0142a pod \u015bniegiem, zagadki zimowe dla dzieci, malowanie kamieni, sentencje o dzieciach, traktor z przyczep\u0105 kolorowanka do druku, test asiunia yyyyy &nbsp;<\/p>\n","protected":false},"featured_media":1055,"comment_status":"closed","ping_status":"open","template":"","meta":[],"product_cat":[39],"product_tag":[832,823,869,746],"class_list":["post-1054","product","type-product","status-publish","has-post-thumbnail","hentry","product_cat-zabawki-interaktywne","product_tag-desery-dla-dzieci","product_tag-zagadki-dla-dzieci-7-lat","product_tag-zagadki-na-logike","product_tag-zagadki-typu-co-to-jest"],"_links":{"self":[{"href":"http:\/\/klubmamgdynia.pl\/index.php\/wp-json\/wp\/v2\/product\/1054","targetHints":{"allow":["GET"]}}],"collection":[{"href":"http:\/\/klubmamgdynia.pl\/index.php\/wp-json\/wp\/v2\/product"}],"about":[{"href":"http:\/\/klubmamgdynia.pl\/index.php\/wp-json\/wp\/v2\/types\/product"}],"replies":[{"embeddable":true,"href":"http:\/\/klubmamgdynia.pl\/index.php\/wp-json\/wp\/v2\/comments?post=1054"}],"wp:featuredmedia":[{"embeddable":true,"href":"http:\/\/klubmamgdynia.pl\/index.php\/wp-json\/wp\/v2\/media\/1055"}],"wp:attachment":[{"href":"http:\/\/klubmamgdynia.pl\/index.php\/wp-json\/wp\/v2\/media?parent=1054"}],"wp:term":[{"taxonomy":"product_cat","embeddable":true,"href":"http:\/\/klubmamgdynia.pl\/index.php\/wp-json\/wp\/v2\/product_cat?post=1054"},{"taxonomy":"product_tag","embeddable":true,"href":"http:\/\/klubmamgdynia.pl\/index.php\/wp-json\/wp\/v2\/product_tag?post=1054"}],"curies":[{"name":"wp","href":"https:\/\/api.w.org\/{rel}","templated":true}]}}