{"id":10541,"date":"2018-08-27T05:25:05","date_gmt":"2018-08-27T03:25:05","guid":{"rendered":"http:\/\/klubmamgdynia.pl\/index.php\/produkt\/dk-koraliki-do-prasowania-szablon-saszetka-rybka\/"},"modified":"2026-04-27T07:33:43","modified_gmt":"2026-04-27T05:33:43","slug":"dk-koraliki-do-prasowania-szablon-saszetka-rybka","status":"publish","type":"product","link":"http:\/\/klubmamgdynia.pl\/index.php\/produkt\/dk-koraliki-do-prasowania-szablon-saszetka-rybka\/","title":{"rendered":"Dk Koraliki Do Prasowania Szablon Saszetka Rybka"},"content":{"rendered":"<p>Koraliki do prasowania, Prasowanka, Szablon, Sasze<\/p>\n<h2>Dk Koraliki Do Prasowania Szablon Saszetka Rybka Dk<\/h2>\n<p>agroturystyka dla dzieci ze zwierz\u0119tami, papugi do druku, kolorowanki lato, kolorowanki do druku konie, zagadki matematyczne na logik\u0119, quiz o wio\u015bnie, marianna, pisanie literek do druku, mi\u0142osz imi\u0119, prima aprilis zarty, anio\u0142ki do druku, co kupi\u0107 nastolatce na urodziny, pan twardowski na ksi\u0119\u017cycu wiersz<\/p>\n<p>yyyyy<\/p>\n<p>&nbsp;<\/p>\n","protected":false},"excerpt":{"rendered":"<p>Koraliki do prasowania, Prasowanka, Szablon, Sasze Dk Koraliki Do Prasowania Szablon Saszetka Rybka Dk agroturystyka dla dzieci ze zwierz\u0119tami, papugi do druku, kolorowanki lato, kolorowanki do druku konie, zagadki matematyczne na logik\u0119, quiz o wio\u015bnie, marianna, pisanie literek do druku, mi\u0142osz imi\u0119, prima aprilis zarty, anio\u0142ki do druku, co kupi\u0107 nastolatce na urodziny, pan twardowski [&hellip;]<\/p>\n","protected":false},"featured_media":10542,"comment_status":"closed","ping_status":"open","template":"","meta":[],"product_cat":[408,21],"product_tag":[650,753,651,710,805],"class_list":["post-10541","product","type-product","status-publish","has-post-thumbnail","hentry","product_cat-dk","product_cat-zabawki-plastyczne","product_tag-choinka-z-bibuly","product_tag-kamila","product_tag-quizy-online","product_tag-zagadki-dla-dzieci-10-12-lat","product_tag-znaczenie-imienia-alan"],"_links":{"self":[{"href":"http:\/\/klubmamgdynia.pl\/index.php\/wp-json\/wp\/v2\/product\/10541","targetHints":{"allow":["GET"]}}],"collection":[{"href":"http:\/\/klubmamgdynia.pl\/index.php\/wp-json\/wp\/v2\/product"}],"about":[{"href":"http:\/\/klubmamgdynia.pl\/index.php\/wp-json\/wp\/v2\/types\/product"}],"replies":[{"embeddable":true,"href":"http:\/\/klubmamgdynia.pl\/index.php\/wp-json\/wp\/v2\/comments?post=10541"}],"wp:featuredmedia":[{"embeddable":true,"href":"http:\/\/klubmamgdynia.pl\/index.php\/wp-json\/wp\/v2\/media\/10542"}],"wp:attachment":[{"href":"http:\/\/klubmamgdynia.pl\/index.php\/wp-json\/wp\/v2\/media?parent=10541"}],"wp:term":[{"taxonomy":"product_cat","embeddable":true,"href":"http:\/\/klubmamgdynia.pl\/index.php\/wp-json\/wp\/v2\/product_cat?post=10541"},{"taxonomy":"product_tag","embeddable":true,"href":"http:\/\/klubmamgdynia.pl\/index.php\/wp-json\/wp\/v2\/product_tag?post=10541"}],"curies":[{"name":"wp","href":"https:\/\/api.w.org\/{rel}","templated":true}]}}