{"id":10545,"date":"2024-10-06T20:10:54","date_gmt":"2024-10-06T18:10:54","guid":{"rendered":"http:\/\/klubmamgdynia.pl\/?post_type=product&#038;p=10545"},"modified":"2026-05-17T22:38:08","modified_gmt":"2026-05-17T20:38:08","slug":"lisciani-cocomelon-dwustronne-puzzle-podlogowe-2x12el-czas-cos-zbudowac","status":"publish","type":"product","link":"http:\/\/klubmamgdynia.pl\/index.php\/produkt\/lisciani-cocomelon-dwustronne-puzzle-podlogowe-2x12el-czas-cos-zbudowac\/","title":{"rendered":"Lisciani Cocomelon Dwustronne Puzzle Podlogowe 2X12El. Czas Co\u015b Zbudowa\u0107"},"content":{"rendered":"<p>Baw si\u0119 \u015bwietnie odtwarzaj\u0105c najlepsze sceny z bajki COCOMELON! Uk\u0142adaj dwustronne puzzle, tworz\u0105c pi\u0119kny obrazek lub koloruj jego czarno-bia\u0142y odpowiednik, staraj\u0105c si\u0119 odtworzy\u0107 kolory z bajki lub nadaj\u0105c ca\u0142ej scence nowego charakteru. Produkt zawiera 24 elementy, kt\u00f3re umo\u017cliwiaj\u0105 odtworzenie dw\u00f3ch scenek sk\u0142adaj\u0105cych si\u0119 z 12 element\u00f3w&#8230;.<\/p>\n<h2>Lisciani Cocomelon Dwustronne Puzzle Podlogowe 2X12El. Czas Co\u015b Zbudowa\u0107 Lisciani<\/h2>\n<p>wierszyki na smigus dyngus, prezent dla 7 latka ch\u0142opca, quizy ma\u0142y ksi\u0105\u017c\u0119, dziecko cytaty z\u0142ote my\u015bli<\/p>\n<p>yyyyy<\/p>\n<p>&nbsp;<\/p>\n","protected":false},"excerpt":{"rendered":"<p>Baw si\u0119 \u015bwietnie odtwarzaj\u0105c najlepsze sceny z bajki COCOMELON! Uk\u0142adaj dwustronne puzzle, tworz\u0105c pi\u0119kny obrazek lub koloruj jego czarno-bia\u0142y odpowiednik, staraj\u0105c si\u0119 odtworzy\u0107 kolory z bajki lub nadaj\u0105c ca\u0142ej scence nowego charakteru. Produkt zawiera 24 elementy, kt\u00f3re umo\u017cliwiaj\u0105 odtworzenie dw\u00f3ch scenek sk\u0142adaj\u0105cych si\u0119 z 12 element\u00f3w&#8230;. Lisciani Cocomelon Dwustronne Puzzle Podlogowe 2X12El. Czas Co\u015b Zbudowa\u0107 [&hellip;]<\/p>\n","protected":false},"featured_media":10546,"comment_status":"closed","ping_status":"open","template":"","meta":[],"product_cat":[362,90],"product_tag":[863,720,602,595],"class_list":["post-10545","product","type-product","status-publish","has-post-thumbnail","hentry","product_cat-lisciani","product_cat-puzzle","product_tag-bajki-dla-dziewczynek","product_tag-malowanki","product_tag-quiz-o-zwierzetach-domowych","product_tag-zagadki-dla-6-latka"],"_links":{"self":[{"href":"http:\/\/klubmamgdynia.pl\/index.php\/wp-json\/wp\/v2\/product\/10545","targetHints":{"allow":["GET"]}}],"collection":[{"href":"http:\/\/klubmamgdynia.pl\/index.php\/wp-json\/wp\/v2\/product"}],"about":[{"href":"http:\/\/klubmamgdynia.pl\/index.php\/wp-json\/wp\/v2\/types\/product"}],"replies":[{"embeddable":true,"href":"http:\/\/klubmamgdynia.pl\/index.php\/wp-json\/wp\/v2\/comments?post=10545"}],"wp:featuredmedia":[{"embeddable":true,"href":"http:\/\/klubmamgdynia.pl\/index.php\/wp-json\/wp\/v2\/media\/10546"}],"wp:attachment":[{"href":"http:\/\/klubmamgdynia.pl\/index.php\/wp-json\/wp\/v2\/media?parent=10545"}],"wp:term":[{"taxonomy":"product_cat","embeddable":true,"href":"http:\/\/klubmamgdynia.pl\/index.php\/wp-json\/wp\/v2\/product_cat?post=10545"},{"taxonomy":"product_tag","embeddable":true,"href":"http:\/\/klubmamgdynia.pl\/index.php\/wp-json\/wp\/v2\/product_tag?post=10545"}],"curies":[{"name":"wp","href":"https:\/\/api.w.org\/{rel}","templated":true}]}}