{"id":10547,"date":"2011-09-27T00:49:35","date_gmt":"2011-09-26T22:49:35","guid":{"rendered":"http:\/\/klubmamgdynia.pl\/index.php\/produkt\/mega-creative-pistolet-na-strzalki-460096\/"},"modified":"2026-04-05T21:54:48","modified_gmt":"2026-04-05T19:54:48","slug":"mega-creative-pistolet-na-strzalki-460096","status":"publish","type":"product","link":"http:\/\/klubmamgdynia.pl\/index.php\/produkt\/mega-creative-pistolet-na-strzalki-460096\/","title":{"rendered":"Mega Creative Pistolet Na Strza\u0142ki 460096"},"content":{"rendered":"<p>Zalety produktu: Pistolet na strza\u0142ki MEGA CREATIVE to strza\u0142 w 10. Strzelanie do celu nigdy si\u0119 nie znudzi dzi\u0119ki nowoczesnemu designowi broni W zestawie znajduje si\u0119 pistolet oraz 20 strza\u0142ek piankowych. Wystrzeliwanie strza\u0142ek nast\u0119puje po naci\u015bni\u0119ciu spustu. Zabawka wykonana z plastiku oraz pianki. Zabawka przeznaczona dla dzieci w wieku: 6 . Wymagana bateria 3,7V 1x1200mAh za\u0142\u0105czona w zestawie. Nale\u017cy zachowa\u0107 ostro\u017cno\u015b\u0107 i nie strzela\u0107 w kierunku ludzi oraz zwierz\u0105t. Wymiary opakowania d\u0142. x wys. x g\u0142. cm : 45x31x6 Waga opakowania kg 0,93kg<\/p>\n<h2>Mega Creative Pistolet Na Strza\u0142ki 460096 Mega Creative<\/h2>\n<p>sentencje ma\u0142y ksi\u0105\u017ce cytaty, kolorowanka dla dziewczynki, podchwytliwe zagadki z odpowiedziami, podchwytliwe zagadki matematyczne, zabawki dla dziewczynki na roczek, zabawy na dworze dla 10 latk\u00f3w, piesek do kolorowania, mia imie, pies kolorowanka, bajka do czytania o piesku<\/p>\n<p>yyyyy<\/p>\n<p>&nbsp;<\/p>\n","protected":false},"excerpt":{"rendered":"<p>Zalety produktu: Pistolet na strza\u0142ki MEGA CREATIVE to strza\u0142 w 10. Strzelanie do celu nigdy si\u0119 nie znudzi dzi\u0119ki nowoczesnemu designowi broni W zestawie znajduje si\u0119 pistolet oraz 20 strza\u0142ek piankowych. Wystrzeliwanie strza\u0142ek nast\u0119puje po naci\u015bni\u0119ciu spustu. Zabawka wykonana z plastiku oraz pianki. Zabawka przeznaczona dla dzieci w wieku: 6 . Wymagana bateria 3,7V 1x1200mAh [&hellip;]<\/p>\n","protected":false},"featured_media":10548,"comment_status":"closed","ping_status":"open","template":"","meta":[],"product_cat":[64,40],"product_tag":[667,652,786,631,616],"class_list":["post-10547","product","type-product","status-publish","has-post-thumbnail","hentry","product_cat-mega-creative","product_cat-zabawki-militarne","product_tag-kolorowanka-lol","product_tag-otto","product_tag-prezent-na-1-urodziny","product_tag-prezent-na-roczek","product_tag-test-mikolajek-25-pytan"],"_links":{"self":[{"href":"http:\/\/klubmamgdynia.pl\/index.php\/wp-json\/wp\/v2\/product\/10547","targetHints":{"allow":["GET"]}}],"collection":[{"href":"http:\/\/klubmamgdynia.pl\/index.php\/wp-json\/wp\/v2\/product"}],"about":[{"href":"http:\/\/klubmamgdynia.pl\/index.php\/wp-json\/wp\/v2\/types\/product"}],"replies":[{"embeddable":true,"href":"http:\/\/klubmamgdynia.pl\/index.php\/wp-json\/wp\/v2\/comments?post=10547"}],"wp:featuredmedia":[{"embeddable":true,"href":"http:\/\/klubmamgdynia.pl\/index.php\/wp-json\/wp\/v2\/media\/10548"}],"wp:attachment":[{"href":"http:\/\/klubmamgdynia.pl\/index.php\/wp-json\/wp\/v2\/media?parent=10547"}],"wp:term":[{"taxonomy":"product_cat","embeddable":true,"href":"http:\/\/klubmamgdynia.pl\/index.php\/wp-json\/wp\/v2\/product_cat?post=10547"},{"taxonomy":"product_tag","embeddable":true,"href":"http:\/\/klubmamgdynia.pl\/index.php\/wp-json\/wp\/v2\/product_tag?post=10547"}],"curies":[{"name":"wp","href":"https:\/\/api.w.org\/{rel}","templated":true}]}}