{"id":10549,"date":"2024-04-17T19:42:54","date_gmt":"2024-04-17T17:42:54","guid":{"rendered":"http:\/\/klubmamgdynia.pl\/?post_type=product&#038;p=10549"},"modified":"2026-04-29T11:24:17","modified_gmt":"2026-04-29T09:24:17","slug":"as-company-znikopis-2-pieczatki-ksiezniczki-12263","status":"publish","type":"product","link":"http:\/\/klubmamgdynia.pl\/index.php\/produkt\/as-company-znikopis-2-pieczatki-ksiezniczki-12263\/","title":{"rendered":"As Company Znikopis + 2 Piecz\u0105tki Ksi\u0119\u017cniczki 12263"},"content":{"rendered":"<p>Znikopis Ksi\u0119\u017cniczki12263 ASZnikopis z motywem Ksi\u0119\u017cniczek. Posiada lekk\u0105 ram\u0119 z uchwytem, ekran do rysowania o wymiarach: 18,5 x 12,5 cm, pisak magnetyczny, magnes do wymazywania, 2 piecz\u0105tki.Wiek: 3+.Wymiary znikopisu: 35,5 x 24 cm.Wymiary opakowania: 38 x 26 x 3 cm.Kolor: r\u00f3\u017cowy.<\/p>\n<h2>As Company Znikopis + 2 Piecz\u0105tki Ksi\u0119\u017cniczki 12263 As Company<\/h2>\n<p>prezenty dla 16 latki, pokemon kolorowanki do druku, imi\u0119 nadia, prezenty dla nastolatki<\/p>\n<p>yyyyy<\/p>\n<p>&nbsp;<\/p>\n","protected":false},"excerpt":{"rendered":"<p>Znikopis Ksi\u0119\u017cniczki12263 ASZnikopis z motywem Ksi\u0119\u017cniczek. Posiada lekk\u0105 ram\u0119 z uchwytem, ekran do rysowania o wymiarach: 18,5 x 12,5 cm, pisak magnetyczny, magnes do wymazywania, 2 piecz\u0105tki.Wiek: 3+.Wymiary znikopisu: 35,5 x 24 cm.Wymiary opakowania: 38 x 26 x 3 cm.Kolor: r\u00f3\u017cowy. As Company Znikopis + 2 Piecz\u0105tki Ksi\u0119\u017cniczki 12263 As Company prezenty dla 16 latki, [&hellip;]<\/p>\n","protected":false},"featured_media":10550,"comment_status":"closed","ping_status":"open","template":"","meta":[],"product_cat":[1874,21],"product_tag":[863,743,830,840,641],"class_list":["post-10549","product","type-product","status-publish","has-post-thumbnail","hentry","product_cat-as-company","product_cat-zabawki-plastyczne","product_tag-bajki-dla-dziewczynek","product_tag-quiz-dla-dzieci","product_tag-rodzina-cytaty","product_tag-stare-bajki","product_tag-trudne-zagadki-logiczne"],"_links":{"self":[{"href":"http:\/\/klubmamgdynia.pl\/index.php\/wp-json\/wp\/v2\/product\/10549","targetHints":{"allow":["GET"]}}],"collection":[{"href":"http:\/\/klubmamgdynia.pl\/index.php\/wp-json\/wp\/v2\/product"}],"about":[{"href":"http:\/\/klubmamgdynia.pl\/index.php\/wp-json\/wp\/v2\/types\/product"}],"replies":[{"embeddable":true,"href":"http:\/\/klubmamgdynia.pl\/index.php\/wp-json\/wp\/v2\/comments?post=10549"}],"wp:featuredmedia":[{"embeddable":true,"href":"http:\/\/klubmamgdynia.pl\/index.php\/wp-json\/wp\/v2\/media\/10550"}],"wp:attachment":[{"href":"http:\/\/klubmamgdynia.pl\/index.php\/wp-json\/wp\/v2\/media?parent=10549"}],"wp:term":[{"taxonomy":"product_cat","embeddable":true,"href":"http:\/\/klubmamgdynia.pl\/index.php\/wp-json\/wp\/v2\/product_cat?post=10549"},{"taxonomy":"product_tag","embeddable":true,"href":"http:\/\/klubmamgdynia.pl\/index.php\/wp-json\/wp\/v2\/product_tag?post=10549"}],"curies":[{"name":"wp","href":"https:\/\/api.w.org\/{rel}","templated":true}]}}