{"id":10553,"date":"2019-04-13T08:34:28","date_gmt":"2019-04-13T06:34:28","guid":{"rendered":"http:\/\/klubmamgdynia.pl\/index.php\/produkt\/tima-projektor-rzutnik-do-rysowania-32-slajdy-mazaki\/"},"modified":"2026-04-05T22:48:28","modified_gmt":"2026-04-05T20:48:28","slug":"tima-projektor-rzutnik-do-rysowania-32-slajdy-mazaki","status":"publish","type":"product","link":"http:\/\/klubmamgdynia.pl\/index.php\/produkt\/tima-projektor-rzutnik-do-rysowania-32-slajdy-mazaki\/","title":{"rendered":"Tima Projektor Rzutnik Do Rysowania 32 Slajdy Mazaki"},"content":{"rendered":"<p>Projektorrzutnik do rysowaniaRzutnik, projektor z akcesoriami b\u0119dzie wspania\u0142ym prezentem dla ka\u017cdego dziecka, kt\u00f3re uwielbia rysowa\u0107.Produkt u\u0142atwia nauk\u0119 rysunku, stawiania linii oraz tworzenia nowych kszta\u0142t\u00f3w, a wszystko po\u0142\u0105czone jest z dobr\u0105 zabaw\u0105.Do zestawu do\u0142\u0105czone zosta\u0142y 4 dyski z 32 obrazkami o r\u00f3\u017cnej tematyce: owoce, pojazdy, zwierz\u0119ta safari, zwierz\u0119ta morskie. Dzi\u0119ki nim maluch zacznie nauk\u0119 rysowania od prowadzenia linii po okre\u015blonym wzorze.Dodatkowo otrzymujemy r\u00f3wnie\u017c 12 kolorowych flamastr\u00f3w i ksi\u0105\u017ceczk\u0119 na rysunki wi\u0119c wszystko co jest potrzebne do rozpocz\u0119cia zabawy. Wygodna podstawka na pisaki pozwoli zachowa\u0107 porz\u0105dek i mie\u0107 zawsze pod r\u0119k\u0105 niezb\u0119dne narz\u0119dzia pracy.Aby uruchomi\u0107 projektor wystarczy po prostu umie\u015bci\u0107 w nim wybrany dysk i przesun\u0105\u0107 w\u0142\u0105cznik.Zabawka posiada te\u017c pokr\u0119t\u0142o, kt\u00f3rym ustawimy ostro\u015b\u0107 wy\u015bwietlanego obrazu oraz pokr\u0119t\u0142o do regulacji wysoko\u015bci.Zawarto\u015b\u0107 zestawu:projektorpodstawka na flamastry4 dyski z 32 wzorami12 kolorowych pisak\u00f3wksi\u0105\u017ceczka na rysunkiWymiary projektora: 34 x 30 x 20 cmWymiary opakowania: 39 x 24 x 9 cmZasilanie: 3 x AA 1,5V (brak w zestawie)Wiek: 3+<\/p>\n<h2>Tima Projektor Rzutnik Do Rysowania 32 Slajdy Mazaki Tima<\/h2>\n<p>basen \u015bl\u0105sk, zaproszenie na urodziny do druku pdf, prezent dla 7 latka, babcia z dziadkiem to jest to tekst, julian, szlaczki literopodobne do wydruku, prezent dla ch\u0142opca 7 lat, test z asiuni lektury, kolorowanka lol surprise, pola imie, kolorowanka spiderman, malowanki dla dziewczynek, trudne zagadki dla dzieci, gad\u017cety dla nastolatka<\/p>\n<p>yyyyy<\/p>\n<p>&nbsp;<\/p>\n","protected":false},"excerpt":{"rendered":"<p>Projektorrzutnik do rysowaniaRzutnik, projektor z akcesoriami b\u0119dzie wspania\u0142ym prezentem dla ka\u017cdego dziecka, kt\u00f3re uwielbia rysowa\u0107.Produkt u\u0142atwia nauk\u0119 rysunku, stawiania linii oraz tworzenia nowych kszta\u0142t\u00f3w, a wszystko po\u0142\u0105czone jest z dobr\u0105 zabaw\u0105.Do zestawu do\u0142\u0105czone zosta\u0142y 4 dyski z 32 obrazkami o r\u00f3\u017cnej tematyce: owoce, pojazdy, zwierz\u0119ta safari, zwierz\u0119ta morskie. Dzi\u0119ki nim maluch zacznie nauk\u0119 rysowania od [&hellip;]<\/p>\n","protected":false},"featured_media":10554,"comment_status":"closed","ping_status":"open","template":"","meta":[],"product_cat":[1915,21],"product_tag":[729,605,588,793],"class_list":["post-10553","product","type-product","status-publish","has-post-thumbnail","hentry","product_cat-tima","product_cat-zabawki-plastyczne","product_tag-madre-bajki-dla-dzieci-do-czytania","product_tag-milena","product_tag-wzruszajace-slowa-dla-przyjaciela","product_tag-zagadki-smieszne-podchwytliwe"],"_links":{"self":[{"href":"http:\/\/klubmamgdynia.pl\/index.php\/wp-json\/wp\/v2\/product\/10553","targetHints":{"allow":["GET"]}}],"collection":[{"href":"http:\/\/klubmamgdynia.pl\/index.php\/wp-json\/wp\/v2\/product"}],"about":[{"href":"http:\/\/klubmamgdynia.pl\/index.php\/wp-json\/wp\/v2\/types\/product"}],"replies":[{"embeddable":true,"href":"http:\/\/klubmamgdynia.pl\/index.php\/wp-json\/wp\/v2\/comments?post=10553"}],"wp:featuredmedia":[{"embeddable":true,"href":"http:\/\/klubmamgdynia.pl\/index.php\/wp-json\/wp\/v2\/media\/10554"}],"wp:attachment":[{"href":"http:\/\/klubmamgdynia.pl\/index.php\/wp-json\/wp\/v2\/media?parent=10553"}],"wp:term":[{"taxonomy":"product_cat","embeddable":true,"href":"http:\/\/klubmamgdynia.pl\/index.php\/wp-json\/wp\/v2\/product_cat?post=10553"},{"taxonomy":"product_tag","embeddable":true,"href":"http:\/\/klubmamgdynia.pl\/index.php\/wp-json\/wp\/v2\/product_tag?post=10553"}],"curies":[{"name":"wp","href":"https:\/\/api.w.org\/{rel}","templated":true}]}}