{"id":10555,"date":"2021-03-16T00:08:33","date_gmt":"2021-03-15T23:08:33","guid":{"rendered":"http:\/\/klubmamgdynia.pl\/index.php\/produkt\/myriwell-prasowanka-koraliki-do-prasowania-zestaw-xxl-6000el\/"},"modified":"2026-05-17T23:01:27","modified_gmt":"2026-05-17T21:01:27","slug":"myriwell-prasowanka-koraliki-do-prasowania-zestaw-xxl-6000el","status":"publish","type":"product","link":"http:\/\/klubmamgdynia.pl\/index.php\/produkt\/myriwell-prasowanka-koraliki-do-prasowania-zestaw-xxl-6000el\/","title":{"rendered":"Myriwell Prasowanka Koraliki Do Prasowania Zestaw Xxl 6000El."},"content":{"rendered":"<p>Prasowanka Koraliki Do Prasowania 6000 szt. Zestaw<\/p>\n<h2>Myriwell Prasowanka Koraliki Do Prasowania Zestaw Xxl 6000El. Dk<\/h2>\n<p>alan imie, imie pola, gabriel, zagadki dla dzieci 6-7 lat online, test z lektury ania z zielonego wzg\u00f3rza klasa 6 z odpowiedziami, quiz flagi, test opowie\u015bci z narnii lew czarownica i stara szafa do druku, miko\u0142ajek test z lektury, opowie\u015bci z narnii lew czarownica i stara szafa test do wydruku, kolorowanki dla ch\u0142opc\u00f3w do druku, imi\u0119 pola, nadia, historia pluszowego misia, atrakcje do 30 km od wroc\u0142awia, liwia imi\u0119, po\u0142\u0105cz kropki do druku \u0142atwe, zagadki logiczne trudne, zimowe zabawy dla dzieci<\/p>\n<p>yyyyy<\/p>\n<p>&nbsp;<\/p>\n","protected":false},"excerpt":{"rendered":"<p>Prasowanka Koraliki Do Prasowania 6000 szt. Zestaw Myriwell Prasowanka Koraliki Do Prasowania Zestaw Xxl 6000El. Dk alan imie, imie pola, gabriel, zagadki dla dzieci 6-7 lat online, test z lektury ania z zielonego wzg\u00f3rza klasa 6 z odpowiedziami, quiz flagi, test opowie\u015bci z narnii lew czarownica i stara szafa do druku, miko\u0142ajek test z lektury, [&hellip;]<\/p>\n","protected":false},"featured_media":10556,"comment_status":"closed","ping_status":"open","template":"","meta":[],"product_cat":[408,21],"product_tag":[707,748,770,823],"class_list":["post-10555","product","type-product","status-publish","has-post-thumbnail","hentry","product_cat-dk","product_cat-zabawki-plastyczne","product_tag-karty-pracy-dla-dzieci-z-ukrainy","product_tag-okolice-wroclawia-atrakcje","product_tag-samolot-z-papieru","product_tag-zagadki-dla-dzieci-7-lat"],"_links":{"self":[{"href":"http:\/\/klubmamgdynia.pl\/index.php\/wp-json\/wp\/v2\/product\/10555","targetHints":{"allow":["GET"]}}],"collection":[{"href":"http:\/\/klubmamgdynia.pl\/index.php\/wp-json\/wp\/v2\/product"}],"about":[{"href":"http:\/\/klubmamgdynia.pl\/index.php\/wp-json\/wp\/v2\/types\/product"}],"replies":[{"embeddable":true,"href":"http:\/\/klubmamgdynia.pl\/index.php\/wp-json\/wp\/v2\/comments?post=10555"}],"wp:featuredmedia":[{"embeddable":true,"href":"http:\/\/klubmamgdynia.pl\/index.php\/wp-json\/wp\/v2\/media\/10556"}],"wp:attachment":[{"href":"http:\/\/klubmamgdynia.pl\/index.php\/wp-json\/wp\/v2\/media?parent=10555"}],"wp:term":[{"taxonomy":"product_cat","embeddable":true,"href":"http:\/\/klubmamgdynia.pl\/index.php\/wp-json\/wp\/v2\/product_cat?post=10555"},{"taxonomy":"product_tag","embeddable":true,"href":"http:\/\/klubmamgdynia.pl\/index.php\/wp-json\/wp\/v2\/product_tag?post=10555"}],"curies":[{"name":"wp","href":"https:\/\/api.w.org\/{rel}","templated":true}]}}