{"id":10557,"date":"2024-04-15T17:58:18","date_gmt":"2024-04-15T15:58:18","guid":{"rendered":"http:\/\/klubmamgdynia.pl\/?post_type=product&#038;p=10557"},"modified":"2026-04-19T00:37:27","modified_gmt":"2026-04-18T22:37:27","slug":"midex-edukacyjna-tablica-duzy-znikopis-do-rysowania","status":"publish","type":"product","link":"http:\/\/klubmamgdynia.pl\/index.php\/produkt\/midex-edukacyjna-tablica-duzy-znikopis-do-rysowania\/","title":{"rendered":"Midex Edukacyjna Tablica Du\u017cy Znikopis Do Rysowania"},"content":{"rendered":"<p>Znikopis to doskona\u0142y przedmiot dla ka\u017cdego rozwijaj\u0105cego si\u0119 malucha. Umo\u017cliwia \u0107wiczenie pisania oraz rysowania.Dzi\u0119ki u\u017cytkowaniu tablicy dziecko rozwinie swoj\u0105 kreatywno\u015b\u0107 oraz sp\u0119dzi mn\u00f3stwo godzin podczas rozwijaj\u0105cej zabawy.Nasza tablica przyjmie niezliczon\u0105 ilo\u015b\u0107 rysunk\u00f3w &#8211; wystarczy przejecha\u0107 specjalnym suwakiem, a rysunek zniknie i mo\u017cna bra\u0107 si\u0119 za nowy.W zestawie znikopis, pisak oraz stempelki.Wymiary opakowania: 40 x 4,5 x 34cm.<\/p>\n<h2>Midex Edukacyjna Tablica Du\u017cy Znikopis Do Rysowania Midex<\/h2>\n<p>kwiecie\u0144 plecie\u0144 wiersz, bo\u017ce narodzenie (film), wiersze o wakacjach, inteligentne zagadki, list do gwiazdora, felix net i nika oraz gang niewidzialnych ludzi pytania i odpowiedzi, flagi pa\u0144stw quiz, zagadki o przyborach szkolnych, bruno, menu na urodziny dziecka, zrobi\u0107 laurk\u0119 laurka dla babci, kolorowanki, aurelia imie, lew czarownica i stara szafa test, minecraft kolorowanki, my little pony kolorowanka, imi\u0119 mia<\/p>\n<p>yyyyy<\/p>\n<p>&nbsp;<\/p>\n","protected":false},"excerpt":{"rendered":"<p>Znikopis to doskona\u0142y przedmiot dla ka\u017cdego rozwijaj\u0105cego si\u0119 malucha. Umo\u017cliwia \u0107wiczenie pisania oraz rysowania.Dzi\u0119ki u\u017cytkowaniu tablicy dziecko rozwinie swoj\u0105 kreatywno\u015b\u0107 oraz sp\u0119dzi mn\u00f3stwo godzin podczas rozwijaj\u0105cej zabawy.Nasza tablica przyjmie niezliczon\u0105 ilo\u015b\u0107 rysunk\u00f3w &#8211; wystarczy przejecha\u0107 specjalnym suwakiem, a rysunek zniknie i mo\u017cna bra\u0107 si\u0119 za nowy.W zestawie znikopis, pisak oraz stempelki.Wymiary opakowania: 40 x 4,5 [&hellip;]<\/p>\n","protected":false},"featured_media":10558,"comment_status":"closed","ping_status":"open","template":"","meta":[],"product_cat":[1091,21],"product_tag":[828,758,868,809],"class_list":["post-10557","product","type-product","status-publish","has-post-thumbnail","hentry","product_cat-midex","product_cat-zabawki-plastyczne","product_tag-filmy-wigilijne-dla-dzieci","product_tag-julian","product_tag-quizy-dla-dzieci","product_tag-zagadki"],"_links":{"self":[{"href":"http:\/\/klubmamgdynia.pl\/index.php\/wp-json\/wp\/v2\/product\/10557","targetHints":{"allow":["GET"]}}],"collection":[{"href":"http:\/\/klubmamgdynia.pl\/index.php\/wp-json\/wp\/v2\/product"}],"about":[{"href":"http:\/\/klubmamgdynia.pl\/index.php\/wp-json\/wp\/v2\/types\/product"}],"replies":[{"embeddable":true,"href":"http:\/\/klubmamgdynia.pl\/index.php\/wp-json\/wp\/v2\/comments?post=10557"}],"wp:featuredmedia":[{"embeddable":true,"href":"http:\/\/klubmamgdynia.pl\/index.php\/wp-json\/wp\/v2\/media\/10558"}],"wp:attachment":[{"href":"http:\/\/klubmamgdynia.pl\/index.php\/wp-json\/wp\/v2\/media?parent=10557"}],"wp:term":[{"taxonomy":"product_cat","embeddable":true,"href":"http:\/\/klubmamgdynia.pl\/index.php\/wp-json\/wp\/v2\/product_cat?post=10557"},{"taxonomy":"product_tag","embeddable":true,"href":"http:\/\/klubmamgdynia.pl\/index.php\/wp-json\/wp\/v2\/product_tag?post=10557"}],"curies":[{"name":"wp","href":"https:\/\/api.w.org\/{rel}","templated":true}]}}