{"id":10559,"date":"2023-05-23T03:43:45","date_gmt":"2023-05-23T01:43:45","guid":{"rendered":"http:\/\/klubmamgdynia.pl\/?post_type=product&#038;p=10559"},"modified":"2026-04-30T16:20:31","modified_gmt":"2026-04-30T14:20:31","slug":"nivo-znikopis-tablica-magnetyczna-do-pisania-pieczatki-niebieski","status":"publish","type":"product","link":"http:\/\/klubmamgdynia.pl\/index.php\/produkt\/nivo-znikopis-tablica-magnetyczna-do-pisania-pieczatki-niebieski\/","title":{"rendered":"Nivo Znikopis Tablica Magnetyczna Do Pisania Piecz\u0105tki Niebieski"},"content":{"rendered":"<p>Tablica to znakomite zaj\u0119cie dla najm\u0142odszych. Zajmuje czas, rozwija wyobra\u017ani\u0119 oraz zdolno\u015bci plastyczne i manualne, wycisza i uspokaja.Cz\u0119\u015b\u0107 do pisania jest 4-kolorowa (czerwony, zielony, niebieski, \u017c\u00f3\u0142ty). Znikopis wykonano z trwa\u0142ych i wytrzyma\u0142ych materia\u0142\u00f3w co zapewni wy\u015bmienit\u0105 zabaw\u0119 na d\u0142ugo.W zestawie:- tablica z pisakiem- 4 stempelki: ko\u0142o, tr\u00f3jk\u0105t, kwadrat, serceOdpowiedni wiek: 3 lata+Wymiary znikopisu: 28 (szer.) x 25 (wys.) x 2 (g\u0142.) cmWymiary powierzchni do pisana: 16 x 11 cmWymiary opakowania: 32 x 30 x 3 cmPodana cena dotyczy zakupu jednej sztuki, po zakupie poinformuj nas, kt\u00f3ry kolor mamy wys\u0142a\u0107. W przypadku braku takiej informacji wysy\u0142ka b\u0119dzie losowa.Informacja od producenta: Nie nadaje si\u0119 dla dzieci w wieku poni\u017cej 36 miesi\u0119cy. Zawiera ma\u0142e cz\u0119\u015bci, kt\u00f3re \u0142atwo po\u0142kn\u0105\u0107 lub kt\u00f3re mog\u0105 si\u0119 dosta\u0107 do dr\u00f3g oddechowych. Niebezpiecze\u0144stwo uduszenia.<\/p>\n<h2>Nivo Znikopis Tablica Magnetyczna Do Pisania Piecz\u0105tki Niebieski Nivo<\/h2>\n<p>maska do druku, traktor z przyczep\u0105 kolorowanka, najlepsze place zabaw warszawa, gry i zabawy dla dzieci, kolorowanki super zings, mandale do druku, zagadki, test opowie\u015bci z narnii lew czarownica i stara szafa do druku, zaproszenia urodzinowe do wydruku chomikuj, dorian, felix net i nika oraz gang niewidzialnych ludzi quiz, zagadki na logike, quizy miko\u0142ajek<\/p>\n<p>yyyyy<\/p>\n<p>&nbsp;<\/p>\n","protected":false},"excerpt":{"rendered":"<p>Tablica to znakomite zaj\u0119cie dla najm\u0142odszych. Zajmuje czas, rozwija wyobra\u017ani\u0119 oraz zdolno\u015bci plastyczne i manualne, wycisza i uspokaja.Cz\u0119\u015b\u0107 do pisania jest 4-kolorowa (czerwony, zielony, niebieski, \u017c\u00f3\u0142ty). Znikopis wykonano z trwa\u0142ych i wytrzyma\u0142ych materia\u0142\u00f3w co zapewni wy\u015bmienit\u0105 zabaw\u0119 na d\u0142ugo.W zestawie:- tablica z pisakiem- 4 stempelki: ko\u0142o, tr\u00f3jk\u0105t, kwadrat, serceOdpowiedni wiek: 3 lata+Wymiary znikopisu: 28 (szer.) [&hellip;]<\/p>\n","protected":false},"featured_media":10560,"comment_status":"closed","ping_status":"open","template":"","meta":[],"product_cat":[1916,21],"product_tag":[744,795,588],"class_list":["post-10559","product","type-product","status-publish","has-post-thumbnail","hentry","product_cat-nivo","product_cat-zabawki-plastyczne","product_tag-kolorowanki-swiateczne-do-wydruku","product_tag-mini-zoo-warszawa","product_tag-wzruszajace-slowa-dla-przyjaciela"],"_links":{"self":[{"href":"http:\/\/klubmamgdynia.pl\/index.php\/wp-json\/wp\/v2\/product\/10559","targetHints":{"allow":["GET"]}}],"collection":[{"href":"http:\/\/klubmamgdynia.pl\/index.php\/wp-json\/wp\/v2\/product"}],"about":[{"href":"http:\/\/klubmamgdynia.pl\/index.php\/wp-json\/wp\/v2\/types\/product"}],"replies":[{"embeddable":true,"href":"http:\/\/klubmamgdynia.pl\/index.php\/wp-json\/wp\/v2\/comments?post=10559"}],"wp:featuredmedia":[{"embeddable":true,"href":"http:\/\/klubmamgdynia.pl\/index.php\/wp-json\/wp\/v2\/media\/10560"}],"wp:attachment":[{"href":"http:\/\/klubmamgdynia.pl\/index.php\/wp-json\/wp\/v2\/media?parent=10559"}],"wp:term":[{"taxonomy":"product_cat","embeddable":true,"href":"http:\/\/klubmamgdynia.pl\/index.php\/wp-json\/wp\/v2\/product_cat?post=10559"},{"taxonomy":"product_tag","embeddable":true,"href":"http:\/\/klubmamgdynia.pl\/index.php\/wp-json\/wp\/v2\/product_tag?post=10559"}],"curies":[{"name":"wp","href":"https:\/\/api.w.org\/{rel}","templated":true}]}}