{"id":1056,"date":"2012-12-12T18:52:42","date_gmt":"2012-12-12T17:52:42","guid":{"rendered":"http:\/\/klubmamgdynia.pl\/index.php\/produkt\/tullo-fasolka-rehabilitacyjna-7-4-cm-czerwona\/"},"modified":"2026-04-06T03:30:03","modified_gmt":"2026-04-06T01:30:03","slug":"tullo-fasolka-rehabilitacyjna-7-4-cm-czerwona","status":"publish","type":"product","link":"http:\/\/klubmamgdynia.pl\/index.php\/produkt\/tullo-fasolka-rehabilitacyjna-7-4-cm-czerwona\/","title":{"rendered":"Tullo Fasolka rehabilitacyjna 7.4 cm, czerwona"},"content":{"rendered":"<p>TULLO &#8211; Fasolka Sensoryczna &#8211; Je\u017cyk &#8211; CZERWONA &#8211; 426Tym razem przedstawiamy komplet, kt\u00f3ry zachwyci wszystkich mi\u0142o\u015bnik\u00f3w aktywnego trybu \u017cycia. Oto fasolka sensoryczna, kt\u00f3ra doskonale sprawdza si\u0119 podczas \u0107wicze\u0144! Zabawka jest w czerwonym kolorze, pokryta kolcami. Dotykaj\u0105c fasolki pobudzamy swoje receptory czuciowe. Fasolka \u015bwietnie sprawdza si\u0119 r\u00f3wnie\u017c podczas rehabilitacji. Zabawka sensoryczna z pewno\u015bci\u0105 zapewni Ci rewelacyjn\u0105 zabaw\u0119, a przy tym zadba o Twoje zdrowie. Kolejn\u0105 zalet\u0105 jest materia\u0142, z kt\u00f3rego zosta\u0142a wykonana. Jest mi\u0119kka i przyjemna w dotyku, a co za tym idzie w pe\u0142ni bezpieczna nawet dla najmniejszych r\u0105czek. Ju\u017c dzi\u015b mo\u017cesz \u0107wiczy\u0107 swoj\u0105 r\u00f3wnowag\u0119, a przy tym zapewnij sobie masa\u017c st\u00f3p! Fasolka ma d\u0142ugo\u015b\u0107 oko\u0142o 7,5 cm.Przyjemnej zabawy! Zestaw zawiera:- fasolk\u0119 sensoryczn\u0105 &#8211; 1 szt. Wiek dziecka: 12 msc +Producent: TulloKod produktu: 426Wymiary opakowania: wys. 17,5 cm x szer. 11 cm x g\u0142. 2,5 cm<\/p>\n<h2>Tullo Fasolka rehabilitacyjna 7.4 cm, czerwona Tullo<\/h2>\n<p>mitologia test wiedzy, zagadki i odpowiedzi, roza imie, kr\u00f3tkie bajki dla dzieci do czytania, wierszyki na smigus dyngus, szlaczki, cytaty korczaka, zabawki na roczek dla ch\u0142opca, desery dla dzieci, rodzina cytaty, literki do nauki pisania do druku, prezent dla siedemnastolatka, mini zoo mazowieckie, lidia imie, imi\u0119 kostek, test z ani z zielonego wzg\u00f3rza, pomys\u0142 na roczek<\/p>\n<p>yyyyy<\/p>\n<p>&nbsp;<\/p>\n","protected":false},"excerpt":{"rendered":"<p>TULLO &#8211; Fasolka Sensoryczna &#8211; Je\u017cyk &#8211; CZERWONA &#8211; 426Tym razem przedstawiamy komplet, kt\u00f3ry zachwyci wszystkich mi\u0142o\u015bnik\u00f3w aktywnego trybu \u017cycia. Oto fasolka sensoryczna, kt\u00f3ra doskonale sprawdza si\u0119 podczas \u0107wicze\u0144! Zabawka jest w czerwonym kolorze, pokryta kolcami. Dotykaj\u0105c fasolki pobudzamy swoje receptory czuciowe. Fasolka \u015bwietnie sprawdza si\u0119 r\u00f3wnie\u017c podczas rehabilitacji. Zabawka sensoryczna z pewno\u015bci\u0105 zapewni Ci [&hellip;]<\/p>\n","protected":false},"featured_media":1057,"comment_status":"closed","ping_status":"open","template":"","meta":[],"product_cat":[335,333],"product_tag":[673,703,576,710],"class_list":["post-1056","product","type-product","status-publish","has-post-thumbnail","hentry","product_cat-akcesoria-do-rehabilitacji","product_cat-tullo","product_tag-juz-blisko-koleda-tekst","product_tag-prezent-dla-nastolatki","product_tag-trudne-zagadki","product_tag-zagadki-dla-dzieci-10-12-lat"],"_links":{"self":[{"href":"http:\/\/klubmamgdynia.pl\/index.php\/wp-json\/wp\/v2\/product\/1056","targetHints":{"allow":["GET"]}}],"collection":[{"href":"http:\/\/klubmamgdynia.pl\/index.php\/wp-json\/wp\/v2\/product"}],"about":[{"href":"http:\/\/klubmamgdynia.pl\/index.php\/wp-json\/wp\/v2\/types\/product"}],"replies":[{"embeddable":true,"href":"http:\/\/klubmamgdynia.pl\/index.php\/wp-json\/wp\/v2\/comments?post=1056"}],"wp:featuredmedia":[{"embeddable":true,"href":"http:\/\/klubmamgdynia.pl\/index.php\/wp-json\/wp\/v2\/media\/1057"}],"wp:attachment":[{"href":"http:\/\/klubmamgdynia.pl\/index.php\/wp-json\/wp\/v2\/media?parent=1056"}],"wp:term":[{"taxonomy":"product_cat","embeddable":true,"href":"http:\/\/klubmamgdynia.pl\/index.php\/wp-json\/wp\/v2\/product_cat?post=1056"},{"taxonomy":"product_tag","embeddable":true,"href":"http:\/\/klubmamgdynia.pl\/index.php\/wp-json\/wp\/v2\/product_tag?post=1056"}],"curies":[{"name":"wp","href":"https:\/\/api.w.org\/{rel}","templated":true}]}}