{"id":10561,"date":"2020-10-16T23:56:57","date_gmt":"2020-10-16T21:56:57","guid":{"rendered":"http:\/\/klubmamgdynia.pl\/index.php\/produkt\/malplay-znikopis-tablet-do-rysowania-3d-podswietlana\/"},"modified":"2026-04-07T17:36:38","modified_gmt":"2026-04-07T15:36:38","slug":"malplay-znikopis-tablet-do-rysowania-3d-podswietlana","status":"publish","type":"product","link":"http:\/\/klubmamgdynia.pl\/index.php\/produkt\/malplay-znikopis-tablet-do-rysowania-3d-podswietlana\/","title":{"rendered":"Malplay Znikopis Tablet Do Rysowania 3D Pod\u015bwietlana"},"content":{"rendered":"<p>Znikopis Tablet do Rysowania 3D Pod\u015bwietlana<\/p>\n<h2>Malplay Znikopis Tablet Do Rysowania 3D Pod\u015bwietlana Malplay<\/h2>\n<p>filmy animowane o \u015bwi\u0119tach, na roczek dla dziewczynki, zagadki logiczne na inteligencj\u0119 dla doros\u0142ych, prezenty dla nastolatk\u00f3w, opowie\u015bci z narni lew czarownica i stara szafa test, psi patrol kolorowanka, cytaty o mamie, wielkanocne zagadki, kolysanki tekst, wroclaw atrakcje dla dzieci, by\u0142a sobie \u017cabka ma\u0142a tekst, kolorowanki kotki, test z lektury opowie\u015bci z narnii lew czarownica i stara szafa, rysowanki, rozalia imi\u0119, eneduerabe, nauczyciel cytaty, p\u0142ywalnie warszawa<\/p>\n<p>yyyyy<\/p>\n<p>&nbsp;<\/p>\n","protected":false},"excerpt":{"rendered":"<p>Znikopis Tablet do Rysowania 3D Pod\u015bwietlana Malplay Znikopis Tablet Do Rysowania 3D Pod\u015bwietlana Malplay filmy animowane o \u015bwi\u0119tach, na roczek dla dziewczynki, zagadki logiczne na inteligencj\u0119 dla doros\u0142ych, prezenty dla nastolatk\u00f3w, opowie\u015bci z narni lew czarownica i stara szafa test, psi patrol kolorowanka, cytaty o mamie, wielkanocne zagadki, kolysanki tekst, wroclaw atrakcje dla dzieci, by\u0142a [&hellip;]<\/p>\n","protected":false},"featured_media":10562,"comment_status":"closed","ping_status":"open","template":"","meta":[],"product_cat":[84,21],"product_tag":[578,806,621,710],"class_list":["post-10561","product","type-product","status-publish","has-post-thumbnail","hentry","product_cat-malplay","product_cat-zabawki-plastyczne","product_tag-fajne-zarty-na-prima-aprilis","product_tag-prezent-dla-dziecka-na-roczek","product_tag-prezenty-roczek","product_tag-zagadki-dla-dzieci-10-12-lat"],"_links":{"self":[{"href":"http:\/\/klubmamgdynia.pl\/index.php\/wp-json\/wp\/v2\/product\/10561","targetHints":{"allow":["GET"]}}],"collection":[{"href":"http:\/\/klubmamgdynia.pl\/index.php\/wp-json\/wp\/v2\/product"}],"about":[{"href":"http:\/\/klubmamgdynia.pl\/index.php\/wp-json\/wp\/v2\/types\/product"}],"replies":[{"embeddable":true,"href":"http:\/\/klubmamgdynia.pl\/index.php\/wp-json\/wp\/v2\/comments?post=10561"}],"wp:featuredmedia":[{"embeddable":true,"href":"http:\/\/klubmamgdynia.pl\/index.php\/wp-json\/wp\/v2\/media\/10562"}],"wp:attachment":[{"href":"http:\/\/klubmamgdynia.pl\/index.php\/wp-json\/wp\/v2\/media?parent=10561"}],"wp:term":[{"taxonomy":"product_cat","embeddable":true,"href":"http:\/\/klubmamgdynia.pl\/index.php\/wp-json\/wp\/v2\/product_cat?post=10561"},{"taxonomy":"product_tag","embeddable":true,"href":"http:\/\/klubmamgdynia.pl\/index.php\/wp-json\/wp\/v2\/product_tag?post=10561"}],"curies":[{"name":"wp","href":"https:\/\/api.w.org\/{rel}","templated":true}]}}