{"id":10565,"date":"2017-03-23T08:28:01","date_gmt":"2017-03-23T07:28:01","guid":{"rendered":"http:\/\/klubmamgdynia.pl\/index.php\/produkt\/woopie-tablica-dla-dzieci-magnetyczna-stempelki-znikopis\/"},"modified":"2026-04-06T01:24:06","modified_gmt":"2026-04-05T23:24:06","slug":"woopie-tablica-dla-dzieci-magnetyczna-stempelki-znikopis","status":"publish","type":"product","link":"http:\/\/klubmamgdynia.pl\/index.php\/produkt\/woopie-tablica-dla-dzieci-magnetyczna-stempelki-znikopis\/","title":{"rendered":"Woopie Tablica Dla Dzieci Magnetyczna Stempelki Znikopis"},"content":{"rendered":"<p>Znikopis Tablica Magnetyczna Stempelki Zielona<\/p>\n<h2>Woopie Tablica Dla Dzieci Magnetyczna Stempelki Znikopis Woopie<\/h2>\n<p>cukierku ty \u0142obuzie test, szybkie zagadki matematyczne, piosenki na dobranoc dla dzieci + tekst, znaki drogowe quizy, test na znaki drogowe, quiz o dinozaurach, zagadki matematyczne dla przedszkolak\u00f3w, znaczenie imiona alan, kolorowanka kotka, wr\u00f3\u017cby andrzejkowe dla dzieci online, kolorowanka do druku kotek<\/p>\n<p>yyyyy<\/p>\n<p>&nbsp;<\/p>\n","protected":false},"excerpt":{"rendered":"<p>Znikopis Tablica Magnetyczna Stempelki Zielona Woopie Tablica Dla Dzieci Magnetyczna Stempelki Znikopis Woopie cukierku ty \u0142obuzie test, szybkie zagadki matematyczne, piosenki na dobranoc dla dzieci + tekst, znaki drogowe quizy, test na znaki drogowe, quiz o dinozaurach, zagadki matematyczne dla przedszkolak\u00f3w, znaczenie imiona alan, kolorowanka kotka, wr\u00f3\u017cby andrzejkowe dla dzieci online, kolorowanka do druku kotek [&hellip;]<\/p>\n","protected":false},"featured_media":10566,"comment_status":"closed","ping_status":"open","template":"","meta":[],"product_cat":[177,21],"product_tag":[690,596,599,794,721],"class_list":["post-10565","product","type-product","status-publish","has-post-thumbnail","hentry","product_cat-woopie","product_cat-zabawki-plastyczne","product_tag-pieski-male-dwa-tekst","product_tag-pomysly-na-prima-aprilis","product_tag-prezent-dla-nastolatkow-2021","product_tag-test-opowiesci-z-narnii-lew-czarownica-i-stara-szafa-do-druku","product_tag-zagadki-matematyczne"],"_links":{"self":[{"href":"http:\/\/klubmamgdynia.pl\/index.php\/wp-json\/wp\/v2\/product\/10565","targetHints":{"allow":["GET"]}}],"collection":[{"href":"http:\/\/klubmamgdynia.pl\/index.php\/wp-json\/wp\/v2\/product"}],"about":[{"href":"http:\/\/klubmamgdynia.pl\/index.php\/wp-json\/wp\/v2\/types\/product"}],"replies":[{"embeddable":true,"href":"http:\/\/klubmamgdynia.pl\/index.php\/wp-json\/wp\/v2\/comments?post=10565"}],"wp:featuredmedia":[{"embeddable":true,"href":"http:\/\/klubmamgdynia.pl\/index.php\/wp-json\/wp\/v2\/media\/10566"}],"wp:attachment":[{"href":"http:\/\/klubmamgdynia.pl\/index.php\/wp-json\/wp\/v2\/media?parent=10565"}],"wp:term":[{"taxonomy":"product_cat","embeddable":true,"href":"http:\/\/klubmamgdynia.pl\/index.php\/wp-json\/wp\/v2\/product_cat?post=10565"},{"taxonomy":"product_tag","embeddable":true,"href":"http:\/\/klubmamgdynia.pl\/index.php\/wp-json\/wp\/v2\/product_tag?post=10565"}],"curies":[{"name":"wp","href":"https:\/\/api.w.org\/{rel}","templated":true}]}}