{"id":10569,"date":"2020-08-25T11:12:12","date_gmt":"2020-08-25T09:12:12","guid":{"rendered":"http:\/\/klubmamgdynia.pl\/index.php\/produkt\/mz-znikopis-kolorowy-ze-stolikiem\/"},"modified":"2026-05-02T16:11:38","modified_gmt":"2026-05-02T14:11:38","slug":"mz-znikopis-kolorowy-ze-stolikiem","status":"publish","type":"product","link":"http:\/\/klubmamgdynia.pl\/index.php\/produkt\/mz-znikopis-kolorowy-ze-stolikiem\/","title":{"rendered":"M&amp;Z Znikopis Kolorowy Ze Stolikiem"},"content":{"rendered":"<p>SUPER CENA &#8211; TANIA DOSTAWA ! &#8211; mz-import Znikopis kolor du\u017cy z n\u00f3\u017ckami 009-2077 03798 &#8211; PACZKOMAT, POCZTA, KURIER<\/p>\n<h2>M&amp;Z Znikopis Kolorowy Ze Stolikiem M&amp;Z<\/h2>\n<p>przyja\u017a\u0144, testy z lektury opowie\u015bci z narnii lew czarownica i stara szafa, place zabaw warszawa, lato, magiczne drzewo czerwone krzes\u0142o test, wiosna kolorowanka do druku, ahmed, na roczek dla ch\u0142opca, bajki halloween, samolot kolorowanka, pisanie po \u015bladzie do druku pdf, \u0142atwe ale podchwytliwe zagadki, uk\u0142ad s\u0142oneczny kolorowanka, quiz o dinozaurach, quiz o flagach europy, pomys\u0142y na prima aprilis w szkole, prezenty dla nastolatk\u00f3w, imi\u0119 leon, zagadki podchwytliwe<\/p>\n<p>yyyyy<\/p>\n<p>&nbsp;<\/p>\n","protected":false},"excerpt":{"rendered":"<p>SUPER CENA &#8211; TANIA DOSTAWA ! &#8211; mz-import Znikopis kolor du\u017cy z n\u00f3\u017ckami 009-2077 03798 &#8211; PACZKOMAT, POCZTA, KURIER M&amp;Z Znikopis Kolorowy Ze Stolikiem M&amp;Z przyja\u017a\u0144, testy z lektury opowie\u015bci z narnii lew czarownica i stara szafa, place zabaw warszawa, lato, magiczne drzewo czerwone krzes\u0142o test, wiosna kolorowanka do druku, ahmed, na roczek dla ch\u0142opca, [&hellip;]<\/p>\n","protected":false},"featured_media":10570,"comment_status":"closed","ping_status":"open","template":"","meta":[],"product_cat":[1177,21],"product_tag":[861,688,637,793],"class_list":["post-10569","product","type-product","status-publish","has-post-thumbnail","hentry","product_cat-mz","product_cat-zabawki-plastyczne","product_tag-jak-narysowac-psa","product_tag-kolysanki-tekst","product_tag-niech-zyja-wakacje-tekst","product_tag-zagadki-smieszne-podchwytliwe"],"_links":{"self":[{"href":"http:\/\/klubmamgdynia.pl\/index.php\/wp-json\/wp\/v2\/product\/10569","targetHints":{"allow":["GET"]}}],"collection":[{"href":"http:\/\/klubmamgdynia.pl\/index.php\/wp-json\/wp\/v2\/product"}],"about":[{"href":"http:\/\/klubmamgdynia.pl\/index.php\/wp-json\/wp\/v2\/types\/product"}],"replies":[{"embeddable":true,"href":"http:\/\/klubmamgdynia.pl\/index.php\/wp-json\/wp\/v2\/comments?post=10569"}],"wp:featuredmedia":[{"embeddable":true,"href":"http:\/\/klubmamgdynia.pl\/index.php\/wp-json\/wp\/v2\/media\/10570"}],"wp:attachment":[{"href":"http:\/\/klubmamgdynia.pl\/index.php\/wp-json\/wp\/v2\/media?parent=10569"}],"wp:term":[{"taxonomy":"product_cat","embeddable":true,"href":"http:\/\/klubmamgdynia.pl\/index.php\/wp-json\/wp\/v2\/product_cat?post=10569"},{"taxonomy":"product_tag","embeddable":true,"href":"http:\/\/klubmamgdynia.pl\/index.php\/wp-json\/wp\/v2\/product_tag?post=10569"}],"curies":[{"name":"wp","href":"https:\/\/api.w.org\/{rel}","templated":true}]}}