{"id":10571,"date":"2012-09-26T09:42:30","date_gmt":"2012-09-26T07:42:30","guid":{"rendered":"http:\/\/klubmamgdynia.pl\/index.php\/produkt\/buki-robot-kodo-zestaw-kreatywny\/"},"modified":"2026-05-01T11:06:48","modified_gmt":"2026-05-01T09:06:48","slug":"buki-robot-kodo-zestaw-kreatywny","status":"publish","type":"product","link":"http:\/\/klubmamgdynia.pl\/index.php\/produkt\/buki-robot-kodo-zestaw-kreatywny\/","title":{"rendered":"Buki Robot Kodo Zestaw Kreatywny"},"content":{"rendered":"<p>Zestaw idealny dla Ma\u0142ego In\u017cyniera!ZESTAW ZAWIERA:- ko\u0142a z\u0119bate, silniczki- elementy obudowy, komor\u0119 baterii- pozosta\u0142e elementy do z\u0142o\u017cenia, instrukcj\u0119 &#8222;krok po kroku&#8221;Wymagane 2 baterie AAA (nie do\u0142\u0105czone do zestawu).WYMIARY OPAKOWANIA: 37,2 x 32,2 x 7,5 cmWIEK: od 8 latZestaw jest nowy, zapakowany w kartonik.<\/p>\n<h2>Buki Robot Kodo Zestaw Kreatywny Djeco<\/h2>\n<p>kolorowanki \u015bwi\u0105teczne do druku pdf, cytaty o dziecku i mamie, jak dobra\u0107 narty dla dziecka, \u0142atwe laurki, zak\u0142adka do ksi\u0105\u017cki szablon, zagadki matematyczne, szablony papierowe lalki do ubierania do wydruku, karnawa\u0142 maska karnawa\u0142owa szablon, piosenki o wakacjach, my little pony kolorowanki celestia, karty pracy dla dzieci z ukrainy, bajki dla dzieci do czytania na dobranoc, kolorowanka kotki, kolorowanka kotka, ekskluzywny prezent na roczek, walentynka kolorowanka, bajka terapeutyczna o z\u0142o\u015bci pdf, anastazja imi\u0119, wroc\u0142aw i okolice atrakcje<\/p>\n<p>yyyyy<\/p>\n<p>&nbsp;<\/p>\n","protected":false},"excerpt":{"rendered":"<p>Zestaw idealny dla Ma\u0142ego In\u017cyniera!ZESTAW ZAWIERA:- ko\u0142a z\u0119bate, silniczki- elementy obudowy, komor\u0119 baterii- pozosta\u0142e elementy do z\u0142o\u017cenia, instrukcj\u0119 &#8222;krok po kroku&#8221;Wymagane 2 baterie AAA (nie do\u0142\u0105czone do zestawu).WYMIARY OPAKOWANIA: 37,2 x 32,2 x 7,5 cmWIEK: od 8 latZestaw jest nowy, zapakowany w kartonik. Buki Robot Kodo Zestaw Kreatywny Djeco kolorowanki \u015bwi\u0105teczne do druku pdf, cytaty [&hellip;]<\/p>\n","protected":false},"featured_media":10572,"comment_status":"closed","ping_status":"open","template":"","meta":[],"product_cat":[434,21],"product_tag":[836,670,632,649,873],"class_list":["post-10571","product","type-product","status-publish","has-post-thumbnail","hentry","product_cat-djeco","product_cat-zabawki-plastyczne","product_tag-co-kupic-dziecku-na-roczek","product_tag-irma","product_tag-warszawa-atrakcje-dla-mlodziezy","product_tag-zagadki-dla-nastolatkow","product_tag-zagadki-z-odpowiedziami-dla-dzieci"],"_links":{"self":[{"href":"http:\/\/klubmamgdynia.pl\/index.php\/wp-json\/wp\/v2\/product\/10571","targetHints":{"allow":["GET"]}}],"collection":[{"href":"http:\/\/klubmamgdynia.pl\/index.php\/wp-json\/wp\/v2\/product"}],"about":[{"href":"http:\/\/klubmamgdynia.pl\/index.php\/wp-json\/wp\/v2\/types\/product"}],"replies":[{"embeddable":true,"href":"http:\/\/klubmamgdynia.pl\/index.php\/wp-json\/wp\/v2\/comments?post=10571"}],"wp:featuredmedia":[{"embeddable":true,"href":"http:\/\/klubmamgdynia.pl\/index.php\/wp-json\/wp\/v2\/media\/10572"}],"wp:attachment":[{"href":"http:\/\/klubmamgdynia.pl\/index.php\/wp-json\/wp\/v2\/media?parent=10571"}],"wp:term":[{"taxonomy":"product_cat","embeddable":true,"href":"http:\/\/klubmamgdynia.pl\/index.php\/wp-json\/wp\/v2\/product_cat?post=10571"},{"taxonomy":"product_tag","embeddable":true,"href":"http:\/\/klubmamgdynia.pl\/index.php\/wp-json\/wp\/v2\/product_tag?post=10571"}],"curies":[{"name":"wp","href":"https:\/\/api.w.org\/{rel}","templated":true}]}}