{"id":10573,"date":"2010-12-22T22:33:22","date_gmt":"2010-12-22T21:33:22","guid":{"rendered":"http:\/\/klubmamgdynia.pl\/index.php\/produkt\/woopie-znikopis-tablica-magnetyczna-kolorowa-stempelki-bordowy\/"},"modified":"2026-05-17T22:08:54","modified_gmt":"2026-05-17T20:08:54","slug":"woopie-znikopis-tablica-magnetyczna-kolorowa-stempelki-bordowy","status":"publish","type":"product","link":"http:\/\/klubmamgdynia.pl\/index.php\/produkt\/woopie-znikopis-tablica-magnetyczna-kolorowa-stempelki-bordowy\/","title":{"rendered":"Woopie Znikopis Tablica Magnetyczna Kolorowa Stempelki Bordowy"},"content":{"rendered":"<p>Znikopis Tablica Magnetyczna daje mo\u017cliwo\u015b\u0107 kreatywnej zabawy na d\u0142ugi czas! Tablica zach\u0119ca do pisania i rysowania. Rysowanie pozwoli skoncentrowa\u0107, wyciszy\u0107 i uspokoi\u0107 Twoje dziecko. Znikopis pozwala na tworzenie niesko\u0144czonejilo\u015b\u0107obrazk\u00f3w \u2013 wystarczy przejecha\u0107 specjalnym suwakiem, a rysunek zniknie i mo\u017cna rysowa\u0107 od nowa! Zestaw dodatkowo zawiera wygodny d\u0142ugopis oraz a\u017c 4stempelki, kt\u00f3re urozmaic\u0105 dzie\u0142o. Dodatkowo 5 multi funkcyjnych guzik\u00f3w wydaj\u0105cych d\u017awi\u0119k: efekty d\u017awi\u0119kowe (7 rodzaj\u00f3w), piosenki dla dzieci (2 rodzaje), taneczne piosenki (2 rodzaje), elektroniczne d\u017awi\u0119ki (405 rodzaj\u00f3w), litery angielskie (26) oraz b\u0119ben (3 rodzaje d\u017awi\u0119k\u00f3w). Tablica posiada wygodny uchwyt, dzi\u0119ki czemu dziecko mo\u017ce zabra\u0107 j\u0105 wsz\u0119dzie oraz posiada mo\u017cliwo\u015b\u0107 wystawienia n\u00f3\u017cek, kt\u00f3re u\u0142atwia pisanie przy stole dziecku. Znikopis rozwinie u dziecka zdolno\u015bci manualne, wyobra\u017anie, kreatywno\u015b\u0107 oraz da szans\u0119 na rozwini\u0119cieartystycznejstrony dziecka!Charakterystyka:- zabawka od 3 roku \u017cycia- zach\u0119ca do pisaniairysowania- mo\u017cliwo\u015b\u0107 tworzenia niesko\u0144czonejilo\u015b\u0107obrazk\u00f3w- posiada wygodny uchwyt do przenoszenia oraz nogi do postawienia- efekty d\u017awi\u0119kowe &#8211; posiada 6 multi funkcyjnych guzik\u00f3w: efekty d\u017awi\u0119kowe (7 rodzaj\u00f3w), piosenki dla dzieci (2 rodzaje), taneczne piosenki (2 rodzaje), elektroniczne d\u017awi\u0119ki (405 rodzaj\u00f3w), litery angielskie (26) oraz b\u0119ben (3 rodzaje d\u017awi\u0119k\u00f3w)- idealne na prezent- wymagania: baterie 3&#215;1.5V &#8222;AA&#8221; (brak w zestawie)W zestawie:- tablica z suwakiem- specjalny magiczny d\u0142ugopis- 4stempelkiZabawka rozwija:- ma\u0142\u0105 motoryk\u0119 &#8211; zdolno\u015bci manualne- wyobra\u017anie i kreatywno\u015b\u0107<\/p>\n<h2>Woopie Znikopis Tablica Magnetyczna Kolorowa Stempelki Bordowy Woopie<\/h2>\n<p>wycinanki dla dzieci do druku, plac zabaw warszawa, andrzejki kolorowanki do druku, plac zabaw pozna\u0144, oryginalny prezent na roczek dla ch\u0142opca, dyplomy szablony pdf, ostatni dzwonek tekst, \u015bwi\u0119ta wielkanocne piosenka tekst, halloween dla dzieci 2021, akademia pana kleksa &#8211; test z odpowiedziami do druku, imie iwo, super zings kolorowanki, tabliczka mno\u017cenia karty pracy do druku, wierszyk o choince, \u0142amig\u0142\u00f3wki matematyczne, ba\u0142wanek do druku, zagadki rymowanki dla dzieci<\/p>\n<p>yyyyy<\/p>\n<p>&nbsp;<\/p>\n","protected":false},"excerpt":{"rendered":"<p>Znikopis Tablica Magnetyczna daje mo\u017cliwo\u015b\u0107 kreatywnej zabawy na d\u0142ugi czas! Tablica zach\u0119ca do pisania i rysowania. Rysowanie pozwoli skoncentrowa\u0107, wyciszy\u0107 i uspokoi\u0107 Twoje dziecko. Znikopis pozwala na tworzenie niesko\u0144czonejilo\u015b\u0107obrazk\u00f3w \u2013 wystarczy przejecha\u0107 specjalnym suwakiem, a rysunek zniknie i mo\u017cna rysowa\u0107 od nowa! Zestaw dodatkowo zawiera wygodny d\u0142ugopis oraz a\u017c 4stempelki, kt\u00f3re urozmaic\u0105 dzie\u0142o. Dodatkowo 5 [&hellip;]<\/p>\n","protected":false},"featured_media":10574,"comment_status":"closed","ping_status":"open","template":"","meta":[],"product_cat":[177,21],"product_tag":[839,707,866,589,783],"class_list":["post-10573","product","type-product","status-publish","has-post-thumbnail","hentry","product_cat-woopie","product_cat-zabawki-plastyczne","product_tag-bajki-na-dobranoc-do-czytania","product_tag-karty-pracy-dla-dzieci-z-ukrainy","product_tag-opis-do-zdjecia-dziecka-na-fb","product_tag-prezent-dla-rocznego-dziecka","product_tag-prezenty-na-roczek-dla-chlopca"],"_links":{"self":[{"href":"http:\/\/klubmamgdynia.pl\/index.php\/wp-json\/wp\/v2\/product\/10573","targetHints":{"allow":["GET"]}}],"collection":[{"href":"http:\/\/klubmamgdynia.pl\/index.php\/wp-json\/wp\/v2\/product"}],"about":[{"href":"http:\/\/klubmamgdynia.pl\/index.php\/wp-json\/wp\/v2\/types\/product"}],"replies":[{"embeddable":true,"href":"http:\/\/klubmamgdynia.pl\/index.php\/wp-json\/wp\/v2\/comments?post=10573"}],"wp:featuredmedia":[{"embeddable":true,"href":"http:\/\/klubmamgdynia.pl\/index.php\/wp-json\/wp\/v2\/media\/10574"}],"wp:attachment":[{"href":"http:\/\/klubmamgdynia.pl\/index.php\/wp-json\/wp\/v2\/media?parent=10573"}],"wp:term":[{"taxonomy":"product_cat","embeddable":true,"href":"http:\/\/klubmamgdynia.pl\/index.php\/wp-json\/wp\/v2\/product_cat?post=10573"},{"taxonomy":"product_tag","embeddable":true,"href":"http:\/\/klubmamgdynia.pl\/index.php\/wp-json\/wp\/v2\/product_tag?post=10573"}],"curies":[{"name":"wp","href":"https:\/\/api.w.org\/{rel}","templated":true}]}}