{"id":10575,"date":"2018-06-19T07:27:37","date_gmt":"2018-06-19T05:27:37","guid":{"rendered":"http:\/\/klubmamgdynia.pl\/index.php\/produkt\/anek-troj-prima-kredki-olowkowe-24-kol-180\/"},"modified":"2026-04-19T07:33:08","modified_gmt":"2026-04-19T05:33:08","slug":"anek-troj-prima-kredki-olowkowe-24-kol-180","status":"publish","type":"product","link":"http:\/\/klubmamgdynia.pl\/index.php\/produkt\/anek-troj-prima-kredki-olowkowe-24-kol-180\/","title":{"rendered":"Anek Tr\u00f3j Prima Kredki O\u0142\u00f3wkowe 24 Kol 180"},"content":{"rendered":"<p>Zestaw 24 kredek w \u017cywych barwach o wysokiej jako\u015bci rysik\u00f3w zapewnia \u0142atwo\u015b\u0107 rysowania i dok\u0142adne pokrycie malowanej powierzchni. Kredki o tr\u00f3jk\u0105tnym kszta\u0142cie zapewniaj\u0105 lepszy uchwyt i komfort podczas rysowania. Nie \u0142ami\u0105 si\u0119 podczas strugania. Zapakowane w kartonowe pude\u0142ko, kt\u00f3re u\u0142atwia przechowywanie. Pi\u0119knie zdobione.<\/p>\n<h2>Anek Tr\u00f3j Prima Kredki O\u0142\u00f3wkowe 24 Kol 180 Anek<\/h2>\n<p>kolorowanka star wars, lego ninjago kolorowanka, kolorowanka \u015bwinka peppa, milena imie, gry i zabawy ruchowe, maska karnawa\u0142owa pdf, jak dobra\u0107 narty dla dziecka, dyplomy dla przedszkolak\u00f3w do wydrukowania, zabawka na roczek, kolorowanki dla dziewczynek 10 lat, jak zapakowa\u0107 prezent dla dziecka, znaczenie imienia julian, m\u0105dre cytaty dla dzieci, imi\u0119 nadia, prezent dla nastolatek<\/p>\n<p>yyyyy<\/p>\n<p>&nbsp;<\/p>\n","protected":false},"excerpt":{"rendered":"<p>Zestaw 24 kredek w \u017cywych barwach o wysokiej jako\u015bci rysik\u00f3w zapewnia \u0142atwo\u015b\u0107 rysowania i dok\u0142adne pokrycie malowanej powierzchni. Kredki o tr\u00f3jk\u0105tnym kszta\u0142cie zapewniaj\u0105 lepszy uchwyt i komfort podczas rysowania. Nie \u0142ami\u0105 si\u0119 podczas strugania. Zapakowane w kartonowe pude\u0142ko, kt\u00f3re u\u0142atwia przechowywanie. Pi\u0119knie zdobione. Anek Tr\u00f3j Prima Kredki O\u0142\u00f3wkowe 24 Kol 180 Anek kolorowanka star wars, [&hellip;]<\/p>\n","protected":false},"featured_media":10576,"comment_status":"closed","ping_status":"open","template":"","meta":[],"product_cat":[111,297],"product_tag":[844,598,639,614,830,872],"class_list":["post-10575","product","type-product","status-publish","has-post-thumbnail","hentry","product_cat-anek","product_cat-szkolne-artykuly-plastyczne","product_tag-co-kupic-na-roczek","product_tag-co-na-roczek-dla-dziewczynki","product_tag-nela-imie","product_tag-pia","product_tag-rodzina-cytaty","product_tag-zagadki-dla-dzieci-6-lat"],"_links":{"self":[{"href":"http:\/\/klubmamgdynia.pl\/index.php\/wp-json\/wp\/v2\/product\/10575","targetHints":{"allow":["GET"]}}],"collection":[{"href":"http:\/\/klubmamgdynia.pl\/index.php\/wp-json\/wp\/v2\/product"}],"about":[{"href":"http:\/\/klubmamgdynia.pl\/index.php\/wp-json\/wp\/v2\/types\/product"}],"replies":[{"embeddable":true,"href":"http:\/\/klubmamgdynia.pl\/index.php\/wp-json\/wp\/v2\/comments?post=10575"}],"wp:featuredmedia":[{"embeddable":true,"href":"http:\/\/klubmamgdynia.pl\/index.php\/wp-json\/wp\/v2\/media\/10576"}],"wp:attachment":[{"href":"http:\/\/klubmamgdynia.pl\/index.php\/wp-json\/wp\/v2\/media?parent=10575"}],"wp:term":[{"taxonomy":"product_cat","embeddable":true,"href":"http:\/\/klubmamgdynia.pl\/index.php\/wp-json\/wp\/v2\/product_cat?post=10575"},{"taxonomy":"product_tag","embeddable":true,"href":"http:\/\/klubmamgdynia.pl\/index.php\/wp-json\/wp\/v2\/product_tag?post=10575"}],"curies":[{"name":"wp","href":"https:\/\/api.w.org\/{rel}","templated":true}]}}