{"id":10577,"date":"2025-09-02T05:50:31","date_gmt":"2025-09-02T03:50:31","guid":{"rendered":"http:\/\/klubmamgdynia.pl\/?post_type=product&#038;p=10577"},"modified":"2026-04-30T03:31:31","modified_gmt":"2026-04-30T01:31:31","slug":"lena-kobieta-ekspresja-40-x-50cm-6341-no1006341","status":"publish","type":"product","link":"http:\/\/klubmamgdynia.pl\/index.php\/produkt\/lena-kobieta-ekspresja-40-x-50cm-6341-no1006341\/","title":{"rendered":"Lena Kobieta Ekspresja 40 X 50Cm 6341 (NO1006341)"},"content":{"rendered":"<h2>Lena Kobieta Ekspresja 40 X 50Cm 6341 (NO1006341) Lena<\/h2>\n<p>pomys\u0142 na prezent dla nastolatki, co kupi\u0107 nastolatce na \u015bwi\u0119ta, jak zrobi\u0107 samolot z papieru, nadia<\/p>\n<p>yyyyy<\/p>\n<p>&nbsp;<\/p>\n","protected":false},"excerpt":{"rendered":"<p>Lena Kobieta Ekspresja 40 X 50Cm 6341 (NO1006341) Lena pomys\u0142 na prezent dla nastolatki, co kupi\u0107 nastolatce na \u015bwi\u0119ta, jak zrobi\u0107 samolot z papieru, nadia yyyyy &nbsp;<\/p>\n","protected":false},"featured_media":10578,"comment_status":"closed","ping_status":"open","template":"","meta":[],"product_cat":[531,934],"product_tag":[648,705,586],"class_list":["post-10577","product","type-product","status-publish","has-post-thumbnail","hentry","product_cat-lena","product_cat-malowanie-po-numerach","product_tag-dobrej-nocy-i-sza","product_tag-prezent-na-roczek-dla-chlopca","product_tag-smieszne-zagadki"],"_links":{"self":[{"href":"http:\/\/klubmamgdynia.pl\/index.php\/wp-json\/wp\/v2\/product\/10577","targetHints":{"allow":["GET"]}}],"collection":[{"href":"http:\/\/klubmamgdynia.pl\/index.php\/wp-json\/wp\/v2\/product"}],"about":[{"href":"http:\/\/klubmamgdynia.pl\/index.php\/wp-json\/wp\/v2\/types\/product"}],"replies":[{"embeddable":true,"href":"http:\/\/klubmamgdynia.pl\/index.php\/wp-json\/wp\/v2\/comments?post=10577"}],"wp:featuredmedia":[{"embeddable":true,"href":"http:\/\/klubmamgdynia.pl\/index.php\/wp-json\/wp\/v2\/media\/10578"}],"wp:attachment":[{"href":"http:\/\/klubmamgdynia.pl\/index.php\/wp-json\/wp\/v2\/media?parent=10577"}],"wp:term":[{"taxonomy":"product_cat","embeddable":true,"href":"http:\/\/klubmamgdynia.pl\/index.php\/wp-json\/wp\/v2\/product_cat?post=10577"},{"taxonomy":"product_tag","embeddable":true,"href":"http:\/\/klubmamgdynia.pl\/index.php\/wp-json\/wp\/v2\/product_tag?post=10577"}],"curies":[{"name":"wp","href":"https:\/\/api.w.org\/{rel}","templated":true}]}}