{"id":10579,"date":"2021-01-16T02:46:52","date_gmt":"2021-01-16T01:46:52","guid":{"rendered":"http:\/\/klubmamgdynia.pl\/index.php\/produkt\/as-company-znikopis-podrozny-pidzamersi-13062\/"},"modified":"2026-04-26T21:42:00","modified_gmt":"2026-04-26T19:42:00","slug":"as-company-znikopis-podrozny-pidzamersi-13062","status":"publish","type":"product","link":"http:\/\/klubmamgdynia.pl\/index.php\/produkt\/as-company-znikopis-podrozny-pidzamersi-13062\/","title":{"rendered":"As Company Znikopis Podr\u00f3\u017cny Pid\u017camersi (13062)"},"content":{"rendered":"<p>Znikopis z ma\u0142ym ekranem to doskona\u0142a zabawka do rysowania i pisania dla pocz\u0105tkuj\u0105cych. Ma magnetyczny ekran do malowania, specjalny d\u0142ugopis oraz przesuwan\u0105 poprzeczk\u0119 do \u0142atwego i szybkiego wymazywania rysunk\u00f3w. Dzi\u0119ki kompaktowym rozmiarom idealnie sprawdza si\u0119 w przeno\u015bnych warunkach: na spacerach, w podr\u00f3\u017cy. Wymiary opakowania: 21 x 26,5 cm. Wymiary ekranu: 11,5 cm x 7,5 cm. Wiek: 3+.<\/p>\n<h2>As Company Znikopis Podr\u00f3\u017cny Pid\u017camersi (13062) As Company<\/h2>\n<p>kolorowanki na dzie\u0144 niepodleg\u0142o\u015bci do wydruku, anio\u0142ki w niebie pisz\u0105, menu urodzinowe dla dzieci w wieku 8 10 lat, sonia imi\u0119, zagadki o zimie, bajki dla dzieci na dobranoc, kolorowanka pies, paloma, alina, adriana imi\u0119, karaluchy pod poduchy a szczypawki, babcia z dziadkiem to jest to tekst, imie lilianna, samolot kolorowanka<\/p>\n<p>yyyyy<\/p>\n<p>&nbsp;<\/p>\n","protected":false},"excerpt":{"rendered":"<p>Znikopis z ma\u0142ym ekranem to doskona\u0142a zabawka do rysowania i pisania dla pocz\u0105tkuj\u0105cych. Ma magnetyczny ekran do malowania, specjalny d\u0142ugopis oraz przesuwan\u0105 poprzeczk\u0119 do \u0142atwego i szybkiego wymazywania rysunk\u00f3w. Dzi\u0119ki kompaktowym rozmiarom idealnie sprawdza si\u0119 w przeno\u015bnych warunkach: na spacerach, w podr\u00f3\u017cy. Wymiary opakowania: 21 x 26,5 cm. Wymiary ekranu: 11,5 cm x 7,5 cm. [&hellip;]<\/p>\n","protected":false},"featured_media":10580,"comment_status":"closed","ping_status":"open","template":"","meta":[],"product_cat":[1874,21],"product_tag":[761,656,729,659,710],"class_list":["post-10579","product","type-product","status-publish","has-post-thumbnail","hentry","product_cat-as-company","product_cat-zabawki-plastyczne","product_tag-choinko-piekna-jak-las-tekst","product_tag-kolorowanki-lol","product_tag-madre-bajki-dla-dzieci-do-czytania","product_tag-tupu-tup-po-sniegu-tekst","product_tag-zagadki-dla-dzieci-10-12-lat"],"_links":{"self":[{"href":"http:\/\/klubmamgdynia.pl\/index.php\/wp-json\/wp\/v2\/product\/10579","targetHints":{"allow":["GET"]}}],"collection":[{"href":"http:\/\/klubmamgdynia.pl\/index.php\/wp-json\/wp\/v2\/product"}],"about":[{"href":"http:\/\/klubmamgdynia.pl\/index.php\/wp-json\/wp\/v2\/types\/product"}],"replies":[{"embeddable":true,"href":"http:\/\/klubmamgdynia.pl\/index.php\/wp-json\/wp\/v2\/comments?post=10579"}],"wp:featuredmedia":[{"embeddable":true,"href":"http:\/\/klubmamgdynia.pl\/index.php\/wp-json\/wp\/v2\/media\/10580"}],"wp:attachment":[{"href":"http:\/\/klubmamgdynia.pl\/index.php\/wp-json\/wp\/v2\/media?parent=10579"}],"wp:term":[{"taxonomy":"product_cat","embeddable":true,"href":"http:\/\/klubmamgdynia.pl\/index.php\/wp-json\/wp\/v2\/product_cat?post=10579"},{"taxonomy":"product_tag","embeddable":true,"href":"http:\/\/klubmamgdynia.pl\/index.php\/wp-json\/wp\/v2\/product_tag?post=10579"}],"curies":[{"name":"wp","href":"https:\/\/api.w.org\/{rel}","templated":true}]}}