{"id":1058,"date":"2025-07-29T21:41:33","date_gmt":"2025-07-29T19:41:33","guid":{"rendered":"http:\/\/klubmamgdynia.pl\/?post_type=product&#038;p=1058"},"modified":"2026-04-28T12:05:17","modified_gmt":"2026-04-28T10:05:17","slug":"silverlit-exost-360-tornado-spheric-mx-20254","status":"publish","type":"product","link":"http:\/\/klubmamgdynia.pl\/index.php\/produkt\/silverlit-exost-360-tornado-spheric-mx-20254\/","title":{"rendered":"Silverlit Exost 360 Tornado Spheric Mx (20254)"},"content":{"rendered":"<p>SUPER CENA &#8211; TANIA DOSTAWA ! &#8211; sliverlit Silverlit Exost 360 Tornado Spheric MX &#8211; 20254 &#8211; PACZKOMAT, POCZTA, KURIER<\/p>\n<h2>Silverlit Exost 360 Tornado Spheric Mx (20254) Silverlit<\/h2>\n<p>co na prezent dla nastolatk\u00f3w, zagadki dla 8 latk\u00f3w, kolorowanki antystresowe, dzieci cytaty, dzie\u0144 nauczyciela cytaty, kr\u00f3tkie zagadki matematyczne z odpowiedziami, kolorowanka my little pony, szablon serce kolorowanka, bajka o biedronce, zyczenia walentynkowe dla dzieci, quizy dla dzieci z bajek, auto kolorowanka, kr\u00f3tkie czytanki dla dzieci do wydruku, test asiunia joanna papuzi\u0144ska, lego ninjago kolorowanka, imi\u0119 natan<\/p>\n<p>yyyyy<\/p>\n<p>&nbsp;<\/p>\n","protected":false},"excerpt":{"rendered":"<p>SUPER CENA &#8211; TANIA DOSTAWA ! &#8211; sliverlit Silverlit Exost 360 Tornado Spheric MX &#8211; 20254 &#8211; PACZKOMAT, POCZTA, KURIER Silverlit Exost 360 Tornado Spheric Mx (20254) Silverlit co na prezent dla nastolatk\u00f3w, zagadki dla 8 latk\u00f3w, kolorowanki antystresowe, dzieci cytaty, dzie\u0144 nauczyciela cytaty, kr\u00f3tkie zagadki matematyczne z odpowiedziami, kolorowanka my little pony, szablon serce [&hellip;]<\/p>\n","protected":false},"featured_media":1059,"comment_status":"closed","ping_status":"open","template":"","meta":[],"product_cat":[146,337],"product_tag":[833,671,852,620,762],"class_list":["post-1058","product","type-product","status-publish","has-post-thumbnail","hentry","product_cat-silverlit","product_cat-zabawki-zdalnie-sterowane","product_tag-bajki-dla-dzieci-do-czytania","product_tag-cicha-noc-po-angielsku-tekst","product_tag-jak-zrobic-samolot-z-papieru","product_tag-quiz-opowiesci-z-narnii","product_tag-trudne-zagadki-dla-dzieci"],"_links":{"self":[{"href":"http:\/\/klubmamgdynia.pl\/index.php\/wp-json\/wp\/v2\/product\/1058","targetHints":{"allow":["GET"]}}],"collection":[{"href":"http:\/\/klubmamgdynia.pl\/index.php\/wp-json\/wp\/v2\/product"}],"about":[{"href":"http:\/\/klubmamgdynia.pl\/index.php\/wp-json\/wp\/v2\/types\/product"}],"replies":[{"embeddable":true,"href":"http:\/\/klubmamgdynia.pl\/index.php\/wp-json\/wp\/v2\/comments?post=1058"}],"wp:featuredmedia":[{"embeddable":true,"href":"http:\/\/klubmamgdynia.pl\/index.php\/wp-json\/wp\/v2\/media\/1059"}],"wp:attachment":[{"href":"http:\/\/klubmamgdynia.pl\/index.php\/wp-json\/wp\/v2\/media?parent=1058"}],"wp:term":[{"taxonomy":"product_cat","embeddable":true,"href":"http:\/\/klubmamgdynia.pl\/index.php\/wp-json\/wp\/v2\/product_cat?post=1058"},{"taxonomy":"product_tag","embeddable":true,"href":"http:\/\/klubmamgdynia.pl\/index.php\/wp-json\/wp\/v2\/product_tag?post=1058"}],"curies":[{"name":"wp","href":"https:\/\/api.w.org\/{rel}","templated":true}]}}