{"id":10581,"date":"2011-10-24T05:29:34","date_gmt":"2011-10-24T03:29:34","guid":{"rendered":"http:\/\/klubmamgdynia.pl\/index.php\/produkt\/myriwell-prasowanka-koraliki-do-prasowania-zestaw-xxl-6000el-2\/"},"modified":"2026-04-04T04:35:41","modified_gmt":"2026-04-04T02:35:41","slug":"myriwell-prasowanka-koraliki-do-prasowania-zestaw-xxl-6000el-2","status":"publish","type":"product","link":"http:\/\/klubmamgdynia.pl\/index.php\/produkt\/myriwell-prasowanka-koraliki-do-prasowania-zestaw-xxl-6000el-2\/","title":{"rendered":"Myriwell Prasowanka Koraliki Do Prasowania Zestaw Xxl 6000El."},"content":{"rendered":"<p>Prasowanka Koraliki Do Prasowania 6000 szt. Zestaw<\/p>\n<h2>Myriwell Prasowanka Koraliki Do Prasowania Zestaw Xxl 6000El. <\/h2>\n<p>test z lektury asiunia joanna papuzi\u0144ska, zabawy miko\u0142ajkowe dla dzieci, imie gaja, prezent na dzie\u0144 dziecka dla nastolatk\u00f3w, traktor z przyczep\u0105 kolorowanka, quiz o usa, prezenty dla nastolatek, znaczenie imienia pola, jedzie poci\u0105g z daleka tekst, zagadki matematyczne dla przedszkolak\u00f3w, bajka do czytania o piesku, zagadki przyrodnicze, pia, zagadki logiczne dla dzieci, test z asiuni lektury, ach \u015bpij kochanie tekst, janusz, lidia imie, aurora imi\u0119<\/p>\n<p>yyyyy<\/p>\n<p>&nbsp;<\/p>\n","protected":false},"excerpt":{"rendered":"<p>Prasowanka Koraliki Do Prasowania 6000 szt. Zestaw Myriwell Prasowanka Koraliki Do Prasowania Zestaw Xxl 6000El. test z lektury asiunia joanna papuzi\u0144ska, zabawy miko\u0142ajkowe dla dzieci, imie gaja, prezent na dzie\u0144 dziecka dla nastolatk\u00f3w, traktor z przyczep\u0105 kolorowanka, quiz o usa, prezenty dla nastolatek, znaczenie imienia pola, jedzie poci\u0105g z daleka tekst, zagadki matematyczne dla przedszkolak\u00f3w, [&hellip;]<\/p>\n","protected":false},"featured_media":10582,"comment_status":"closed","ping_status":"open","template":"","meta":[],"product_cat":[21],"product_tag":[802,621,591],"class_list":["post-10581","product","type-product","status-publish","has-post-thumbnail","hentry","product_cat-zabawki-plastyczne","product_tag-co-kupic-dziewczynce-na-roczek","product_tag-prezenty-roczek","product_tag-quiz-o-minecraft"],"_links":{"self":[{"href":"http:\/\/klubmamgdynia.pl\/index.php\/wp-json\/wp\/v2\/product\/10581","targetHints":{"allow":["GET"]}}],"collection":[{"href":"http:\/\/klubmamgdynia.pl\/index.php\/wp-json\/wp\/v2\/product"}],"about":[{"href":"http:\/\/klubmamgdynia.pl\/index.php\/wp-json\/wp\/v2\/types\/product"}],"replies":[{"embeddable":true,"href":"http:\/\/klubmamgdynia.pl\/index.php\/wp-json\/wp\/v2\/comments?post=10581"}],"wp:featuredmedia":[{"embeddable":true,"href":"http:\/\/klubmamgdynia.pl\/index.php\/wp-json\/wp\/v2\/media\/10582"}],"wp:attachment":[{"href":"http:\/\/klubmamgdynia.pl\/index.php\/wp-json\/wp\/v2\/media?parent=10581"}],"wp:term":[{"taxonomy":"product_cat","embeddable":true,"href":"http:\/\/klubmamgdynia.pl\/index.php\/wp-json\/wp\/v2\/product_cat?post=10581"},{"taxonomy":"product_tag","embeddable":true,"href":"http:\/\/klubmamgdynia.pl\/index.php\/wp-json\/wp\/v2\/product_tag?post=10581"}],"curies":[{"name":"wp","href":"https:\/\/api.w.org\/{rel}","templated":true}]}}