{"id":10583,"date":"2020-03-13T11:58:30","date_gmt":"2020-03-13T10:58:30","guid":{"rendered":"http:\/\/klubmamgdynia.pl\/index.php\/produkt\/crayola-washimals-zestaw-z-wanna-zwierzatka\/"},"modified":"2026-04-03T23:00:29","modified_gmt":"2026-04-03T21:00:29","slug":"crayola-washimals-zestaw-z-wanna-zwierzatka","status":"publish","type":"product","link":"http:\/\/klubmamgdynia.pl\/index.php\/produkt\/crayola-washimals-zestaw-z-wanna-zwierzatka\/","title":{"rendered":"Crayola Washimals Zestaw Z Wann\u0105 Zwierz\u0105tka"},"content":{"rendered":"<p>Washimals Zestaw z wann\u0105 CRAYOLA.U\u017cywaj\u0105c zmywalnych marker\u00f3w kt\u00f3re znajdziesz w zestawie, mo\u017cesz uwolni\u0107 swoj\u0105 kreatywno\u015b\u0107. Masz mo\u017cliwo\u015b\u0107 tworzy\u0107 wiele nowych styl\u00f3w i przekszta\u0142ca\u0107 je w to, co chcesz.<\/p>\n<h2>Crayola Washimals Zestaw Z Wann\u0105 Zwierz\u0105tka Crayola<\/h2>\n<p>\u015bwi\u0119ty przemys\u0142aw, cytat na dzie\u0144 mamy, domki nad morzem z atrakcjami dla dzieci, wr\u00f3\u017cby andrzejkowe dla dzieci zawody, kawaly na prima aprilis, dzie\u0144 matki w\u0142asnor\u0119czny prezent dla mamy od dziecka, zak\u0142adka do ksi\u0105\u017cki szablon do druku, prezent dla nastolatk\u00f3w na \u015bwi\u0119ta, kolorowanki antystresowe do druku, koty rysunki, nauka zegara do druku, kolorowanki ninjago, dzieci z bullerbyn quiz, halloween dla dzieci warszawa 2021, czapka g\u00f3rnika kolorowanka, nauka zegara do druku, quiz z bajek, lego ninjago kolorowanka, bajki do czytania, ozdoby \u015bwi\u0105teczne do zrobienia z dzie\u0107mi<\/p>\n<p>yyyyy<\/p>\n<p>&nbsp;<\/p>\n","protected":false},"excerpt":{"rendered":"<p>Washimals Zestaw z wann\u0105 CRAYOLA.U\u017cywaj\u0105c zmywalnych marker\u00f3w kt\u00f3re znajdziesz w zestawie, mo\u017cesz uwolni\u0107 swoj\u0105 kreatywno\u015b\u0107. Masz mo\u017cliwo\u015b\u0107 tworzy\u0107 wiele nowych styl\u00f3w i przekszta\u0142ca\u0107 je w to, co chcesz. Crayola Washimals Zestaw Z Wann\u0105 Zwierz\u0105tka Crayola \u015bwi\u0119ty przemys\u0142aw, cytat na dzie\u0144 mamy, domki nad morzem z atrakcjami dla dzieci, wr\u00f3\u017cby andrzejkowe dla dzieci zawody, kawaly na [&hellip;]<\/p>\n","protected":false},"featured_media":10584,"comment_status":"closed","ping_status":"open","template":"","meta":[],"product_cat":[1913,21],"product_tag":[777,859,617,657],"class_list":["post-10583","product","type-product","status-publish","has-post-thumbnail","hentry","product_cat-crayola","product_cat-zabawki-plastyczne","product_tag-co-na-roczek","product_tag-dobranoc-pchly-na-noc","product_tag-keyword","product_tag-lol-kolorowanka"],"_links":{"self":[{"href":"http:\/\/klubmamgdynia.pl\/index.php\/wp-json\/wp\/v2\/product\/10583","targetHints":{"allow":["GET"]}}],"collection":[{"href":"http:\/\/klubmamgdynia.pl\/index.php\/wp-json\/wp\/v2\/product"}],"about":[{"href":"http:\/\/klubmamgdynia.pl\/index.php\/wp-json\/wp\/v2\/types\/product"}],"replies":[{"embeddable":true,"href":"http:\/\/klubmamgdynia.pl\/index.php\/wp-json\/wp\/v2\/comments?post=10583"}],"wp:featuredmedia":[{"embeddable":true,"href":"http:\/\/klubmamgdynia.pl\/index.php\/wp-json\/wp\/v2\/media\/10584"}],"wp:attachment":[{"href":"http:\/\/klubmamgdynia.pl\/index.php\/wp-json\/wp\/v2\/media?parent=10583"}],"wp:term":[{"taxonomy":"product_cat","embeddable":true,"href":"http:\/\/klubmamgdynia.pl\/index.php\/wp-json\/wp\/v2\/product_cat?post=10583"},{"taxonomy":"product_tag","embeddable":true,"href":"http:\/\/klubmamgdynia.pl\/index.php\/wp-json\/wp\/v2\/product_tag?post=10583"}],"curies":[{"name":"wp","href":"https:\/\/api.w.org\/{rel}","templated":true}]}}